{"id":10432,"date":"2021-08-23T09:36:29","date_gmt":"2021-08-23T09:36:29","guid":{"rendered":"https:\/\/ritosa.click.si\/?post_type=product&#038;p=10432"},"modified":"2026-03-27T18:10:13","modified_gmt":"2026-03-27T17:10:13","slug":"roces-skiro-205mm-voov-2-0-modra","status":"publish","type":"product","link":"https:\/\/ritosa.click.si\/it\/negozio\/skiroji\/klasicni-skiroji\/roces-skiro-205mm-voov-2-0-modra\/","title":{"rendered":"Monopattino Frenzy 205mm"},"content":{"rendered":"<div id=\"product.info.description\" class=\"data item content\">\n<div id=\"tw-target-text-container\" class=\"tw-ta-container F0azHf tw-nfl\">\n<p>Frenzy 205mm Dual Brake V4 je bil ponovno dele\u017een izbolj\u0161av in zdaj vklju\u010duje Frenzyjev eleganten sistem zlaganja s kablom na krmilu, vrhunska 205 mm kolesa v kombinaciji s \u0161iroko Frenzy sponko proti zibanju in upognjenimi krmili, kar vse skupaj zagotavlja gladko vo\u017enjo in popoln skiro za mestno vo\u017enjo. \u0160e vedno vklju\u010duje Frenzyjev dvojni zavorni sistem z ro\u010dno in no\u017eno zavoro ter trpe\u017een premium eloksiran zaklju\u010dek. Skiro je opremljen s stabilnim stranskim stojalom in odstranljivim nosilnim trakom za la\u017eji transport.<\/p>\n<div class=\"group\/conversation-turn relative flex w-full min-w-0 flex-col agent-turn\">\n<div class=\"flex-col gap-1 md:gap-3\">\n<div class=\"flex max-w-full flex-col flex-grow\">\n<div class=\"min-h-[20px] text-message flex w-full flex-col items-end gap-2 break-words [.text-message+&amp;]:mt-5 overflow-x-auto whitespace-normal\" dir=\"auto\" data-message-author-role=\"assistant\" data-message-id=\"dd56b490-a8c3-44db-84ee-27baa75be320\">\n<div class=\"flex w-full flex-col gap-1 empty:hidden first:pt-[3px]\">\n<div class=\"markdown prose w-full break-words dark:prose-invert light\">\n<p>Specifikacije Splo\u0161ne specifikacije:<\/p>\n<ul>\n<li>Nastavljivo in \u0161iroko krmilo s sponko proti zibanju na zgornjem delu krmila<\/li>\n<li>Eleganten sistem zlaganja s kablom<\/li>\n<li>Udobni ro\u010daji krmila<\/li>\n<li>\u0160iroko ukrivljeno T-krmilo s teleskopsko aluminijasto cevjo<\/li>\n<li>Oja\u010dana toplotno obdelana vilica s plasti\u010dnim blatnikom<\/li>\n<li>Stabilno stransko stojalo in odstranljiv nosilni trak<\/li>\n<li>Kolesa 205 mm x 30 mm 82A PU<\/li>\n<li>Gladko delujo\u010di le\u017eaji Abec-7<\/li>\n<li>Izvle\u010den in lahek blatnik z zadnjo aluminijasto no\u017eno zavoro<\/li>\n<li>Dvojni zavorni sistem z ro\u010dno in no\u017eno zavoro<\/li>\n<li>Minimalna vi\u0161ina: 90 cm<\/li>\n<li>Maksimalna vi\u0161ina: 100 cm<\/li>\n<li>Dol\u017eina: 96 cm<\/li>\n<li>\u0160irina: 49 cm<\/li>\n<li>Te\u017ea izdelka: 5,30 kg<\/li>\n<li>Najve\u010dja te\u017ea uporabnika: 100 kg<\/li>\n<\/ul>\n<\/div>\n<\/div>\n<\/div>\n<\/div>\n<\/div>\n<\/div>\n<\/div>\n<div class=\"product attribute description\">\n<div class=\"value\"><b>Opozorilo!<\/b>\u00a0Pri uporabi je potrebno nositi za\u0161\u010ditno opremo (\u010delado, \u0161\u010ditnike, rokavice).<br \/>\n&#8211; Izdelek je igra\u010da in ni namenjen uporabi v javnem prometu ker ni prirejen za javni promet.<br \/>\n<strong>&#8211; Opozorilo!<\/strong> Izdelka naj ne uporabljajo otroci, mlaj\u0161i od 36 mesecev, ker izdelek vsebuje majhne delce in lahko pride do zadu\u0161itve.<\/div>\n<\/div>\n<\/div>\n","protected":false},"excerpt":{"rendered":"<p>Monopattino pieghevole Frenzy 205mm<\/p>","protected":false},"featured_media":22568,"template":"","meta":{"_acf_changed":false,"inline_featured_image":false},"product_brand":[],"product_cat":[651,495],"product_tag":[1005,1412,1411,1410],"class_list":{"0":"post-10432","1":"product","2":"type-product","3":"status-publish","4":"has-post-thumbnail","6":"product_cat-klasicni-skiroji","7":"product_cat-skiroji","8":"product_tag-otroski-skiro","9":"product_tag-skiro-frenzy","10":"product_tag-skiro-frenzy-205mm","11":"product_tag-zlozljivi-skiro-frenzy-205mm","13":"first","14":"instock","15":"sale","16":"taxable","17":"shipping-taxable","18":"purchasable","19":"product-type-simple"},"acf":[],"_links":{"self":[{"href":"https:\/\/ritosa.click.si\/it\/wp-json\/wp\/v2\/product\/10432","targetHints":{"allow":["GET"]}}],"collection":[{"href":"https:\/\/ritosa.click.si\/it\/wp-json\/wp\/v2\/product"}],"about":[{"href":"https:\/\/ritosa.click.si\/it\/wp-json\/wp\/v2\/types\/product"}],"wp:featuredmedia":[{"embeddable":true,"href":"https:\/\/ritosa.click.si\/it\/wp-json\/wp\/v2\/media\/22568"}],"wp:attachment":[{"href":"https:\/\/ritosa.click.si\/it\/wp-json\/wp\/v2\/media?parent=10432"}],"wp:term":[{"taxonomy":"product_brand","embeddable":true,"href":"https:\/\/ritosa.click.si\/it\/wp-json\/wp\/v2\/product_brand?post=10432"},{"taxonomy":"product_cat","embeddable":true,"href":"https:\/\/ritosa.click.si\/it\/wp-json\/wp\/v2\/product_cat?post=10432"},{"taxonomy":"product_tag","embeddable":true,"href":"https:\/\/ritosa.click.si\/it\/wp-json\/wp\/v2\/product_tag?post=10432"}],"curies":[{"name":"parola chiave","href":"https:\/\/api.w.org\/{rel}","templated":true}]}}