{"id":10242,"date":"2021-05-24T12:49:06","date_gmt":"2021-05-24T12:49:06","guid":{"rendered":"https:\/\/ritosa.click.si\/?post_type=product&#038;p=10242"},"modified":"2026-04-04T10:05:20","modified_gmt":"2026-04-04T08:05:20","slug":"rolerji-wenox-top-lady-gold-100","status":"publish","type":"product","link":"https:\/\/ritosa.click.si\/it\/negozio\/rolerji\/odrasli-rolerji\/rolerji-wenox-top-lady-gold-100\/","title":{"rendered":"Rolerji Tempish WENOX TOP 100 LADY"},"content":{"rendered":"<p>Eleganti pattini a rotelle da fitness che presentano le ultime tendenze e tecnologie del pattinaggio a rotelle da fitness.<\/p>\n<p>I pattini in linea sono pensati per i pattinatori pi\u00f9 esperti.<\/p>\n<p>Il telaio a 3 ruote con una dimensione massima di 100 mm consente una pattinata comoda e veloce anche su lunghe distanze.<\/p>\n<p>Il carrello di atterraggio \u00e8 relativamente corto, il che rende pi\u00f9 facile manovrare quando \u00e8 necessario cambiare rapidamente la direzione del rollio.<\/p>\n<p>La comoda soletta \u00e8 composta da due parti: la parte esterna, pi\u00f9 rigida, aderisce bene al piede e fornisce supporto, mentre la soletta interna, pi\u00f9 morbida, offre comfort.<\/p>\n<p>I pattini a rotelle sono dotati di elementi luminosi che ne garantiscono la visibilit\u00e0 in caso di maltempo.<\/p>\n<p>Un moderno sistema di allacciatura consente di stringere e allentare le scarpe in modo rapido ed efficiente.<\/p>\n<p>Taglie: 37-42<\/p>\n<div class=\"data-table\">\n<dl class=\"data-sheet\">\n<dt class=\"name\"><\/dt>\n<\/dl>\n<table class=\"attributes dl-horizontal\">\n<tbody>\n<tr class=\"odd\">\n<td id=\"attrTitle_1\" class=\"attribute-label\" title=\"Colore\" colspan=\"1\">Colore<\/td>\n<td id=\"attrValue_1\" class=\"attribute-data\" colspan=\"2\">oro<\/td>\n<\/tr>\n<tr class=\"even\">\n<td id=\"attrTitle_2\" class=\"attribute-label\" title=\"Genere\" colspan=\"1\">Genere<\/td>\n<td id=\"attrValue_2\" class=\"attribute-data\" colspan=\"2\">Donne<\/td>\n<\/tr>\n<tr class=\"odd\">\n<td id=\"attrTitle_3\" class=\"attribute-label\" title=\"Cuscinetto\" colspan=\"1\">Cuscinetto<\/td>\n<td id=\"attrValue_3\" class=\"attribute-data\" colspan=\"2\">ABEC 9<\/td>\n<\/tr>\n<tr class=\"even\">\n<td id=\"attrTitle_4\" class=\"attribute-label\" title=\"Serratura\" colspan=\"1\">Serratura<\/td>\n<td id=\"attrValue_4\" class=\"attribute-data\" colspan=\"2\">Sistema di allacciatura, Schnalle, Klettverschluss<\/td>\n<\/tr>\n<tr class=\"odd\">\n<td id=\"attrTitle_5\" class=\"attribute-label\" title=\"Telaio\" colspan=\"1\">Telaio<\/td>\n<td id=\"attrValue_5\" class=\"attribute-data\" colspan=\"2\">3 ruote<\/td>\n<\/tr>\n<tr class=\"even\">\n<td id=\"attrTitle_6\" class=\"attribute-label\" title=\"Dimensioni della ruota\" colspan=\"1\">Dimensioni della ruota<\/td>\n<td id=\"attrValue_6\" class=\"attribute-data\" colspan=\"2\">100 millimetri<\/td>\n<\/tr>\n<\/tbody>\n<\/table>\n<\/div>","protected":false},"excerpt":{"rendered":"<p>Rolerji Tempish WENOX TOP 100 LADY &#8211; gold<\/p>","protected":false},"featured_media":10245,"template":"","meta":{"_acf_changed":false,"inline_featured_image":false},"product_brand":[1219],"product_cat":[584],"product_tag":[1201],"class_list":{"0":"post-10242","1":"product","2":"type-product","3":"status-publish","4":"has-post-thumbnail","6":"product_brand-tempish","7":"product_cat-odrasli-rolerji","8":"product_tag-outlet","9":"pa_velikost-737","10":"pa_velikost-742","11":"pa_velikost-41-2","13":"first","14":"instock","15":"sale","16":"taxable","17":"shipping-taxable","18":"purchasable","19":"product-type-variable"},"acf":[],"_links":{"self":[{"href":"https:\/\/ritosa.click.si\/it\/wp-json\/wp\/v2\/product\/10242","targetHints":{"allow":["GET"]}}],"collection":[{"href":"https:\/\/ritosa.click.si\/it\/wp-json\/wp\/v2\/product"}],"about":[{"href":"https:\/\/ritosa.click.si\/it\/wp-json\/wp\/v2\/types\/product"}],"wp:featuredmedia":[{"embeddable":true,"href":"https:\/\/ritosa.click.si\/it\/wp-json\/wp\/v2\/media\/10245"}],"wp:attachment":[{"href":"https:\/\/ritosa.click.si\/it\/wp-json\/wp\/v2\/media?parent=10242"}],"wp:term":[{"taxonomy":"product_brand","embeddable":true,"href":"https:\/\/ritosa.click.si\/it\/wp-json\/wp\/v2\/product_brand?post=10242"},{"taxonomy":"product_cat","embeddable":true,"href":"https:\/\/ritosa.click.si\/it\/wp-json\/wp\/v2\/product_cat?post=10242"},{"taxonomy":"product_tag","embeddable":true,"href":"https:\/\/ritosa.click.si\/it\/wp-json\/wp\/v2\/product_tag?post=10242"}],"curies":[{"name":"parola chiave","href":"https:\/\/api.w.org\/{rel}","templated":true}]}}