{"id":10231,"date":"2021-05-24T12:24:59","date_gmt":"2021-05-24T12:24:59","guid":{"rendered":"https:\/\/ritosa.click.si\/?post_type=product&#038;p=10231"},"modified":"2026-04-04T10:13:49","modified_gmt":"2026-04-04T08:13:49","slug":"rolerji-wenox-top-100","status":"publish","type":"product","link":"https:\/\/ritosa.click.si\/it\/negozio\/rolerji\/odrasli-rolerji\/rolerji-wenox-top-100\/","title":{"rendered":"Rolerji Tempish WENOX TOP 100"},"content":{"rendered":"<p>Eleganti pattini a rotelle da fitness che presentano le ultime tendenze e tecnologie del pattinaggio a rotelle da fitness.<\/p>\n<p>I pattini in linea sono pensati per i pattinatori pi\u00f9 esperti.<\/p>\n<p>Il telaio a 3 ruote con una dimensione massima di 100 mm consente una pattinata comoda e veloce anche su lunghe distanze.<\/p>\n<p>Il carrello di atterraggio \u00e8 relativamente corto, il che rende pi\u00f9 facile manovrare quando \u00e8 necessario cambiare rapidamente la direzione del rollio.<\/p>\n<p>La comoda soletta \u00e8 composta da due parti: la parte esterna, pi\u00f9 rigida, aderisce bene al piede e fornisce supporto, mentre la soletta interna, pi\u00f9 morbida, offre comfort.<\/p>\n<p>I pattini a rotelle sono dotati di elementi luminosi che ne garantiscono la visibilit\u00e0 in caso di maltempo.<\/p>\n<p>Un moderno sistema di allacciatura consente di stringere e allentare le scarpe in modo rapido ed efficiente.<\/p>\n<p>Taglie: 39-45<\/p>\n<div class=\"data-table\">\n<dl class=\"data-sheet\">\n<dt class=\"name\">Shell: PE \/ NYLON, two-part, anatomical space of the skeleton for ankle, higher reinforced structure.<\/dt>\n<dt class=\"name\">Inner material: Reinforced NYLON \/ NYLEX, anatomic, material with memory, reinforced on the outside, soft lining around the Achilles tendon, anatomic insole<\/dt>\n<dt class=\"name\">Chassis: Chassis made of aluminum alloy, fixed attachment system to the skeleton.<\/dt>\n<dt class=\"name\">Wheel type: RADICAL PU Casting (PUC), Super Hi-Rebound (SHR), high quality wheels<\/dt>\n<dt class=\"name\">Diameter of the wheel:100 mm<\/dt>\n<dt class=\"name\">Wheel hardness: 85A<\/dt>\n<dt class=\"name\">Bearings: ABEC 9 chrome steel+rubber washer<\/dt>\n<dt class=\"name\">Brake: Yes<\/dt>\n<dt class=\"name\">Fastening system: FitGo system, 1x buckle, 1x velcro strap<\/dt>\n<dd class=\"value\"><\/dd>\n<\/dl>\n<\/div>","protected":false},"excerpt":{"rendered":"<p>Rolerji Tempish WENOX TOP 100<\/p>","protected":false},"featured_media":10235,"template":"","meta":{"_acf_changed":false,"inline_featured_image":false},"product_brand":[1219],"product_cat":[584],"product_tag":[1201],"class_list":{"0":"post-10231","1":"product","2":"type-product","3":"status-publish","4":"has-post-thumbnail","6":"product_brand-tempish","7":"product_cat-odrasli-rolerji","8":"product_tag-outlet","9":"pa_velikost-766","11":"first","12":"instock","13":"sale","14":"taxable","15":"shipping-taxable","16":"purchasable","17":"product-type-variable"},"acf":[],"_links":{"self":[{"href":"https:\/\/ritosa.click.si\/it\/wp-json\/wp\/v2\/product\/10231","targetHints":{"allow":["GET"]}}],"collection":[{"href":"https:\/\/ritosa.click.si\/it\/wp-json\/wp\/v2\/product"}],"about":[{"href":"https:\/\/ritosa.click.si\/it\/wp-json\/wp\/v2\/types\/product"}],"wp:featuredmedia":[{"embeddable":true,"href":"https:\/\/ritosa.click.si\/it\/wp-json\/wp\/v2\/media\/10235"}],"wp:attachment":[{"href":"https:\/\/ritosa.click.si\/it\/wp-json\/wp\/v2\/media?parent=10231"}],"wp:term":[{"taxonomy":"product_brand","embeddable":true,"href":"https:\/\/ritosa.click.si\/it\/wp-json\/wp\/v2\/product_brand?post=10231"},{"taxonomy":"product_cat","embeddable":true,"href":"https:\/\/ritosa.click.si\/it\/wp-json\/wp\/v2\/product_cat?post=10231"},{"taxonomy":"product_tag","embeddable":true,"href":"https:\/\/ritosa.click.si\/it\/wp-json\/wp\/v2\/product_tag?post=10231"}],"curies":[{"name":"parola chiave","href":"https:\/\/api.w.org\/{rel}","templated":true}]}}