{"id":10204,"date":"2021-05-11T13:17:18","date_gmt":"2021-05-11T13:17:18","guid":{"rendered":"https:\/\/ritosa.click.si\/?post_type=product&#038;p=10204"},"modified":"2026-03-30T09:03:06","modified_gmt":"2026-03-30T07:03:06","slug":"tricikel-za-odrasle-20-s-kosaro","status":"publish","type":"product","link":"https:\/\/ritosa.click.si\/it\/negozio\/invalidski-pripomocki\/tricikli\/tricikel-za-odrasle-20-s-kosaro\/","title":{"rendered":"Triciclo per adulti da 20&quot; con cestino"},"content":{"rendered":"<ul>\n<li data-start=\"323\" data-end=\"609\">Il triciclo \u00e8 dotato di un sedile anatomico per una seduta confortevole, di un ampio cestino posteriore per facilitare il trasporto e di catarifrangenti e luci per una maggiore sicurezza.<\/li>\n<li>Verniciato con vernice anticorrosione, mentre i cerchi e i raggi sono resistenti.<\/li>\n<li>Il modello \u00e8 dotato di differenziale per una maggiore stabilit\u00e0 e una migliore sterzata.<\/li>\n<li>Per facilitarne il trasporto, il triciclo pu\u00f2 essere smontato in due parti.<\/li>\n<li>Capacit\u00e0 di carico (peso massimo del conducente): 130 kg,<\/li>\n<li>Peso: 31 kg<\/li>\n<\/ul>\n<p>Triciclo per bambini e adulti da 140 cm a 185 cm<\/p>","protected":false},"excerpt":{"rendered":"<p data-start=\"87\" data-end=\"164\">Triciclo da 20\u2033 con differenziale \u2013 per anziani e persone con difficolt\u00e0 di deambulazione.<\/p>\n<p data-start=\"166\" data-end=\"321\">Questo stabile triciclo \u00e8 adatto a tutte le corporature e garantisce una guida sicura e confortevole anche a chi ha difficolt\u00e0 di equilibrio o di deambulazione. Il telaio in metallo si piega a met\u00e0 per un facile stoccaggio e trasporto. Una scelta perfetta per chi cerca stabilit\u00e0, comfort e praticit\u00e0 nell\u2019uso quotidiano o durante le escursioni.<\/p>","protected":false},"featured_media":10207,"template":"","meta":{"_acf_changed":false,"inline_featured_image":false,"_monsterinsights_skip_tracking":false,"_monsterinsights_sitenote_active":false,"_monsterinsights_sitenote_note":"","_monsterinsights_sitenote_category":0},"product_brand":[],"product_cat":[496],"product_tag":[],"class_list":{"0":"post-10204","1":"product","2":"type-product","3":"status-publish","4":"has-post-thumbnail","6":"product_cat-tricikli","7":"pa_barva-modra","8":"pa_barva-rdeca","10":"first","11":"onbackorder","12":"taxable","13":"shipping-taxable","14":"purchasable","15":"product-type-variable"},"acf":[],"aioseo_notices":[],"_links":{"self":[{"href":"https:\/\/ritosa.click.si\/it\/wp-json\/wp\/v2\/product\/10204","targetHints":{"allow":["GET"]}}],"collection":[{"href":"https:\/\/ritosa.click.si\/it\/wp-json\/wp\/v2\/product"}],"about":[{"href":"https:\/\/ritosa.click.si\/it\/wp-json\/wp\/v2\/types\/product"}],"wp:featuredmedia":[{"embeddable":true,"href":"https:\/\/ritosa.click.si\/it\/wp-json\/wp\/v2\/media\/10207"}],"wp:attachment":[{"href":"https:\/\/ritosa.click.si\/it\/wp-json\/wp\/v2\/media?parent=10204"}],"wp:term":[{"taxonomy":"product_brand","embeddable":true,"href":"https:\/\/ritosa.click.si\/it\/wp-json\/wp\/v2\/product_brand?post=10204"},{"taxonomy":"product_cat","embeddable":true,"href":"https:\/\/ritosa.click.si\/it\/wp-json\/wp\/v2\/product_cat?post=10204"},{"taxonomy":"product_tag","embeddable":true,"href":"https:\/\/ritosa.click.si\/it\/wp-json\/wp\/v2\/product_tag?post=10204"}],"curies":[{"name":"parola chiave","href":"https:\/\/api.w.org\/{rel}","templated":true}]}}