{"id":10142,"date":"2021-04-07T15:56:56","date_gmt":"2021-04-07T15:56:56","guid":{"rendered":"https:\/\/ritosa.click.si\/?post_type=product&#038;p=10142"},"modified":"2025-07-21T18:21:24","modified_gmt":"2025-07-21T16:21:24","slug":"poganjalec-cruzee-z-belimi-kolesi","status":"publish","type":"product","link":"https:\/\/ritosa.click.si\/it\/negozio\/kolesarstvo\/kolesa\/otroska-kolesa\/otroski-poganjalci\/poganjalec-cruzee-z-belimi-kolesi\/","title":{"rendered":"Bici senza pedali Cruzee (con ruote bianche)"},"content":{"rendered":"<p>Cruzee \u00e8 un veicolo cavalcabile innovativo ed esteticamente gradevole, perfetto per i pi\u00f9 piccoli che imparano a guidare. \u00c8 progettato per il gioco e si adatta alla crescita del bambino per garantire un&#039;esperienza di guida sicura e piacevole.<\/p>\n<p><strong>Caratteristiche principali:<\/strong><\/p>\n<ul>\n<li><strong>Estremamente leggero:<\/strong>\u00a0Pesa solo 1,9 kg, il che lo rende uno degli scooter pi\u00f9 leggeri: i bambini possono usarlo e trasportarlo facilmente.<\/li>\n<li><strong>Misura regolabile:<\/strong>\u00a0Altezza del sedile e del manubrio regolabile: si adatta a diverse altezze e cresce con il bambino.<\/li>\n<li><strong>Durevole:<\/strong>\u00a0Il telaio in alluminio antiruggine garantisce una lunga durata.<\/li>\n<li><strong>Comfort e sicurezza:<\/strong>\u00a0Le impugnature morbide su tutta la larghezza del manubrio e il sedile imbottito garantiscono una guida confortevole. Il profilo basso consente al bambino di appoggiare entrambi i piedi a terra, garantendo maggiore stabilit\u00e0 e sicurezza.<\/li>\n<li><strong>Senza manutenzione:<\/strong>\u00a0Ruote in schiuma EVA antiforatura e senza manutenzione: la scelta perfetta per genitori spensierati.<\/li>\n<\/ul>\n<p>Adatta ai bambini da 1,5 a 5 anni, la Cruzee sviluppa l&#039;equilibrio e la coordinazione e facilita il passaggio a una vera bicicletta.<\/p>\n<p><strong>AVVERTENZE<\/strong><\/p>\n<ul>\n<li><strong><em>\u00c8 obbligatorio indossare dispositivi di protezione individuale (casco, polsiere, gomitiere e ginocchiere).<\/em><\/strong><\/li>\n<li><strong><em>L&#039;articolo non \u00e8 adatto all&#039;uso nel traffico!<\/em><\/strong><\/li>\n<li><strong><em>Prima dell&#039;uso, leggere attentamente le istruzioni per l&#039;uso e le avvertenze.<\/em><\/strong><\/li>\n<li><strong><em>Giocattolo<\/em>\u00a0<em>usare con cautela poich\u00e9 richiede molta abilit\u00e0 per evitare cadute o collisioni,\u00a0<\/em><em>che potrebbero causare lesioni all&#039;utente o a terzi.<\/em><\/strong><\/li>\n<\/ul>\n<h5><\/h5>","protected":false},"excerpt":{"rendered":"<p>Il monopattino per bambini Cruzee \u00e8 estremamente leggero e resistente, progettato per bambini dai 18 mesi ai 5 anni. Con sedile e manubrio regolabili, telaio in alluminio antiruggine e pneumatici in schiuma EVA che non richiedono manutenzione, garantisce una guida sicura, divertente e spensierata, e favorisce lo sviluppo di equilibrio e coordinazione, per un passaggio pi\u00f9 facile alla bici a pedali.<\/p>","protected":false},"featured_media":10144,"template":"","meta":{"_acf_changed":false,"inline_featured_image":false,"_monsterinsights_skip_tracking":false,"_monsterinsights_sitenote_active":false,"_monsterinsights_sitenote_note":"","_monsterinsights_sitenote_category":0},"product_brand":[1204],"product_cat":[566],"product_tag":[1198,1202,1007],"class_list":{"0":"post-10142","1":"product","2":"type-product","3":"status-publish","4":"has-post-thumbnail","6":"product_brand-cruzee","7":"product_cat-otroski-poganjalci","8":"product_tag-otroci","9":"product_tag-otroska-kolesa","10":"product_tag-otrosko-kolo","11":"pa_barva-viola","13":"first","14":"instock","15":"sale","16":"taxable","17":"shipping-taxable","18":"purchasable","19":"product-type-variable"},"acf":[],"aioseo_notices":[],"_links":{"self":[{"href":"https:\/\/ritosa.click.si\/it\/wp-json\/wp\/v2\/product\/10142","targetHints":{"allow":["GET"]}}],"collection":[{"href":"https:\/\/ritosa.click.si\/it\/wp-json\/wp\/v2\/product"}],"about":[{"href":"https:\/\/ritosa.click.si\/it\/wp-json\/wp\/v2\/types\/product"}],"wp:featuredmedia":[{"embeddable":true,"href":"https:\/\/ritosa.click.si\/it\/wp-json\/wp\/v2\/media\/10144"}],"wp:attachment":[{"href":"https:\/\/ritosa.click.si\/it\/wp-json\/wp\/v2\/media?parent=10142"}],"wp:term":[{"taxonomy":"product_brand","embeddable":true,"href":"https:\/\/ritosa.click.si\/it\/wp-json\/wp\/v2\/product_brand?post=10142"},{"taxonomy":"product_cat","embeddable":true,"href":"https:\/\/ritosa.click.si\/it\/wp-json\/wp\/v2\/product_cat?post=10142"},{"taxonomy":"product_tag","embeddable":true,"href":"https:\/\/ritosa.click.si\/it\/wp-json\/wp\/v2\/product_tag?post=10142"}],"curies":[{"name":"parola chiave","href":"https:\/\/api.w.org\/{rel}","templated":true}]}}