{"id":10137,"date":"2021-04-06T11:54:55","date_gmt":"2021-04-06T11:54:55","guid":{"rendered":"https:\/\/ritosa.click.si\/?post_type=product&#038;p=10137"},"modified":"2026-03-27T18:18:13","modified_gmt":"2026-03-27T17:18:13","slug":"tempish-ventus-mine","status":"publish","type":"product","link":"https:\/\/ritosa.click.si\/it\/negozio\/skiroji\/freestyle-skiroji\/tempish-ventus-mine\/","title":{"rendered":"Tempish Ventus Mine"},"content":{"rendered":"<p>Ventus Mine \u00e8 un monopattino freestyle per bambini con ruota anteriore da 120 mm e ruota posteriore da 100 mm. Le ruote sono dure 85A. Il morsetto o la testa del monopattino ha 3 viti. Il manubrio \u00e8 lungo 580x500 mm e ha manopole in TPR da 100 mm. La pedana del monopattino \u00e8 in alluminio e il manubrio \u00e8 in acciaio.<\/p>\n<ul>\n<li><strong>Materiale:<\/strong> Alluminio + acciaio<\/li>\n<li><strong>Cuscinetti:<\/strong> ABEC 9<\/li>\n<li><strong>Freno: <\/strong>S\u00cc<\/li>\n<li><strong>Ruote: <\/strong>120\/100mm<\/li>\n<li><strong>Lunghezza della superficie di appoggio:<\/strong>\u00a042 centimetri<\/li>\n<li><strong>Larghezza della superficie di appoggio:<\/strong> 11 centimetri<\/li>\n<li><strong>Altezza del manubrio:<\/strong>\u00a050 centimetri<\/li>\n<li><strong>Larghezza del manubrio:<\/strong>\u00a043 centimetri<\/li>\n<li><strong>Peso:<\/strong> 3,2 kg<\/li>\n<li><strong>Peso massimo consentito:<\/strong> 60 chili<\/li>\n<\/ul>\n<p><strong>Avvertimento!<\/strong>\u00a0Durante l&#039;uso \u00e8 obbligatorio indossare dispositivi di protezione individuale (casco, scudi, guanti).<br \/>\n\u2013 Il prodotto \u00e8 un giocattolo e non \u00e8 destinato all\u2019uso sui mezzi pubblici perch\u00e9 non \u00e8 adatto al trasporto pubblico.<br \/>\n<strong>Avvertimento!<\/strong> Il prodotto non deve essere utilizzato da bambini di et\u00e0 inferiore a 36 mesi perch\u00e9 contiene piccole parti che potrebbero rappresentare un rischio di soffocamento.<\/p>","protected":false},"excerpt":{"rendered":"<p>Ventus Mine \u00e8 un monopattino freestyle per bambini<\/p>","protected":false},"featured_media":10138,"template":"","meta":{"_acf_changed":false,"inline_featured_image":false},"product_brand":[1219],"product_cat":[652,495],"product_tag":[1353,1198,1011,1352,1012,1354],"class_list":{"0":"post-10137","1":"product","2":"type-product","3":"status-publish","4":"has-post-thumbnail","6":"product_brand-tempish","7":"product_cat-freestyle-skiroji","8":"product_cat-skiroji","9":"product_tag-freestyle-skiro","10":"product_tag-otroci","11":"product_tag-skiro","12":"product_tag-skiro-za-skakat","13":"product_tag-skiro-za-trike","14":"product_tag-tempish-skiro","16":"first","17":"instock","18":"sale","19":"taxable","20":"shipping-taxable","21":"purchasable","22":"product-type-simple"},"acf":[],"_links":{"self":[{"href":"https:\/\/ritosa.click.si\/it\/wp-json\/wp\/v2\/product\/10137","targetHints":{"allow":["GET"]}}],"collection":[{"href":"https:\/\/ritosa.click.si\/it\/wp-json\/wp\/v2\/product"}],"about":[{"href":"https:\/\/ritosa.click.si\/it\/wp-json\/wp\/v2\/types\/product"}],"wp:featuredmedia":[{"embeddable":true,"href":"https:\/\/ritosa.click.si\/it\/wp-json\/wp\/v2\/media\/10138"}],"wp:attachment":[{"href":"https:\/\/ritosa.click.si\/it\/wp-json\/wp\/v2\/media?parent=10137"}],"wp:term":[{"taxonomy":"product_brand","embeddable":true,"href":"https:\/\/ritosa.click.si\/it\/wp-json\/wp\/v2\/product_brand?post=10137"},{"taxonomy":"product_cat","embeddable":true,"href":"https:\/\/ritosa.click.si\/it\/wp-json\/wp\/v2\/product_cat?post=10137"},{"taxonomy":"product_tag","embeddable":true,"href":"https:\/\/ritosa.click.si\/it\/wp-json\/wp\/v2\/product_tag?post=10137"}],"curies":[{"name":"parola chiave","href":"https:\/\/api.w.org\/{rel}","templated":true}]}}