{"id":10052,"date":"2021-03-19T16:24:36","date_gmt":"2021-03-19T16:24:36","guid":{"rendered":"https:\/\/ritosa.click.si\/?post_type=product&#038;p=10052"},"modified":"2026-03-23T11:43:46","modified_gmt":"2026-03-23T10:43:46","slug":"rog-pony-classic-bel","status":"publish","type":"product","link":"https:\/\/ritosa.click.si\/it\/negozio\/kolesarstvo\/kolesa\/rog-pony-kolesa\/classic\/rog-pony-classic-bel\/","title":{"rendered":"Rog PONY CLASSIC \u2013 bianco"},"content":{"rendered":"<p>Un mondo completamente nuovo si apre su due ruote. Niente pi\u00f9 attese nel traffico, gas di scarico e strade chiuse. Sorpassa i tuoi colleghi, risparmia tempo e fai un giro con il Pony riprogettato.<\/p>\n<p><strong>Specifiche della bici:<\/strong><\/p>\n<ul class=\"technical-specifications\">\n<li><strong>Telaio:<\/strong> <i>Al6061, telaio pieghevole con portapacchi<\/i><\/li>\n<li><strong>Forcella:<\/strong> <i>Al6061, profilato con attacchi per freni a V, 1 1\/8\"<\/i><\/li>\n<li><strong>Serie sterzo:<\/strong> <i>Neco H112N, serie sterzo semi-integrata con filetto 1 1\/8\"<\/i><\/li>\n<li><strong>Movimento centrale:<\/strong> <i>Sturmey Archer, movimento centrale integrato BSA da 68 mm, perno a quattro lati<\/i><\/li>\n<li><strong>Guarnitura:<\/strong> <i>Sturmey Archer FCS441, catena 1\/2 x 1\/8, 44 denti, pedivelle da 170 mm<\/i><\/li>\n<li><strong>Attacco manubrio:<\/strong> <i>Al6061, \u00d825,4 mm x 300 mm<\/i><\/li>\n<li><strong>Manubrio:<\/strong> <i>Al6061, larghezza 660 mm, altezza 200 mm<\/i><\/li>\n<li><strong>Leve dei freni:<\/strong> <i>Promax<\/i><\/li>\n<li><strong>Freni:<\/strong> <i>Promax TX-121<\/i><\/li>\n<li><strong>Cavi:<\/strong> <i>Jagwire<\/i><\/li>\n<li><strong>Sella:<\/strong> <i>Sele San Remo Vienna<\/i><\/li>\n<li><strong>Reggisella:<\/strong> <i>Al6061, \u00d833,9 mm x 400 mm<\/i><\/li>\n<li><strong>Mozzo anteriore:<\/strong> <i>Shimano AHBTX500<\/i><\/li>\n<li><strong>Mozzo posteriore:<\/strong> <i>Sturmey Archer S1C<\/i><\/li>\n<li><strong>Cerchi:<\/strong> <i>Nepal<\/i><\/li>\n<li><strong>Copertoni:<\/strong> <i>Kenda<\/i><\/li>\n<li><strong>Catena:<\/strong> <i>KMC, 1\/2- 1\/8<\/i><\/li>\n<li><strong>Pedali:<\/strong> <i>Componenti VP -628<\/i><\/li>\n<li><strong>Luci:<\/strong> <i>Luci LED a batteria<\/i><\/li>\n<li><strong>Parafanghi:<\/strong> <i>Eurofender DUO<\/i><\/li>\n<li><strong>Cavalletto:<\/strong> <i>Ursus 71<\/i><\/li>\n<li><strong>Peso:<\/strong> <i>14 kg (peso medio della bicicletta assemblata)<\/i><\/li>\n<\/ul>\n<p><span style=\"font-weight: 400\">PER TUTTE LE TAGLIE \u2013 Sebbene la nuova Pony sia incredibilmente facile da riporre, non abbiamo compromesso il comfort del ciclista. Il reggisella da 40 cm garantisce una guida confortevole per ciclisti di tutte le taglie e corporature.<\/span><\/p>\n<p><span style=\"font-weight: 400\">MANUTENZIONE FACILE \u2013 Un telaio resistente, una catena in acciaio inossidabile, pneumatici di alta qualit\u00e0 e una lavorazione di qualit\u00e0 garantiscono che il tuo nuovo Pony ti piacer\u00e0 per molti anni a venire. Anche la manutenzione di base \u00e8 semplice.<\/span><\/p>\n<p><span style=\"font-weight: 400\">GARANZIA E ASSISTENZA \u2013 Poich\u00e9 crediamo nella qualit\u00e0 della lavorazione e dei componenti del nuovo Pony, ti offriamo fino a 5 anni di garanzia su telaio e forcella. Cos\u00ec puoi essere certo che con il tuo Pony vivrai molto di pi\u00f9.<\/span><\/p>","protected":false},"excerpt":{"rendered":"<p><strong>Cl<\/strong><strong>asika con un tocco di modernit\u00e0 <\/strong>\u2013 <span style=\"font-weight: 400\">La Pony Classic \u00e8 una bici che si proietta dal passato recente al futuro. Combina il classico design dei freni a siluro con caratteristiche moderne come le luci elettriche a LED.<\/span><\/p>","protected":false},"featured_media":10053,"template":"","meta":{"_acf_changed":false,"inline_featured_image":false,"_monsterinsights_skip_tracking":false,"_monsterinsights_sitenote_active":false,"_monsterinsights_sitenote_note":"","_monsterinsights_sitenote_category":0},"product_brand":[1194],"product_cat":[1213,490],"product_tag":[],"class_list":{"0":"post-10052","1":"product","2":"type-product","3":"status-publish","4":"has-post-thumbnail","6":"product_brand-rog","7":"product_cat-classic","8":"product_cat-rog-pony-kolesa","9":"pa_barva-bela","10":"pa_barva-modra","11":"pa_barva-rdeca","13":"first","14":"instock","15":"sale","16":"taxable","17":"shipping-taxable","18":"purchasable","19":"product-type-simple"},"acf":[],"aioseo_notices":[],"_links":{"self":[{"href":"https:\/\/ritosa.click.si\/it\/wp-json\/wp\/v2\/product\/10052","targetHints":{"allow":["GET"]}}],"collection":[{"href":"https:\/\/ritosa.click.si\/it\/wp-json\/wp\/v2\/product"}],"about":[{"href":"https:\/\/ritosa.click.si\/it\/wp-json\/wp\/v2\/types\/product"}],"wp:featuredmedia":[{"embeddable":true,"href":"https:\/\/ritosa.click.si\/it\/wp-json\/wp\/v2\/media\/10053"}],"wp:attachment":[{"href":"https:\/\/ritosa.click.si\/it\/wp-json\/wp\/v2\/media?parent=10052"}],"wp:term":[{"taxonomy":"product_brand","embeddable":true,"href":"https:\/\/ritosa.click.si\/it\/wp-json\/wp\/v2\/product_brand?post=10052"},{"taxonomy":"product_cat","embeddable":true,"href":"https:\/\/ritosa.click.si\/it\/wp-json\/wp\/v2\/product_cat?post=10052"},{"taxonomy":"product_tag","embeddable":true,"href":"https:\/\/ritosa.click.si\/it\/wp-json\/wp\/v2\/product_tag?post=10052"}],"curies":[{"name":"parola chiave","href":"https:\/\/api.w.org\/{rel}","templated":true}]}}