{"id":18751,"date":"2025-06-26T15:42:19","date_gmt":"2025-06-26T13:42:19","guid":{"rendered":"https:\/\/ritosa.click.si\/?page_id=18751"},"modified":"2025-06-27T09:31:47","modified_gmt":"2025-06-27T07:31:47","slug":"pravno-obvestilo","status":"publish","type":"page","link":"https:\/\/ritosa.click.si\/it\/pravno-obvestilo\/","title":{"rendered":"Avviso legale"},"content":{"rendered":"<div data-elementor-type=\"wp-page\" data-elementor-id=\"18751\" class=\"elementor elementor-18751\" wpc-filter-elementor-widget=\"1\" data-elementor-post-type=\"page\">\n\t\t\t\t<div class=\"elementor-element elementor-element-fbd814e e-flex e-con-boxed e-con e-parent\" data-id=\"fbd814e\" data-element_type=\"container\" data-e-type=\"container\">\n\t\t\t\t\t<div class=\"e-con-inner\">\n\t\t\t\t\t<\/div>\n\t\t\t\t<\/div>\n\t\t<div class=\"elementor-element elementor-element-b2694f5 e-flex e-con-boxed e-con e-parent\" data-id=\"b2694f5\" data-element_type=\"container\" data-e-type=\"container\">\n\t\t\t\t\t<div class=\"e-con-inner\">\n\t\t\t\t<div class=\"elementor-element elementor-element-7c11cf0 elementor-widget elementor-widget-text-editor\" data-id=\"7c11cf0\" data-element_type=\"widget\" data-e-type=\"widget\" data-widget_type=\"text-editor.default\">\n\t\t\t\t<div class=\"elementor-widget-container\">\n\t\t\t\t\t\t\t\t\t<h2><strong>Tutela dei diritti<\/strong><\/h2><p>Oggetto della presente informativa sono i siti web di <a href=\"https:\/\/ritosa.si\"><span style=\"text-decoration: underline;\">ritosa.si.<\/span><\/a><\/p><p>Tutti i contenuti di questi siti web sono di propriet\u00e0 di\u00a0<strong>Rito\u0161a d.o.o.<\/strong>\u00a0e hanno natura informativa.<\/p><p>V <strong>Rito\u0161a d.o.o.<\/strong> Abbiamo progettato il nostro sito web per fornire informazioni generali sull&#039;azienda e notizie dal mondo degli affari.<\/p><p>Entrando in qualsiasi area del sito web <strong>Rito\u0161a d.o.o.<\/strong> significa che accetti tutte le restrizioni e le condizioni qui indicate. Se non le accetti, ti preghiamo di non accedere a questo sito. Ti consigliamo di visitare il nostro sito di tanto in tanto e di consultare l&#039;Informativa Legale aggiornata, in quanto vincolante per te.<\/p><p>Le informazioni ufficiali, legali e formali sulla societ\u00e0 e sulle sue attivit\u00e0 potrebbero differire dalle informazioni presenti sul sito web della societ\u00e0.<\/p><p>\u00a0<\/p><h2><strong>Limitazione di responsabilit\u00e0<\/strong><\/h2><p><strong>Rito\u0161a d.o.o.<\/strong> far\u00e0 del suo meglio per fornire le informazioni pi\u00f9 accurate e aggiornate sulle sue pagine, ma avverte gli utenti del sito web che i testi hanno solo scopo informativo e pertanto non garantisce n\u00e9 si assume alcuna responsabilit\u00e0 per la loro accuratezza e completezza. Tutti i visitatori utilizzano i contenuti pubblicati a proprio rischio e pericolo. <strong>Rito\u0161a d.o.o.<\/strong> si riserva il diritto di modificare, aggiungere o rimuovere il contenuto di questi siti web in qualsiasi momento e senza preavviso.<\/p><p>Nessuno dei due <strong>Rito\u0161a d.o.o.<\/strong> n\u00e9 alcuna altra persona fisica o giuridica che abbia partecipato alla creazione e produzione di questi siti web \u00e8 responsabile del malfunzionamento occasionale del sito web, di eventuali inesattezze delle informazioni, n\u00e9 di eventuali danni derivanti dall&#039;uso di informazioni inesatte o incomplete, e pertanto non \u00e8 responsabile di eventuali danni o inconvenienti derivanti dall&#039;esistenza dei siti web, dall&#039;accesso e\/o dall&#039;uso e\/o dall&#039;impossibilit\u00e0 di utilizzare le informazioni su questi siti web e\/o da eventuali errori o carenze nel loro contenuto, indipendentemente dal fatto che siano stati informati della possibilit\u00e0 di tali danni.<\/p><p>Il sito web agraria-koper.si contiene anche link ad altri siti web, riferimenti e partner che non sono in alcun modo correlati a <strong>Rito\u0161a d.o.o.<\/strong>. <strong>Rito\u0161a d.o.o.<\/strong> non garantisce e non riceve n\u00e9 inoltra reclami riguardanti l&#039;accuratezza del contenuto di alcun sito web a cui fornisce un collegamento o un riferimento e non \u00e8 responsabile del rispetto della privacy su tali siti web.<\/p><h2><strong><br \/>Copyright<\/strong><\/h2><p>Tutte le informazioni e le immagini pubblicate sul sito web (testi, fotografie, schizzi, mappe e planimetrie, programmi per computer) sono soggette a tutela del diritto d&#039;autore ai sensi della Legge sul diritto d&#039;autore e sui diritti connessi (Gazzetta Ufficiale della Repubblica di Slovenia, n. 21\/1995, e successive modifiche). <strong>Rito\u0161a d.o.o. <\/strong>\u00e8 titolare del diritto d&#039;autore materiale sui contenuti protetti da copyright in senso lato (elementi grafici, fotografie, illustrazioni o altre presentazioni di testo) pubblicati sul sito web. Ci\u00f2 significa che qualsiasi copia, trascrizione, riproduzione e qualsiasi distribuzione per scopi commerciali \u00e8 vietata senza l&#039;autorizzazione scritta di KZA.<br \/>La ZASP consente eccezionalmente l&#039;uso o la riproduzione di opere protette da copyright sulla base del diritto all&#039;informazione del pubblico, a fini didattici e a scopo illustrativo, di confronto e di citazione, ma \u00e8 obbligatorio indicare la fonte e la paternit\u00e0 dell&#039;opera. \u00c8 consentito anche l&#039;uso e la riproduzione di opere protette da copyright in numero limitato per uso privato e non commerciale.<\/p><p>In ogni riproduzione (copia, riproduzione, pubblicazione, trasmissione) deve essere indicata la fonte <strong>Rito\u0161a d.o.o.<\/strong>.<\/p><p><strong>Rito\u0161a d.o.o.<\/strong> si riserva il diritto di modificare, aggiungere o rimuovere, in tutto o in parte, qualsiasi contenuto pubblicato su questo sito web in qualsiasi momento e in qualsiasi modo, per qualsiasi motivo e senza preavviso. Tutti gli utenti utilizzano tutti i contenuti pubblicati a proprio rischio e pericolo.<\/p><h2><strong><br \/>Protezione dei dati personali<\/strong><\/h2><p><strong>Rito\u0161a d.o.o.<\/strong> si impegna a proteggere i dati personali degli utenti del sito web. Utilizzeremo i dati raccolti esclusivamente per migliorare l&#039;utilizzo del sito web. Non utilizzeremo i dati personali e le informazioni di contatto per altri scopi e non li divulgheremo a terzi senza l&#039;esplicita autorizzazione dell&#039;utente del sito web. Faremo tutto il possibile per proteggere i tuoi dati personali da eventuali violazioni e abusi.<\/p>\t\t\t\t\t\t\t\t<\/div>\n\t\t\t\t<\/div>\n\t\t\t\t\t<\/div>\n\t\t\t\t<\/div>\n\t\t\t\t<\/div>","protected":false},"excerpt":{"rendered":"<p>Za\u0161\u010dita pravic Predmet tega obvestila so spletne strani na naslovu ritosa.si. Vse vsebine na teh spletnih straneh so last\u00a0Rito\u0161a d.o.o.\u00a0in so informativne narave. V Rito\u0161a d.o.o. smo na\u0161e spletno mesto oblikovali z namenom omogo\u010diti splo\u0161ne informacije o podjetju in novice iz poslovnega sveta. Vstop v katerokoli podro\u010dje spletnega mesta Rito\u0161a d.o.o. pomeni, da se strinjate [&hellip;]<\/p>\n","protected":false},"author":1,"featured_media":0,"parent":0,"menu_order":0,"comment_status":"closed","ping_status":"closed","template":"","meta":{"_acf_changed":false,"inline_featured_image":false,"footnotes":""},"class_list":["post-18751","page","type-page","status-publish","hentry"],"acf":[],"_links":{"self":[{"href":"https:\/\/ritosa.click.si\/it\/wp-json\/wp\/v2\/pages\/18751","targetHints":{"allow":["GET"]}}],"collection":[{"href":"https:\/\/ritosa.click.si\/it\/wp-json\/wp\/v2\/pages"}],"about":[{"href":"https:\/\/ritosa.click.si\/it\/wp-json\/wp\/v2\/types\/page"}],"author":[{"embeddable":true,"href":"https:\/\/ritosa.click.si\/it\/wp-json\/wp\/v2\/users\/1"}],"replies":[{"embeddable":true,"href":"https:\/\/ritosa.click.si\/it\/wp-json\/wp\/v2\/comments?post=18751"}],"version-history":[{"count":7,"href":"https:\/\/ritosa.click.si\/it\/wp-json\/wp\/v2\/pages\/18751\/revisions"}],"predecessor-version":[{"id":18758,"href":"https:\/\/ritosa.click.si\/it\/wp-json\/wp\/v2\/pages\/18751\/revisions\/18758"}],"wp:attachment":[{"href":"https:\/\/ritosa.click.si\/it\/wp-json\/wp\/v2\/media?parent=18751"}],"curies":[{"name":"parola chiave","href":"https:\/\/api.w.org\/{rel}","templated":true}]}}