{"id":9929,"date":"2021-02-24T10:18:54","date_gmt":"2021-02-24T10:18:54","guid":{"rendered":"https:\/\/ritosa.click.si\/?post_type=product&#038;p=9929"},"modified":"2026-03-18T15:11:54","modified_gmt":"2026-03-18T14:11:54","slug":"cube-acid-200","status":"publish","type":"product","link":"https:\/\/ritosa.click.si\/hr\/ducan\/biciklizam\/kotaci\/djecji-bicikli-2\/20\/cube-acid-200\/","title":{"rendered":"CUBE ACID 200 \u2013 zelen"},"content":{"rendered":"<p><strong>CUBE ACID 200<\/strong><\/p>\n<p>Cube Acid 200 je dje\u010dji bicikl izra\u0111en od istih toplinski obra\u0111enih aluminijskih cijevi 6061 kao i Cubeovi bicikli za odrasle. Okvir je krut kao kod brdskog bicikla pune veli\u010dine, ali s pravom te\u017einom i proporcijama za dijete.<\/p>\n<p>Upravljanje je osmi\u0161ljeno da bude zabavno i ulijeva povjerenje, a uklju\u010den je i lako zamjenjiv nosa\u010d mjenja\u010da, tako da bilo kakvi udarci ne zna\u010de skupe popravke.<\/p>\n<p><em>Cube Acid 200 idealan je za djecu visine izme\u0111u 111 i 124 cm i duljine koraka od 49 do 57 cm.<\/em><\/p>\n<p><em>Maksimalno optere\u0107enje: 40 kg<\/em><\/p>\n<p><strong>Specifikacije<\/strong><\/p>\n<ul>\n<li><strong>Okvir<\/strong>Aluminij Lite 6061<\/li>\n<li><strong>Vilica<\/strong>Kruta Hi-Ten vilica<\/li>\n<li><strong>Le\u017eaj vilice<\/strong>CUBE A-slu\u0161alice<\/li>\n<li><strong>Nosa\u010d upravlja\u010da<\/strong>CUBE Aluminum Lite<\/li>\n<li><strong>Volan<\/strong>CUBE Aluminum Lite, 560 mm<\/li>\n<li><strong>Volan \/ Traka za volan<\/strong>ACID Kids<\/li>\n<li><strong>Stra\u017enji mjenja\u010d<\/strong>Shimano RD-TY300, 7 brzina<\/li>\n<li><strong>Ru\u010dice mjenja\u010da<\/strong>Shimano SL-RS45, Revo Shift<\/li>\n<li><strong>Ko\u010dnice<\/strong>Aluminijske V-ko\u010dnice<\/li>\n<li><strong>Pogonska osovina<\/strong>Thun PASO-ML BSA<\/li>\n<li><strong>Voza\u010d<\/strong>Prowheel A105, 32T, 114 mm sa \u0161titnikom lanca<\/li>\n<li><strong>Pedale<\/strong>: CUBE Kid<\/li>\n<li><strong>Lanac<\/strong>KMC HV500<\/li>\n<li><strong>Kaseta<\/strong>Sunrace MFM300.7, 13-34T<\/li>\n<li><strong>Prednja glav\u010dina<\/strong>CUBE aluminij, QR, 28H<\/li>\n<li><strong>Stra\u017enja glav\u010dina<\/strong>CUBE aluminij, QR, 28H<\/li>\n<li><strong>Naplatci \/ Kota\u010di<\/strong>CUBE MT19<\/li>\n<li><strong>Vanjske gume<\/strong>Meghna, 2.1<\/li>\n<li><strong>Sjedalo<\/strong>: CUBE Kid<\/li>\n<li><strong>Potpora sjedala<\/strong>CUBE Aluminum Lite<\/li>\n<li><strong>Stezaljka cijevi sjedala<\/strong>CUBE Varioclose, 31,8 mm<\/li>\n<li><strong>Zvono<\/strong>: KISELINA<\/li>\n<li><strong>Te\u017eina<\/strong>: <strong>9,2 kg<\/strong><\/li>\n<\/ul>","protected":false},"excerpt":{"rendered":"<p>Otro\u0161ko kolo 20&#8221; Cube Acid 200 Lightolive &#8216;n&#8217; Orange<\/p>","protected":false},"featured_media":9930,"template":"","meta":{"_acf_changed":false,"inline_featured_image":false},"product_brand":[1192],"product_cat":[646],"product_tag":[1198,1202,1007],"class_list":{"0":"post-9929","1":"product","2":"type-product","3":"status-publish","4":"has-post-thumbnail","6":"product_brand-cube","7":"product_cat-646","8":"product_tag-otroci","9":"product_tag-otroska-kolesa","10":"product_tag-otrosko-kolo","12":"first","13":"instock","14":"taxable","15":"shipping-taxable","16":"purchasable","17":"product-type-simple"},"acf":[],"_links":{"self":[{"href":"https:\/\/ritosa.click.si\/hr\/wp-json\/wp\/v2\/product\/9929","targetHints":{"allow":["GET"]}}],"collection":[{"href":"https:\/\/ritosa.click.si\/hr\/wp-json\/wp\/v2\/product"}],"about":[{"href":"https:\/\/ritosa.click.si\/hr\/wp-json\/wp\/v2\/types\/product"}],"wp:featuredmedia":[{"embeddable":true,"href":"https:\/\/ritosa.click.si\/hr\/wp-json\/wp\/v2\/media\/9930"}],"wp:attachment":[{"href":"https:\/\/ritosa.click.si\/hr\/wp-json\/wp\/v2\/media?parent=9929"}],"wp:term":[{"taxonomy":"product_brand","embeddable":true,"href":"https:\/\/ritosa.click.si\/hr\/wp-json\/wp\/v2\/product_brand?post=9929"},{"taxonomy":"product_cat","embeddable":true,"href":"https:\/\/ritosa.click.si\/hr\/wp-json\/wp\/v2\/product_cat?post=9929"},{"taxonomy":"product_tag","embeddable":true,"href":"https:\/\/ritosa.click.si\/hr\/wp-json\/wp\/v2\/product_tag?post=9929"}],"curies":[{"name":"radni list","href":"https:\/\/api.w.org\/{rel}","templated":true}]}}