{"id":9899,"date":"2021-02-22T11:12:34","date_gmt":"2021-02-22T11:12:34","guid":{"rendered":"https:\/\/ritosa.click.si\/?post_type=product&#038;p=9899"},"modified":"2026-03-24T17:01:48","modified_gmt":"2026-03-24T16:01:48","slug":"alpina-mtb-17","status":"publish","type":"product","link":"https:\/\/ritosa.click.si\/hr\/ducan\/biciklizam\/oprema-za-biciklizam\/kolesarske-celade\/odrasle-kolesarske-celade\/alpina-mtb-17\/","title":{"rendered":"Alpina MTB 17"},"content":{"rendered":"<p>S Alpinom kacigom za brdski bicikl MTB 17 bit \u0107ete dobro za\u0161ti\u0107eni i udobni \u010dak i na zahtjevnim stazama. Robusna vanjska \u0161koljka Ceramic Shell osigurava izdr\u017eljivost, dok inovativni Hi-EPS materijal s mikroskopskim zra\u010dnim komorama pru\u017ea pobolj\u0161anu apsorpciju udara. In-mold konstrukcija odr\u017eava kacigu ugodno laganom. Run System Classic omogu\u0107uje optimalno pode\u0161avanje, dok jednostavna ergonomska kop\u010da na remenu nudi vi\u0161estupanjski automatski sustav zatvaranja.<\/p>\n<ul>\n<li><strong>Udobnost:<\/strong> mre\u017ea za insekte<\/li>\n<li><strong>Sigurnost:<\/strong> Hi-EPS, Shield Protect, Inmold, kerami\u010dka \u0161koljka<\/li>\n<li><strong>Ergonomija:<\/strong> Run System Classic, Ergomatic, Y-kop\u010da<\/li>\n<li><strong>Materijal:<\/strong> vanjska \u0161koljka Kerami\u010dka \u0161koljka, Hi-EPS materijal<\/li>\n<\/ul>","protected":false},"excerpt":{"rendered":"<p>Biciklisti\u010dka kaciga ALPINA MTB 17<\/p>","protected":false},"featured_media":9901,"template":"","meta":{"_acf_changed":false,"inline_featured_image":false,"_monsterinsights_skip_tracking":false,"_monsterinsights_sitenote_active":false,"_monsterinsights_sitenote_note":"","_monsterinsights_sitenote_category":0},"product_brand":[678],"product_cat":[662],"product_tag":[],"class_list":{"0":"post-9899","1":"product","2":"type-product","3":"status-publish","4":"has-post-thumbnail","6":"product_brand-alpina","7":"product_cat-odrasle-kolesarske-celade","8":"pa_velikost-58-61","10":"first","11":"instock","12":"sale","13":"taxable","14":"shipping-taxable","15":"purchasable","16":"product-type-variable"},"acf":[],"aioseo_notices":[],"_links":{"self":[{"href":"https:\/\/ritosa.click.si\/hr\/wp-json\/wp\/v2\/product\/9899","targetHints":{"allow":["GET"]}}],"collection":[{"href":"https:\/\/ritosa.click.si\/hr\/wp-json\/wp\/v2\/product"}],"about":[{"href":"https:\/\/ritosa.click.si\/hr\/wp-json\/wp\/v2\/types\/product"}],"wp:featuredmedia":[{"embeddable":true,"href":"https:\/\/ritosa.click.si\/hr\/wp-json\/wp\/v2\/media\/9901"}],"wp:attachment":[{"href":"https:\/\/ritosa.click.si\/hr\/wp-json\/wp\/v2\/media?parent=9899"}],"wp:term":[{"taxonomy":"product_brand","embeddable":true,"href":"https:\/\/ritosa.click.si\/hr\/wp-json\/wp\/v2\/product_brand?post=9899"},{"taxonomy":"product_cat","embeddable":true,"href":"https:\/\/ritosa.click.si\/hr\/wp-json\/wp\/v2\/product_cat?post=9899"},{"taxonomy":"product_tag","embeddable":true,"href":"https:\/\/ritosa.click.si\/hr\/wp-json\/wp\/v2\/product_tag?post=9899"}],"curies":[{"name":"radni list","href":"https:\/\/api.w.org\/{rel}","templated":true}]}}