{"id":9886,"date":"2021-01-22T10:55:11","date_gmt":"2021-01-22T10:55:11","guid":{"rendered":"https:\/\/ritosa.click.si\/?post_type=product&#038;p=9886"},"modified":"2025-08-21T11:06:07","modified_gmt":"2025-08-21T09:06:07","slug":"citniki-roces-set-black-odrasli","status":"publish","type":"product","link":"https:\/\/ritosa.click.si\/hr\/ducan\/rolerji\/odrasli-rolerji\/citniki-roces-set-black-odrasli\/","title":{"rendered":"Roces set \u0161titnika crne boje \u2013 odrasli"},"content":{"rendered":"<p>Set \u0161titnika za role za odrasle ROCES crni<\/p>\n<div><span style=\"font-family: Verdana;font-size: 10pt\">Roces \u0161titnici za role <span style=\"font-family: Verdana;font-size: 10pt\"><span style=\"font-family: Verdana;font-size: 10pt\">Trodijelni: \u0161titnici za laktove, zape\u0161\u0107a i koljena.<\/span><\/span><\/span><\/div>\n<div><span style=\"font-family: Verdana;font-size: 10pt\"><span style=\"font-family: Verdana;font-size: 10pt;font-weight: bold\">Veli\u010dina<\/span>M<\/span><\/div>\n<div><\/div>\n<div><span style=\"font-family: Verdana;font-size: 10pt\">\u0160titnike mo\u017eete nabaviti u na\u0161oj internetskoj trgovini, a tako\u0111er i u na\u0161em biciklisti\u010dkom centru Rito\u0161a u Izoli.<\/span><\/div>","protected":false},"excerpt":{"rendered":"<p>Set \u0161titnika za role za odrasle ROCES \u2013 crni<\/p>","protected":false},"featured_media":9889,"template":"","meta":{"_acf_changed":false,"inline_featured_image":false,"_monsterinsights_skip_tracking":false,"_monsterinsights_sitenote_active":false,"_monsterinsights_sitenote_note":"","_monsterinsights_sitenote_category":0},"product_brand":[684],"product_cat":[584,521],"product_tag":[1230,1236,1229],"class_list":{"0":"post-9886","1":"product","2":"type-product","3":"status-publish","4":"has-post-thumbnail","6":"product_brand-roces","7":"product_cat-odrasli-rolerji","8":"product_cat-scitniki","9":"product_tag-scitniki-roces","10":"product_tag-scitniki-za-odrasle","11":"product_tag-scitniki-za-rolanje","12":"pa_velikost-m","14":"first","15":"onbackorder","16":"sale","17":"taxable","18":"shipping-taxable","19":"purchasable","20":"product-type-variable"},"acf":[],"aioseo_notices":[],"_links":{"self":[{"href":"https:\/\/ritosa.click.si\/hr\/wp-json\/wp\/v2\/product\/9886","targetHints":{"allow":["GET"]}}],"collection":[{"href":"https:\/\/ritosa.click.si\/hr\/wp-json\/wp\/v2\/product"}],"about":[{"href":"https:\/\/ritosa.click.si\/hr\/wp-json\/wp\/v2\/types\/product"}],"wp:featuredmedia":[{"embeddable":true,"href":"https:\/\/ritosa.click.si\/hr\/wp-json\/wp\/v2\/media\/9889"}],"wp:attachment":[{"href":"https:\/\/ritosa.click.si\/hr\/wp-json\/wp\/v2\/media?parent=9886"}],"wp:term":[{"taxonomy":"product_brand","embeddable":true,"href":"https:\/\/ritosa.click.si\/hr\/wp-json\/wp\/v2\/product_brand?post=9886"},{"taxonomy":"product_cat","embeddable":true,"href":"https:\/\/ritosa.click.si\/hr\/wp-json\/wp\/v2\/product_cat?post=9886"},{"taxonomy":"product_tag","embeddable":true,"href":"https:\/\/ritosa.click.si\/hr\/wp-json\/wp\/v2\/product_tag?post=9886"}],"curies":[{"name":"radni list","href":"https:\/\/api.w.org\/{rel}","templated":true}]}}