{"id":9880,"date":"2021-01-22T10:33:39","date_gmt":"2021-01-22T10:33:39","guid":{"rendered":"https:\/\/ritosa.click.si\/?post_type=product&#038;p=9880"},"modified":"2025-08-21T10:18:59","modified_gmt":"2025-08-21T08:18:59","slug":"citniki-roces-set-black-red-otroski","status":"publish","type":"product","link":"https:\/\/ritosa.click.si\/hr\/ducan\/rolerji\/otroski-rolerji\/citniki-roces-set-black-red-otroski\/","title":{"rendered":"Roces set \u0161titnika za djecu crno\/crveno"},"content":{"rendered":"<p>Dje\u010dji set \u0161titnika za role ROCES crno\/crveni<\/p>\n<div><span style=\"font-family: Verdana;font-size: 10pt\">Roces \u0161titnici za role <span style=\"font-family: Verdana;font-size: 10pt\"><span style=\"font-family: Verdana;font-size: 10pt\">Trodijelni: \u0161titnici za laktove, zape\u0161\u0107a i koljena.<\/span><\/span><\/span><\/div>\n<div><span style=\"font-family: Verdana;font-size: 10pt\"><span style=\"font-family: Verdana;font-size: 10pt;font-weight: bold\">Veli\u010dina<\/span>MJR<\/span><\/div>\n<div><\/div>\n<div><span style=\"font-family: Verdana;font-size: 10pt\">\u0160titnike mo\u017eete nabaviti u na\u0161oj internetskoj trgovini, a tako\u0111er i u na\u0161em biciklisti\u010dkom centru Rito\u0161a u Izoli.<\/span><\/div>","protected":false},"excerpt":{"rendered":"<p>Dje\u010dji set \u0161titnika za role ROCES crno\/crveni<\/p>","protected":false},"featured_media":9882,"template":"","meta":{"_acf_changed":false,"inline_featured_image":false,"_monsterinsights_skip_tracking":false,"_monsterinsights_sitenote_active":false,"_monsterinsights_sitenote_note":"","_monsterinsights_sitenote_category":0},"product_brand":[684],"product_cat":[583,521],"product_tag":[1198,1231,1230,1228,1229],"class_list":{"0":"post-9880","1":"product","2":"type-product","3":"status-publish","4":"has-post-thumbnail","6":"product_brand-roces","7":"product_cat-otroski-rolerji","8":"product_cat-scitniki","9":"product_tag-otroci","10":"product_tag-roces-scitniki-za-otroke","11":"product_tag-scitniki-roces","12":"product_tag-scitniki-za-otroke","13":"product_tag-scitniki-za-rolanje","14":"pa_velikost-mrj","16":"first","17":"onbackorder","18":"sale","19":"taxable","20":"shipping-taxable","21":"purchasable","22":"product-type-variable"},"acf":[],"aioseo_notices":[],"_links":{"self":[{"href":"https:\/\/ritosa.click.si\/hr\/wp-json\/wp\/v2\/product\/9880","targetHints":{"allow":["GET"]}}],"collection":[{"href":"https:\/\/ritosa.click.si\/hr\/wp-json\/wp\/v2\/product"}],"about":[{"href":"https:\/\/ritosa.click.si\/hr\/wp-json\/wp\/v2\/types\/product"}],"wp:featuredmedia":[{"embeddable":true,"href":"https:\/\/ritosa.click.si\/hr\/wp-json\/wp\/v2\/media\/9882"}],"wp:attachment":[{"href":"https:\/\/ritosa.click.si\/hr\/wp-json\/wp\/v2\/media?parent=9880"}],"wp:term":[{"taxonomy":"product_brand","embeddable":true,"href":"https:\/\/ritosa.click.si\/hr\/wp-json\/wp\/v2\/product_brand?post=9880"},{"taxonomy":"product_cat","embeddable":true,"href":"https:\/\/ritosa.click.si\/hr\/wp-json\/wp\/v2\/product_cat?post=9880"},{"taxonomy":"product_tag","embeddable":true,"href":"https:\/\/ritosa.click.si\/hr\/wp-json\/wp\/v2\/product_tag?post=9880"}],"curies":[{"name":"radni list","href":"https:\/\/api.w.org\/{rel}","templated":true}]}}