{"id":9847,"date":"2020-12-18T11:25:53","date_gmt":"2020-12-18T11:25:53","guid":{"rendered":"https:\/\/ritosa.click.si\/?post_type=product&#038;p=9847"},"modified":"2025-09-18T13:03:45","modified_gmt":"2025-09-18T11:03:45","slug":"sigma-aura-60-usb-nugget-ii-set","status":"publish","type":"product","link":"https:\/\/ritosa.click.si\/hr\/ducan\/biciklizam\/oprema-za-biciklizam\/dodatna-oprema-in-rezervni-deli\/luci-zarometi\/sigma-aura-60-usb-nugget-ii-set\/","title":{"rendered":"Set svjetala SIGMA AURA 60 USB\/NUGGET II"},"content":{"rendered":"<p>SIGMA AURA 60 USB\/NUGGET II SET set svjetala za bicikl<\/p>\n<p><strong>RASVJETLJENA PODRU\u010cJA<\/strong><\/p>\n<p>Zahvaljuju\u0107i visokokvalitetnoj LED le\u0107i, AURA 60 USB vrlo ravnomjerno raspore\u0111uje svjetlost i osigurava optimalnu vidljivost u daljini, sa strane, u sredini i blizu, bez zasljepljivanja drugih sudionika u prometu. To osigurava maksimalnu sigurnost u cestovnom prometu.<\/p>\n<p><strong>PUNJENJE<\/strong><\/p>\n<p>AURA 60 USB ima ugra\u0111enu litij-ionsku bateriju koja se puni putem micro-USB kabela. Svjetlo mo\u017eete puniti putem USB priklju\u010dka na ra\u010dunalu. Pomo\u0107u prilo\u017eenog kabela bateriju mo\u017eete potpuno napuniti za 3,5 sata. Litij-ionska baterija ima za\u0161titnu funkciju protiv prekomjernog pra\u017enjenja i prekomjernog punjenja.<\/p>\n<p><strong>SET SADR\u017dI: <\/strong>prednje i stra\u017enje svjetlo<\/p>","protected":false},"excerpt":{"rendered":"<p>SIGMA AURA 60 USB\/NUGGET II SET set svjetala za bicikl<\/p>","protected":false},"featured_media":9848,"template":"","meta":{"_acf_changed":false,"inline_featured_image":false},"product_brand":[688],"product_cat":[534],"product_tag":[1556,1521,1555,1557],"class_list":{"0":"post-9847","1":"product","2":"type-product","3":"status-publish","4":"has-post-thumbnail","6":"product_brand-sigma","7":"product_cat-luci-zarometi","8":"product_tag-luci-sigma","9":"product_tag-luci-za-kolo","10":"product_tag-set-luci-za-kolo","11":"product_tag-sigma","13":"first","14":"instock","15":"sale","16":"taxable","17":"shipping-taxable","18":"purchasable","19":"product-type-simple"},"acf":[],"_links":{"self":[{"href":"https:\/\/ritosa.click.si\/hr\/wp-json\/wp\/v2\/product\/9847","targetHints":{"allow":["GET"]}}],"collection":[{"href":"https:\/\/ritosa.click.si\/hr\/wp-json\/wp\/v2\/product"}],"about":[{"href":"https:\/\/ritosa.click.si\/hr\/wp-json\/wp\/v2\/types\/product"}],"wp:featuredmedia":[{"embeddable":true,"href":"https:\/\/ritosa.click.si\/hr\/wp-json\/wp\/v2\/media\/9848"}],"wp:attachment":[{"href":"https:\/\/ritosa.click.si\/hr\/wp-json\/wp\/v2\/media?parent=9847"}],"wp:term":[{"taxonomy":"product_brand","embeddable":true,"href":"https:\/\/ritosa.click.si\/hr\/wp-json\/wp\/v2\/product_brand?post=9847"},{"taxonomy":"product_cat","embeddable":true,"href":"https:\/\/ritosa.click.si\/hr\/wp-json\/wp\/v2\/product_cat?post=9847"},{"taxonomy":"product_tag","embeddable":true,"href":"https:\/\/ritosa.click.si\/hr\/wp-json\/wp\/v2\/product_tag?post=9847"}],"curies":[{"name":"radni list","href":"https:\/\/api.w.org\/{rel}","templated":true}]}}