{"id":9843,"date":"2020-12-18T11:07:25","date_gmt":"2020-12-18T11:07:25","guid":{"rendered":"https:\/\/ritosa.click.si\/?post_type=product&#038;p=9843"},"modified":"2025-09-18T12:14:22","modified_gmt":"2025-09-18T10:14:22","slug":"lelumia-spark-1400lm","status":"publish","type":"product","link":"https:\/\/ritosa.click.si\/hr\/ducan\/biciklizam\/oprema-za-biciklizam\/dodatna-oprema-in-rezervni-deli\/luci-zarometi\/lelumia-spark-1400lm\/","title":{"rendered":"Svjetlo LELUMIA SPARK 1400 lm"},"content":{"rendered":"<p><span class=\"HwtZe\" lang=\"sl\" xml:lang=\"sl\"><span class=\"jCAhz ChMk0b\"><span class=\"ryNqvb\">Sna\u017eno punjivo svjetlo (1400 lm)<\/span><\/span><\/span><span class=\"HwtZe\" lang=\"sl\" xml:lang=\"sl\"><span class=\"jCAhz ChMk0b\"><span class=\"ryNqvb\">pobolj\u0161ana tehnologija svjetlosnog snopa. <\/span><\/span><\/span><span class=\"HwtZe\" lang=\"sl\" xml:lang=\"sl\"><span class=\"jCAhz ChMk0b\"><span class=\"ryNqvb\">Iznimna bo\u010dna vidljivost<\/span><\/span> <span class=\"jCAhz ChMk0b\"><span class=\"ryNqvb\">Punjiva litij-ionska baterija visokog kapaciteta<\/span><\/span> <span class=\"jCAhz ChMk0b\"><span class=\"ryNqvb\">USB za punjenje (tip C \u2013 USB kabel uklju\u010den)<\/span><\/span> <\/span><\/p>\n<p><span class=\"HwtZe\" lang=\"sl\" xml:lang=\"sl\"><span class=\"jCAhz ChMk0b\"><span class=\"ryNqvb\">Pet na\u010dina osvjetljenja (jako \/ srednje \/ slabo \/ dnevni SOS \/ treptanje). <\/span><\/span><\/span><span class=\"HwtZe\" lang=\"sl\" xml:lang=\"sl\"><span class=\"jCAhz ChMk0b\"><span class=\"ryNqvb\">Uklju\u010dite Visoko pomo\u0107u novog gumba za jednostavno klikanje.\u00a0<\/span><\/span><\/span><\/p>\n<p><span class=\"HwtZe\" lang=\"sl\" xml:lang=\"sl\"><span class=\"jCAhz ChMk0b\"><span class=\"ryNqvb\">Pri\u010dvrstite vijak u nosa\u010d.\u00a0<\/span><\/span><\/span><\/p>\n<table class=\"table table-bordered\">\n<thead>\n<tr>\n<th>Visoko<\/th>\n<th>Srednji<\/th>\n<th>Nisko<\/th>\n<th>SOS<\/th>\n<th>Bljesak<\/th>\n<\/tr>\n<\/thead>\n<tbody>\n<tr>\n<th>6 sati<\/th>\n<td>12 sati<\/td>\n<td>20 sati<\/td>\n<td>15 sati<\/td>\n<td>15 sati<\/td>\n<\/tr>\n<\/tbody>\n<\/table>","protected":false},"excerpt":{"rendered":"<p><span class=\"HwtZe\" lang=\"sl\" xml:lang=\"sl\"><span class=\"jCAhz ChMk0b\"><span class=\"ryNqvb\">Prekrasno izra\u0111eno aluminijsko ku\u0107i\u0161te zrakoplovne kvalitete \u010dini SPARK izuzetno robusnim, kako bi izdr\u017eao one divlje avanture u koje povremeno idemo.<\/span><\/span> <span class=\"jCAhz ChMk0b\"><span class=\"ryNqvb\">S dvostrukim uzorkom snopa, SPARK svjetlo emitira \u0161iroki uzorak snopa kako bi istaknulo sve \u0161to je na vidiku.<\/span><\/span> <span class=\"jCAhz ChMk0b\"><span class=\"ryNqvb\">S digitalnim prikazom snage i velikim kapacitetom baterije koja ujedno funkcionira i kao powerbank, imat \u0107ete beskrajnu zabavu u vo\u017enji sa SPARK-om.<\/span><\/span><\/span><\/p>","protected":false},"featured_media":9844,"template":"","meta":{"_acf_changed":false,"inline_featured_image":false,"_monsterinsights_skip_tracking":false,"_monsterinsights_sitenote_active":false,"_monsterinsights_sitenote_note":"","_monsterinsights_sitenote_category":0},"product_brand":[1520],"product_cat":[534],"product_tag":[1544,1543,1545,1542],"class_list":{"0":"post-9843","1":"product","2":"type-product","3":"status-publish","4":"has-post-thumbnail","6":"product_brand-lelumia","7":"product_cat-luci-zarometi","8":"product_tag-lelumia","9":"product_tag-luc-lelumia","10":"product_tag-prva-luc","11":"product_tag-sprednja-luc-za-na-kolo","13":"first","14":"instock","15":"taxable","16":"shipping-taxable","17":"purchasable","18":"product-type-simple"},"acf":[],"aioseo_notices":[],"_links":{"self":[{"href":"https:\/\/ritosa.click.si\/hr\/wp-json\/wp\/v2\/product\/9843","targetHints":{"allow":["GET"]}}],"collection":[{"href":"https:\/\/ritosa.click.si\/hr\/wp-json\/wp\/v2\/product"}],"about":[{"href":"https:\/\/ritosa.click.si\/hr\/wp-json\/wp\/v2\/types\/product"}],"wp:featuredmedia":[{"embeddable":true,"href":"https:\/\/ritosa.click.si\/hr\/wp-json\/wp\/v2\/media\/9844"}],"wp:attachment":[{"href":"https:\/\/ritosa.click.si\/hr\/wp-json\/wp\/v2\/media?parent=9843"}],"wp:term":[{"taxonomy":"product_brand","embeddable":true,"href":"https:\/\/ritosa.click.si\/hr\/wp-json\/wp\/v2\/product_brand?post=9843"},{"taxonomy":"product_cat","embeddable":true,"href":"https:\/\/ritosa.click.si\/hr\/wp-json\/wp\/v2\/product_cat?post=9843"},{"taxonomy":"product_tag","embeddable":true,"href":"https:\/\/ritosa.click.si\/hr\/wp-json\/wp\/v2\/product_tag?post=9843"}],"curies":[{"name":"radni list","href":"https:\/\/api.w.org\/{rel}","templated":true}]}}