{"id":9837,"date":"2020-12-18T09:58:22","date_gmt":"2020-12-18T09:58:22","guid":{"rendered":"https:\/\/ritosa.click.si\/?post_type=product&#038;p=9837"},"modified":"2025-06-24T13:00:32","modified_gmt":"2025-06-24T11:00:32","slug":"deklisko-otrosko-kolo-conquest-20-star-model","status":"publish","type":"product","link":"https:\/\/ritosa.click.si\/hr\/ducan\/biciklizam\/kotaci\/djecji-bicikli-2\/20\/deklisko-otrosko-kolo-conquest-20-star-model\/","title":{"rendered":"Dje\u010dji bicikl za djevoj\u010dice Conquest 20\u201d stariji model"},"content":{"rendered":"<p>Conquest djevoja\u010dki bicikl s kota\u010dima od 20&quot;. Novi, nekori\u0161teni bicikl, iz stare zalihe. Imitacija \u017eenskog gradskog bicikla. S udobnim sjedalom, \u0161titnikom za lanac, ko\u0161arom, visokim i udobnim upravlja\u010dem, prednjim svjetlom na dinamo i nosa\u010dem za prtljagu. Jedan stupanj prijenosa.<\/p>\n<\/p>\n<p>Bicikl je prikladan za djecu od 6 do 10 godina.<\/p>","protected":false},"excerpt":{"rendered":"<p>Djevoja\u010dki bicikl Conquest s kota\u010dima od 20&quot;. Stari tvorni\u010dki.<\/p>\n<p>bicikl kao nov dje\u010dji bicikl stari model<\/p>","protected":false},"featured_media":9838,"template":"","meta":{"_acf_changed":false,"inline_featured_image":false},"product_brand":[],"product_cat":[646],"product_tag":[1198,1202,1007],"class_list":{"0":"post-9837","1":"product","2":"type-product","3":"status-publish","4":"has-post-thumbnail","6":"product_cat-646","7":"product_tag-otroci","8":"product_tag-otroska-kolesa","9":"product_tag-otrosko-kolo","11":"first","12":"outofstock","13":"taxable","14":"shipping-taxable","15":"purchasable","16":"product-type-simple"},"acf":[],"_links":{"self":[{"href":"https:\/\/ritosa.click.si\/hr\/wp-json\/wp\/v2\/product\/9837","targetHints":{"allow":["GET"]}}],"collection":[{"href":"https:\/\/ritosa.click.si\/hr\/wp-json\/wp\/v2\/product"}],"about":[{"href":"https:\/\/ritosa.click.si\/hr\/wp-json\/wp\/v2\/types\/product"}],"wp:featuredmedia":[{"embeddable":true,"href":"https:\/\/ritosa.click.si\/hr\/wp-json\/wp\/v2\/media\/9838"}],"wp:attachment":[{"href":"https:\/\/ritosa.click.si\/hr\/wp-json\/wp\/v2\/media?parent=9837"}],"wp:term":[{"taxonomy":"product_brand","embeddable":true,"href":"https:\/\/ritosa.click.si\/hr\/wp-json\/wp\/v2\/product_brand?post=9837"},{"taxonomy":"product_cat","embeddable":true,"href":"https:\/\/ritosa.click.si\/hr\/wp-json\/wp\/v2\/product_cat?post=9837"},{"taxonomy":"product_tag","embeddable":true,"href":"https:\/\/ritosa.click.si\/hr\/wp-json\/wp\/v2\/product_tag?post=9837"}],"curies":[{"name":"radni list","href":"https:\/\/api.w.org\/{rel}","templated":true}]}}