{"id":9824,"date":"2020-12-17T10:55:40","date_gmt":"2020-12-17T10:55:40","guid":{"rendered":"https:\/\/ritosa.click.si\/?post_type=product&#038;p=9824"},"modified":"2026-03-14T11:49:05","modified_gmt":"2026-03-14T10:49:05","slug":"selle-montegrappa-magic","status":"publish","type":"product","link":"https:\/\/ritosa.click.si\/hr\/ducan\/biciklizam\/oprema-za-biciklizam\/dodatna-oprema-in-rezervni-deli\/sedezi\/selle-montegrappa-magic\/","title":{"rendered":"Sjedalo Selle Montegrappa Magic"},"content":{"rendered":"<ul>\n<li>Okvir od PPE<\/li>\n<li>Oblo\u017een s Flex PU<\/li>\n<li>Dimenzije 240&#215;190 mm<\/li>\n<li>Te\u017ea 305 g<\/li>\n<\/ul>","protected":false},"excerpt":{"rendered":"<p>Djevoja\u010dko sjedalo Selle Montegrappa Magic. Monta\u017ea na sjedalu s kop\u010dom. Pogodno za bicikle 16\u2033\u201320\u2033.<\/p>","protected":false},"featured_media":9825,"template":"","meta":{"_acf_changed":false,"inline_featured_image":false,"_monsterinsights_skip_tracking":false,"_monsterinsights_sitenote_active":false,"_monsterinsights_sitenote_note":"","_monsterinsights_sitenote_category":0},"product_brand":[2264],"product_cat":[541],"product_tag":[],"class_list":{"0":"post-9824","1":"product","2":"type-product","3":"status-publish","4":"has-post-thumbnail","6":"product_brand-selle-monte-grappa","7":"product_cat-sedezi","9":"first","10":"instock","11":"sale","12":"taxable","13":"shipping-taxable","14":"purchasable","15":"product-type-simple"},"acf":[],"aioseo_notices":[],"_links":{"self":[{"href":"https:\/\/ritosa.click.si\/hr\/wp-json\/wp\/v2\/product\/9824","targetHints":{"allow":["GET"]}}],"collection":[{"href":"https:\/\/ritosa.click.si\/hr\/wp-json\/wp\/v2\/product"}],"about":[{"href":"https:\/\/ritosa.click.si\/hr\/wp-json\/wp\/v2\/types\/product"}],"wp:featuredmedia":[{"embeddable":true,"href":"https:\/\/ritosa.click.si\/hr\/wp-json\/wp\/v2\/media\/9825"}],"wp:attachment":[{"href":"https:\/\/ritosa.click.si\/hr\/wp-json\/wp\/v2\/media?parent=9824"}],"wp:term":[{"taxonomy":"product_brand","embeddable":true,"href":"https:\/\/ritosa.click.si\/hr\/wp-json\/wp\/v2\/product_brand?post=9824"},{"taxonomy":"product_cat","embeddable":true,"href":"https:\/\/ritosa.click.si\/hr\/wp-json\/wp\/v2\/product_cat?post=9824"},{"taxonomy":"product_tag","embeddable":true,"href":"https:\/\/ritosa.click.si\/hr\/wp-json\/wp\/v2\/product_tag?post=9824"}],"curies":[{"name":"radni list","href":"https:\/\/api.w.org\/{rel}","templated":true}]}}