{"id":9813,"date":"2020-12-17T09:38:25","date_gmt":"2020-12-17T09:38:25","guid":{"rendered":"https:\/\/ritosa.click.si\/?post_type=product&#038;p=9813"},"modified":"2025-08-28T16:16:58","modified_gmt":"2025-08-28T14:16:58","slug":"stenski-nosilec-za-2-kolesi","status":"publish","type":"product","link":"https:\/\/ritosa.click.si\/hr\/ducan\/biciklizam\/nosilci-koles\/za-dom\/stenski-nosilec-za-2-kolesi\/","title":{"rendered":"Zidni nosa\u010d za 2 bicikla"},"content":{"rendered":"<p>Nosa\u010d za bicikle za pohranu bicikala u nosa\u010dima za bicikle u ku\u0107ama, stambenim zgradama itd. Montira se na zid i omogu\u0107uje vje\u0161anje 2 bicikla.<\/p>\n<p>Dimenzije 360x450 mm.<\/p>","protected":false},"excerpt":{"rendered":"<p>Zidni nosa\u010d za 2 bicikla<\/p>","protected":false},"featured_media":9814,"template":"","meta":{"_acf_changed":false,"inline_featured_image":false},"product_brand":[],"product_cat":[528],"product_tag":[1272,1269,1273],"class_list":{"0":"post-9813","1":"product","2":"type-product","3":"status-publish","4":"has-post-thumbnail","6":"product_cat-za-dom","7":"product_tag-nosilec-za-kolo","8":"product_tag-stenski-nosilec","9":"product_tag-stenski-nosilec-za-kolo","11":"first","12":"instock","13":"taxable","14":"shipping-taxable","15":"purchasable","16":"product-type-simple"},"acf":[],"_links":{"self":[{"href":"https:\/\/ritosa.click.si\/hr\/wp-json\/wp\/v2\/product\/9813","targetHints":{"allow":["GET"]}}],"collection":[{"href":"https:\/\/ritosa.click.si\/hr\/wp-json\/wp\/v2\/product"}],"about":[{"href":"https:\/\/ritosa.click.si\/hr\/wp-json\/wp\/v2\/types\/product"}],"wp:featuredmedia":[{"embeddable":true,"href":"https:\/\/ritosa.click.si\/hr\/wp-json\/wp\/v2\/media\/9814"}],"wp:attachment":[{"href":"https:\/\/ritosa.click.si\/hr\/wp-json\/wp\/v2\/media?parent=9813"}],"wp:term":[{"taxonomy":"product_brand","embeddable":true,"href":"https:\/\/ritosa.click.si\/hr\/wp-json\/wp\/v2\/product_brand?post=9813"},{"taxonomy":"product_cat","embeddable":true,"href":"https:\/\/ritosa.click.si\/hr\/wp-json\/wp\/v2\/product_cat?post=9813"},{"taxonomy":"product_tag","embeddable":true,"href":"https:\/\/ritosa.click.si\/hr\/wp-json\/wp\/v2\/product_tag?post=9813"}],"curies":[{"name":"radni list","href":"https:\/\/api.w.org\/{rel}","templated":true}]}}