{"id":9753,"date":"2020-11-27T10:57:27","date_gmt":"2020-11-27T10:57:27","guid":{"rendered":"https:\/\/ritosa.click.si\/?post_type=product&#038;p=9753"},"modified":"2025-10-22T12:49:14","modified_gmt":"2025-10-22T10:49:14","slug":"specialized-rbx-comp-logo-team-jacket","status":"publish","type":"product","link":"https:\/\/ritosa.click.si\/hr\/ducan\/biciklizam\/oprema-za-biciklizam\/kolesarska-oblacila\/moska-oblacila\/moske-jakne\/specialized-rbx-comp-logo-team-jacket\/","title":{"rendered":"Jakna Specialized RBX Comp Logo Team"},"content":{"rendered":"<p><span class=\"VIiyi\" lang=\"sl\" xml:lang=\"sl\"><span class=\"JLqJ4b ChMk0b\">Vodootporna, vjetrootporna zimska jakna.<\/span> <span class=\"JLqJ4b ChMk0b\">Prednji dio izra\u0111en od troslojne tkanine Platino 2.0 316: vanjska ljuska od poliestera, srednja vodootporna i prozra\u010dna membrana, unutarnja elasti\u010dna podstava i mekana podstava od bru\u0161enog poliestera.<\/span> Posljednji dio<span class=\"JLqJ4b ChMk0b\"> u boji srebra 250, dvoslojna tkanina s vanjskim slojem poliestera i mekom \u010detkanom elasti\u010dnom podstavom.<\/span> <span class=\"JLqJ4b ChMk0b\">Standardno pristajanje.<\/span> <span class=\"JLqJ4b ChMk0b\">Patentni zatvara\u010d po cijeloj du\u017eini.<\/span> <span class=\"JLqJ4b ChMk0b\">Tri otvorena stra\u017enja d\u017eepa s mekim unutarnjim elasti\u010dnim gornjim otvorom.<\/span> <span class=\"JLqJ4b ChMk0b\">Unutarnja silikonska elastika na donjem rubu.<\/span> <span class=\"JLqJ4b ChMk0b\">Reflektiraju\u0107i elementi za pove\u0107anu vidljivost.<\/span><\/span><\/p>\n<p><span class=\"VIiyi\" lang=\"sl\" xml:lang=\"sl\"><span class=\"JLqJ4b ChMk0b\">Vodootporni stup 10.000 \u2013 Propusnost zraka (Ret) &lt;1,5 m2 \u2013 EN ISO 11092<\/span><\/span><\/p>","protected":false},"excerpt":{"rendered":"<p>Specialized RBX Comp Logo Team vodootporna jakna<\/p>","protected":false},"featured_media":9755,"template":"","meta":{"_acf_changed":false,"inline_featured_image":false,"_monsterinsights_skip_tracking":false,"_monsterinsights_sitenote_active":false,"_monsterinsights_sitenote_note":"","_monsterinsights_sitenote_category":0},"product_brand":[673],"product_cat":[632],"product_tag":[1912,1910,1914,1200,1915],"class_list":{"0":"post-9753","1":"product","2":"type-product","3":"status-publish","4":"has-post-thumbnail","6":"product_brand-specialized","7":"product_cat-moske-jakne","8":"product_tag-jakna","9":"product_tag-jakna-specialized","10":"product_tag-jakna-specialized-rbx-comp-logo-team","11":"product_tag-moski","12":"product_tag-specialized-rbx-comp-logo-team","13":"pa_velikost-l","15":"first","16":"instock","17":"sale","18":"taxable","19":"shipping-taxable","20":"purchasable","21":"product-type-variable"},"acf":[],"aioseo_notices":[],"_links":{"self":[{"href":"https:\/\/ritosa.click.si\/hr\/wp-json\/wp\/v2\/product\/9753","targetHints":{"allow":["GET"]}}],"collection":[{"href":"https:\/\/ritosa.click.si\/hr\/wp-json\/wp\/v2\/product"}],"about":[{"href":"https:\/\/ritosa.click.si\/hr\/wp-json\/wp\/v2\/types\/product"}],"wp:featuredmedia":[{"embeddable":true,"href":"https:\/\/ritosa.click.si\/hr\/wp-json\/wp\/v2\/media\/9755"}],"wp:attachment":[{"href":"https:\/\/ritosa.click.si\/hr\/wp-json\/wp\/v2\/media?parent=9753"}],"wp:term":[{"taxonomy":"product_brand","embeddable":true,"href":"https:\/\/ritosa.click.si\/hr\/wp-json\/wp\/v2\/product_brand?post=9753"},{"taxonomy":"product_cat","embeddable":true,"href":"https:\/\/ritosa.click.si\/hr\/wp-json\/wp\/v2\/product_cat?post=9753"},{"taxonomy":"product_tag","embeddable":true,"href":"https:\/\/ritosa.click.si\/hr\/wp-json\/wp\/v2\/product_tag?post=9753"}],"curies":[{"name":"radni list","href":"https:\/\/api.w.org\/{rel}","templated":true}]}}