{"id":9745,"date":"2020-11-27T09:59:00","date_gmt":"2020-11-27T09:59:00","guid":{"rendered":"https:\/\/ritosa.click.si\/?post_type=product&#038;p=9745"},"modified":"2026-03-12T16:40:14","modified_gmt":"2026-03-12T15:40:14","slug":"specialized-purist-insulated-watergate","status":"publish","type":"product","link":"https:\/\/ritosa.click.si\/hr\/ducan\/biciklizam\/oprema-za-biciklizam\/dodatna-oprema-in-rezervni-deli\/bidoni\/specialized-purist-insulated-watergate\/","title":{"rendered":"Boca CamelBak Podium ICE 0,62 l"},"content":{"rendered":"<p>Izvrsna TERMO boca koja odgovara nosa\u010dima za bicikle i odr\u017eava temperaturu pi\u0107a do 5 puta dulje od ostalih boca.<\/p>\n<p>Boca za vodu CamelBak Ice savr\u0161ena je za sve koji cijene hladnu vodu na svojim biciklisti\u010dkim avanturama. Dizajnirana je s Aeorgel izolacijom koja odr\u017eava temperaturu vode pet puta dulje od drugih boca za vodu. CamelBak Ice se lako stiska, \u0161to vam omogu\u0107uje da popijete vi\u0161e vode uz manje napora.<br \/>\nPoklopac ima samozatvaraju\u0107i Jet Valve koji pove\u0107ava protok, a istovremeno smanjuje prolijevanje i prskanje. Uvijek se otvara ili zatvara jednostavnim okretanjem. Va\u0161e \u0107e tijelo biti pravilno hidrirano, a istovremeno \u0107e se pobolj\u0161ati va\u0161e performanse.<br \/>\nBoca ima veliki otvor za to\u010denje, dodavanje energetskih pi\u0107a, leda i omogu\u0107uje jednostavno \u010di\u0161\u0107enje. Svi dijelovi se lako odvajaju i mogu se bez problema prati u perilici posu\u0111a. Tako\u0111er ima Trutaste polipropilensku tehnologiju s Hydroguard materijalima, tako da uvijek osje\u0107ate okus vode i ni\u0161ta drugo.<br \/>\nPodium Ice ne sadr\u017ei BPA, BPS i BPF u skladu s propisima 100%.<\/p>\n<p>PREDNOSTI<br \/>\n\u2013 Trutaste Hydoguard tehnologija osigurava da okusite svoje pi\u0107e<br \/>\n\u2013 Odr\u017eava temperaturu 5 puta du\u017ee<br \/>\n\u2013 Boca koja se mo\u017ee stisnuti omogu\u0107uje ve\u0107i protok vode<br \/>\n\u2013 Samozatvaraju\u0107i mlazni ventil bez propu\u0161tanja<br \/>\n- Odgovara svim nosa\u010dima za bicikle<br \/>\n\u2013 Pranje u perilici posu\u0111a<\/p>\n<p><strong>Tehni\u010dki opis<\/strong><\/p>\n<ul>\n<li>Veli\u010dina 0,62 l<\/li>\n<li>Te\u017eina 150 g<\/li>\n<\/ul>","protected":false},"excerpt":{"rendered":"<p>Boca CamelBak Podium ICE 0,62 l<\/p>","protected":false},"featured_media":19411,"template":"","meta":{"_acf_changed":false,"inline_featured_image":false,"_monsterinsights_skip_tracking":false,"_monsterinsights_sitenote_active":false,"_monsterinsights_sitenote_note":"","_monsterinsights_sitenote_category":0},"product_brand":[1251],"product_cat":[636],"product_tag":[1475,1479,1488,1474,1489,1490],"class_list":{"0":"post-9745","1":"product","2":"type-product","3":"status-publish","4":"has-post-thumbnail","6":"product_brand-camelbak","7":"product_cat-bidoni","8":"product_tag-bidon","9":"product_tag-bidon-camelbak","10":"product_tag-bidon-camelbak-podium-ice","11":"product_tag-camelbak","12":"product_tag-camelbak-podium-ice","13":"product_tag-podium-ice","15":"first","16":"instock","17":"sale","18":"taxable","19":"shipping-taxable","20":"purchasable","21":"product-type-simple"},"acf":[],"aioseo_notices":[],"_links":{"self":[{"href":"https:\/\/ritosa.click.si\/hr\/wp-json\/wp\/v2\/product\/9745","targetHints":{"allow":["GET"]}}],"collection":[{"href":"https:\/\/ritosa.click.si\/hr\/wp-json\/wp\/v2\/product"}],"about":[{"href":"https:\/\/ritosa.click.si\/hr\/wp-json\/wp\/v2\/types\/product"}],"wp:featuredmedia":[{"embeddable":true,"href":"https:\/\/ritosa.click.si\/hr\/wp-json\/wp\/v2\/media\/19411"}],"wp:attachment":[{"href":"https:\/\/ritosa.click.si\/hr\/wp-json\/wp\/v2\/media?parent=9745"}],"wp:term":[{"taxonomy":"product_brand","embeddable":true,"href":"https:\/\/ritosa.click.si\/hr\/wp-json\/wp\/v2\/product_brand?post=9745"},{"taxonomy":"product_cat","embeddable":true,"href":"https:\/\/ritosa.click.si\/hr\/wp-json\/wp\/v2\/product_cat?post=9745"},{"taxonomy":"product_tag","embeddable":true,"href":"https:\/\/ritosa.click.si\/hr\/wp-json\/wp\/v2\/product_tag?post=9745"}],"curies":[{"name":"radni list","href":"https:\/\/api.w.org\/{rel}","templated":true}]}}