{"id":9718,"date":"2020-11-16T13:22:12","date_gmt":"2020-11-16T13:22:12","guid":{"rendered":"https:\/\/ritosa.click.si\/?post_type=product&#038;p=9718"},"modified":"2026-03-06T17:08:51","modified_gmt":"2026-03-06T16:08:51","slug":"alpina-zupo-disney-set-cars","status":"publish","type":"product","link":"https:\/\/ritosa.click.si\/hr\/ducan\/skijanje\/smucarska-oprema\/smucarske-celade\/otroske-smucarske-celade\/alpina-zupo-disney-set-cars\/","title":{"rendered":"Alpina Zupo Disney Set Cars"},"content":{"rendered":"<p>Najmanje glave trebaju najbolju za\u0161titu. U Disney kolekciji, ALPINA je opremila ZUPO kacige ekskluzivnim modelima. Minnie Mouse, Ratovi zvijezda, Frozen II i Auti\u0107i pratit \u0107e djecu u njihovim avanturama na snijegu. Kaciga se mo\u017ee savr\u0161eno prilagoditi svakom pojedinom obliku glave pomo\u0107u Run Ergo Snow sustava. Savr\u0161eno pristajanje i najbolja mogu\u0107a za\u0161tita su zajam\u010deni. Kaciga ima udobne jastu\u010di\u0107e za u\u0161i, uklonjivu i perivu unutra\u0161njost, ergomatic pri\u010dvr\u0161\u0107ivanje i udobno grijanje vrata, neke su od glavnih karakteristika ove kacige. Disney paket uklju\u010duje prikladno dizajnirane skija\u0161ke nao\u010dale ALPINA PINEY. Nao\u010dale pru\u017eaju iznimnu vidljivost. Zahvaljuju\u0107i Hicon tehnologiji, kontrasti su pobolj\u0161ani, a svi izbo\u010deni dijelovi postaju vidljiviji. Izvrsna ventilacija i Fogstop za\u0161tita sprje\u010davaju smrzavanje le\u0107e. Razina za\u0161tite nao\u010dala: S2<\/p>\n<ul>\n<li>Tehnologija tvrde ljuske, koja je kombinacija tvrde ABS ljuske i unutarnjeg okvira izra\u0111enog od HI-EPS materijala. Unutarnji okvir izra\u0111en je od HI-EPS materijala (ekspandiraju\u0107i polistiren) koji u\u010dinkovito apsorbira sile pri udaru.<\/li>\n<li>Run sustav omogu\u0107uje individualno pode\u0161avanje veli\u010dine rotiraju\u0107im gumbom na stra\u017enjoj strani glave<\/li>\n<li>Ergomatska kop\u010da omogu\u0107uje vi\u0161eslojno pode\u0161avanje, mo\u017ee se kontrolirati samo jednom rukom i automatski se otvara u slu\u010daju nezgode<\/li>\n<li>Optimalna ventilacija i udobnost<\/li>\n<li>Uklonjiva i periva tekstilna podstava<\/li>\n<li>Topli grija\u010d za vrat<\/li>\n<\/ul>","protected":false},"excerpt":{"rendered":"<p>Dje\u010dji set skija\u0161ke kacige Alpina Zupo i skija\u0161kih nao\u010dala Alpina Piney.<\/p>","protected":false},"featured_media":9720,"template":"","meta":{"_acf_changed":false,"inline_featured_image":false},"product_brand":[678],"product_cat":[569],"product_tag":[1198],"class_list":{"0":"post-9718","1":"product","2":"type-product","3":"status-publish","4":"has-post-thumbnail","6":"product_brand-alpina","7":"product_cat-otroske-smucarske-celade","8":"product_tag-otroci","9":"pa_velikost-51-55","11":"first","12":"instock","13":"sale","14":"taxable","15":"shipping-taxable","16":"purchasable","17":"product-type-variable"},"acf":[],"_links":{"self":[{"href":"https:\/\/ritosa.click.si\/hr\/wp-json\/wp\/v2\/product\/9718","targetHints":{"allow":["GET"]}}],"collection":[{"href":"https:\/\/ritosa.click.si\/hr\/wp-json\/wp\/v2\/product"}],"about":[{"href":"https:\/\/ritosa.click.si\/hr\/wp-json\/wp\/v2\/types\/product"}],"wp:featuredmedia":[{"embeddable":true,"href":"https:\/\/ritosa.click.si\/hr\/wp-json\/wp\/v2\/media\/9720"}],"wp:attachment":[{"href":"https:\/\/ritosa.click.si\/hr\/wp-json\/wp\/v2\/media?parent=9718"}],"wp:term":[{"taxonomy":"product_brand","embeddable":true,"href":"https:\/\/ritosa.click.si\/hr\/wp-json\/wp\/v2\/product_brand?post=9718"},{"taxonomy":"product_cat","embeddable":true,"href":"https:\/\/ritosa.click.si\/hr\/wp-json\/wp\/v2\/product_cat?post=9718"},{"taxonomy":"product_tag","embeddable":true,"href":"https:\/\/ritosa.click.si\/hr\/wp-json\/wp\/v2\/product_tag?post=9718"}],"curies":[{"name":"radni list","href":"https:\/\/api.w.org\/{rel}","templated":true}]}}