{"id":9574,"date":"2020-10-22T12:35:51","date_gmt":"2020-10-22T12:35:51","guid":{"rendered":"https:\/\/ritosa.click.si\/?post_type=product&#038;p=9574"},"modified":"2026-03-25T09:20:48","modified_gmt":"2026-03-25T08:20:48","slug":"tofit-stelvio-z-naramnicami","status":"publish","type":"product","link":"https:\/\/ritosa.click.si\/hr\/ducan\/biciklizam\/oprema-za-biciklizam\/kolesarska-oblacila\/moska-oblacila\/moske-hlace\/tofit-stelvio-z-naramnicami\/","title":{"rendered":"TOFIT Stelvio s aparati\u0107em za zube"},"content":{"rendered":"<p class=\"tw-data-text tw-text-large tw-ta\" id=\"tw-target-text\" style=\"text-align:left;\" dir=\"ltr\"><span class=\"Y2IQFc\" lang=\"sl\" xml:lang=\"sl\">Istra\u017eite na\u0161e Stelvio zimske hla\u010de, dizajnirane da vam pru\u017ee potpunu za\u0161titu od hladno\u0107e, vjetra, prskanja i ki\u0161e tijekom va\u0161ih zimskih avantura. Pa\u017eljivo izra\u0111ene kako bi se osigurala izvrsna izolacija, maksimalna udobnost i prozra\u010dnost. Svaki panel posebno je izra\u0111en od Blizzard tkanine i tretiran Acquazero-om kako bi za\u0161titio tijelo od sile vjetra i zraka. Kori\u0161tenje Blizzarda s Acquazero tretmanom osigurava vodootpornost prvih 60 minuta kori\u0161tenja i u\u010dinkovitu toplinsku izolaciju. To je omogu\u0107eno toplinskim zra\u010dnim d\u017eepovima koji, zadr\u017eavanjem topline unutra, eliminiraju potrebu za laminiranom membranom. Do\u010dekajte zimu sa stilom, udobno\u0161\u0107u i sigurno\u0161\u0107u zahvaljuju\u0107i Stelvio tajicama.<\/span><\/p>\n<p><span class=\"tlid-translation translation\" xml:lang=\"sl\" lang=\"sl\"><span title=\"\"><\/span><br \/><\/span><\/p>","protected":false},"excerpt":{"rendered":"<p><span class=\"Y2IQFc\" lang=\"sl\" xml:lang=\"sl\">Istra\u017eite na\u0161e zimske hla\u010de Stelvio, dizajnirane da vam pru\u017ee potpunu za\u0161titu od hladno\u0107e, vjetra, prskanja i ki\u0161e tijekom va\u0161ih zimskih avantura.<\/span><\/p>","protected":false},"featured_media":9579,"template":"","meta":{"_acf_changed":false,"inline_featured_image":false,"_monsterinsights_skip_tracking":false,"_monsterinsights_sitenote_active":false,"_monsterinsights_sitenote_note":"","_monsterinsights_sitenote_category":0},"product_brand":[],"product_cat":[623],"product_tag":[1200],"class_list":{"0":"post-9574","1":"product","2":"type-product","3":"status-publish","4":"has-post-thumbnail","6":"product_cat-moske-hlace","7":"product_tag-moski","8":"pa_velikost-l","9":"pa_velikost-m","10":"pa_velikost-xl","11":"pa_velikost-xxl","13":"first","14":"onbackorder","15":"taxable","16":"shipping-taxable","17":"purchasable","18":"product-type-variable"},"acf":[],"aioseo_notices":[],"_links":{"self":[{"href":"https:\/\/ritosa.click.si\/hr\/wp-json\/wp\/v2\/product\/9574","targetHints":{"allow":["GET"]}}],"collection":[{"href":"https:\/\/ritosa.click.si\/hr\/wp-json\/wp\/v2\/product"}],"about":[{"href":"https:\/\/ritosa.click.si\/hr\/wp-json\/wp\/v2\/types\/product"}],"wp:featuredmedia":[{"embeddable":true,"href":"https:\/\/ritosa.click.si\/hr\/wp-json\/wp\/v2\/media\/9579"}],"wp:attachment":[{"href":"https:\/\/ritosa.click.si\/hr\/wp-json\/wp\/v2\/media?parent=9574"}],"wp:term":[{"taxonomy":"product_brand","embeddable":true,"href":"https:\/\/ritosa.click.si\/hr\/wp-json\/wp\/v2\/product_brand?post=9574"},{"taxonomy":"product_cat","embeddable":true,"href":"https:\/\/ritosa.click.si\/hr\/wp-json\/wp\/v2\/product_cat?post=9574"},{"taxonomy":"product_tag","embeddable":true,"href":"https:\/\/ritosa.click.si\/hr\/wp-json\/wp\/v2\/product_tag?post=9574"}],"curies":[{"name":"radni list","href":"https:\/\/api.w.org\/{rel}","templated":true}]}}