{"id":9564,"date":"2020-10-22T12:29:52","date_gmt":"2020-10-22T12:29:52","guid":{"rendered":"https:\/\/ritosa.click.si\/?post_type=product&#038;p=9564"},"modified":"2026-03-25T09:20:48","modified_gmt":"2026-03-25T08:20:48","slug":"tofit-tundra-z-naramnicami","status":"publish","type":"product","link":"https:\/\/ritosa.click.si\/hr\/ducan\/biciklizam\/oprema-za-biciklizam\/kolesarska-oblacila\/moska-oblacila\/moske-hlace\/tofit-tundra-z-naramnicami\/","title":{"rendered":"TOFIT Tundra s aparati\u0107em za zube"},"content":{"rendered":"<div class=\"text-wrap tlid-copy-target\">\n<div class=\"result-shield-container tlid-copy-target\">\n<p class=\"tw-data-text tw-text-large tw-ta\" id=\"tw-target-text\" style=\"text-align:left;\" dir=\"ltr\"><span class=\"Y2IQFc\" lang=\"sl\" xml:lang=\"sl\">Na\u0161e Tundra hla\u010de izra\u0111ene su od udobne BLIZZARD ACQUAZERO tkanine, idealne za najnepovoljnije vremenske uvjete. Perforirani gornji dio od tkanine za bolju prozra\u010dnost. Anatomska konstrukcija i detalji RELIEF tkanine za ve\u0107u nosivost i udobnost. Opremljene su antibakterijskom, hipoalergenom, prozra\u010dnom podstavom od 120 kg za izvrsnu udobnost tijekom najte\u017eih i najdu\u017eih putovanja.<\/span><\/p>\n<p><span class=\"tlid-translation-gender-indicator translation-gender-indicator\"><\/span><\/div>\n<\/div>","protected":false},"excerpt":{"rendered":"<p>Duge zimske hla\u010de otporne na vjetar i vodu. Udobne za najte\u017ea i najdu\u017ea putovanja.<\/p>","protected":false},"featured_media":9566,"template":"","meta":{"_acf_changed":false,"inline_featured_image":false},"product_brand":[],"product_cat":[623],"product_tag":[1200],"class_list":{"0":"post-9564","1":"product","2":"type-product","3":"status-publish","4":"has-post-thumbnail","6":"product_cat-moske-hlace","7":"product_tag-moski","8":"pa_velikost-xl","9":"pa_velikost-xxl","10":"pa_velikost-xxxl","12":"first","13":"onbackorder","14":"taxable","15":"shipping-taxable","16":"purchasable","17":"product-type-variable"},"acf":[],"_links":{"self":[{"href":"https:\/\/ritosa.click.si\/hr\/wp-json\/wp\/v2\/product\/9564","targetHints":{"allow":["GET"]}}],"collection":[{"href":"https:\/\/ritosa.click.si\/hr\/wp-json\/wp\/v2\/product"}],"about":[{"href":"https:\/\/ritosa.click.si\/hr\/wp-json\/wp\/v2\/types\/product"}],"wp:featuredmedia":[{"embeddable":true,"href":"https:\/\/ritosa.click.si\/hr\/wp-json\/wp\/v2\/media\/9566"}],"wp:attachment":[{"href":"https:\/\/ritosa.click.si\/hr\/wp-json\/wp\/v2\/media?parent=9564"}],"wp:term":[{"taxonomy":"product_brand","embeddable":true,"href":"https:\/\/ritosa.click.si\/hr\/wp-json\/wp\/v2\/product_brand?post=9564"},{"taxonomy":"product_cat","embeddable":true,"href":"https:\/\/ritosa.click.si\/hr\/wp-json\/wp\/v2\/product_cat?post=9564"},{"taxonomy":"product_tag","embeddable":true,"href":"https:\/\/ritosa.click.si\/hr\/wp-json\/wp\/v2\/product_tag?post=9564"}],"curies":[{"name":"radni list","href":"https:\/\/api.w.org\/{rel}","templated":true}]}}