{"id":9555,"date":"2020-10-22T12:11:14","date_gmt":"2020-10-22T12:11:14","guid":{"rendered":"https:\/\/ritosa.click.si\/?post_type=product&#038;p=9555"},"modified":"2025-10-23T11:12:05","modified_gmt":"2025-10-23T09:12:05","slug":"specialized-deflect-comp-windjacket-2","status":"publish","type":"product","link":"https:\/\/ritosa.click.si\/hr\/ducan\/biciklizam\/oprema-za-biciklizam\/kolesarska-oblacila\/moska-oblacila\/moske-jakne\/specialized-deflect-comp-windjacket-2\/","title":{"rendered":"Jakna Force FLASH"},"content":{"rendered":"<p>Reflektiraju\u0107a jakna Force FLASH s patentnim zatvara\u010dem po cijeloj du\u017eini. Unisex model. Glavni dijelovi su otporni na vjetar, mre\u017easti paneli sa strane, ispod pazuha i le\u0111a za bolju ventilaciju te stra\u017enji d\u017eep s patentnim zatvara\u010dem.<\/p>\n<ul>\n<li>temperaturni raspon: +10 \u00b0C do +15 \u00b0C<\/li>\n<li>materijal: 100 % poliester<\/li>\n<\/ul>","protected":false},"excerpt":{"rendered":"<p>Reflektiraju\u0107a jakna Force FLASH za izvrsnu vidljivost u mraku.<\/p>","protected":false},"featured_media":19998,"template":"","meta":{"_acf_changed":false,"inline_featured_image":false},"product_brand":[1559],"product_cat":[632,626],"product_tag":[1460,1964,1925,1963,1200,1965,1966],"class_list":{"0":"post-9555","1":"product","2":"type-product","3":"status-publish","4":"has-post-thumbnail","6":"product_brand-force","7":"product_cat-moske-jakne","8":"product_cat-zenske-jakne","9":"product_tag-force","10":"product_tag-force-flash","11":"product_tag-jakna-force","12":"product_tag-jakna-force-flash","13":"product_tag-moski","14":"product_tag-vetrovka-force","15":"product_tag-vetrovka-force-flash","16":"pa_velikost-xl","18":"first","19":"instock","20":"sale","21":"taxable","22":"shipping-taxable","23":"purchasable","24":"product-type-variable"},"acf":[],"_links":{"self":[{"href":"https:\/\/ritosa.click.si\/hr\/wp-json\/wp\/v2\/product\/9555","targetHints":{"allow":["GET"]}}],"collection":[{"href":"https:\/\/ritosa.click.si\/hr\/wp-json\/wp\/v2\/product"}],"about":[{"href":"https:\/\/ritosa.click.si\/hr\/wp-json\/wp\/v2\/types\/product"}],"wp:featuredmedia":[{"embeddable":true,"href":"https:\/\/ritosa.click.si\/hr\/wp-json\/wp\/v2\/media\/19998"}],"wp:attachment":[{"href":"https:\/\/ritosa.click.si\/hr\/wp-json\/wp\/v2\/media?parent=9555"}],"wp:term":[{"taxonomy":"product_brand","embeddable":true,"href":"https:\/\/ritosa.click.si\/hr\/wp-json\/wp\/v2\/product_brand?post=9555"},{"taxonomy":"product_cat","embeddable":true,"href":"https:\/\/ritosa.click.si\/hr\/wp-json\/wp\/v2\/product_cat?post=9555"},{"taxonomy":"product_tag","embeddable":true,"href":"https:\/\/ritosa.click.si\/hr\/wp-json\/wp\/v2\/product_tag?post=9555"}],"curies":[{"name":"radni list","href":"https:\/\/api.w.org\/{rel}","templated":true}]}}