{"id":9551,"date":"2020-10-22T12:07:25","date_gmt":"2020-10-22T12:07:25","guid":{"rendered":"https:\/\/ritosa.click.si\/?post_type=product&#038;p=9551"},"modified":"2025-10-22T13:34:27","modified_gmt":"2025-10-22T11:34:27","slug":"specialized-deflect-wind-jacket","status":"publish","type":"product","link":"https:\/\/ritosa.click.si\/hr\/ducan\/biciklizam\/oprema-za-biciklizam\/kolesarska-oblacila\/moska-oblacila\/moske-jakne\/specialized-deflect-wind-jacket\/","title":{"rendered":"Prsluk Force WINDPRO"},"content":{"rendered":"<p><span class=\"tlid-translation translation\" lang=\"sl\" xml:lang=\"sl\"><span title=\"\">Vodootporni prsluk Force WINDPRO, <\/span><span title=\"\">unisex. Zatvara\u010d po cijeloj du\u017eini, <\/span><\/span><span class=\"tlid-translation translation\" lang=\"sl\" xml:lang=\"sl\"><span title=\"\">za\u0161ti\u0107eni patentni zatvara\u010d<\/span><\/span><span class=\"tlid-translation translation\" lang=\"sl\" xml:lang=\"sl\">,\u00a0<\/span><span class=\"tlid-translation translation\" lang=\"sl\" xml:lang=\"sl\"><span title=\"\">reflektiraju\u0107a svojstva,\u00a0<\/span><\/span><span class=\"tlid-translation translation\" lang=\"sl\" xml:lang=\"sl\"><span title=\"\">elasti\u010dni rub oko ramena i donjeg ruba. T<\/span><\/span><span class=\"tlid-translation translation\" lang=\"sl\" xml:lang=\"sl\"><span title=\"\">Prsluk se mo\u017ee sklopiti u stra\u017enji d\u017eep.\u00a0<\/span><\/span><\/p>\n<ul>\n<li><span class=\"tlid-translation translation\" lang=\"sl\" xml:lang=\"sl\"><span class=\"VIiyi\" lang=\"sl\" xml:lang=\"sl\"><span class=\"JLqJ4b ChMk0b\">temperatura: +20 \u00b0C i vi\u0161e<\/span><\/span><\/span><\/li>\n<li><span class=\"tlid-translation translation\" lang=\"sl\" xml:lang=\"sl\"><span title=\"\">materijal: 100% poliester<\/span><\/span><\/li>\n<\/ul>","protected":false},"excerpt":{"rendered":"<p><span class=\"tlid-translation translation\" lang=\"sl\" xml:lang=\"sl\"><span title=\"\">Vodootporni biciklisti\u010dki prsluk Force WINDPRO.\u00a0<\/span><\/span><\/p>","protected":false},"featured_media":19968,"template":"","meta":{"_acf_changed":false,"inline_featured_image":false,"_monsterinsights_skip_tracking":false,"_monsterinsights_sitenote_active":false,"_monsterinsights_sitenote_note":"","_monsterinsights_sitenote_category":0},"product_brand":[1559],"product_cat":[632],"product_tag":[1933,1932,1934,1935,1937,1936,1200],"class_list":{"0":"post-9551","1":"product","2":"type-product","3":"status-publish","4":"has-post-thumbnail","6":"product_brand-force","7":"product_cat-moske-jakne","8":"product_tag-brezrokavnik-force","9":"product_tag-brezrokavnik-force-windpro","10":"product_tag-force-windpro","11":"product_tag-jakna-force-windpro","12":"product_tag-kolesarska-jakna-force-windpro","13":"product_tag-kolesarski-brezrokavnik-force-windpro","14":"product_tag-moski","15":"pa_velikost-xxl","17":"first","18":"instock","19":"sale","20":"taxable","21":"shipping-taxable","22":"purchasable","23":"product-type-variable"},"acf":[],"aioseo_notices":[],"_links":{"self":[{"href":"https:\/\/ritosa.click.si\/hr\/wp-json\/wp\/v2\/product\/9551","targetHints":{"allow":["GET"]}}],"collection":[{"href":"https:\/\/ritosa.click.si\/hr\/wp-json\/wp\/v2\/product"}],"about":[{"href":"https:\/\/ritosa.click.si\/hr\/wp-json\/wp\/v2\/types\/product"}],"wp:featuredmedia":[{"embeddable":true,"href":"https:\/\/ritosa.click.si\/hr\/wp-json\/wp\/v2\/media\/19968"}],"wp:attachment":[{"href":"https:\/\/ritosa.click.si\/hr\/wp-json\/wp\/v2\/media?parent=9551"}],"wp:term":[{"taxonomy":"product_brand","embeddable":true,"href":"https:\/\/ritosa.click.si\/hr\/wp-json\/wp\/v2\/product_brand?post=9551"},{"taxonomy":"product_cat","embeddable":true,"href":"https:\/\/ritosa.click.si\/hr\/wp-json\/wp\/v2\/product_cat?post=9551"},{"taxonomy":"product_tag","embeddable":true,"href":"https:\/\/ritosa.click.si\/hr\/wp-json\/wp\/v2\/product_tag?post=9551"}],"curies":[{"name":"radni list","href":"https:\/\/api.w.org\/{rel}","templated":true}]}}