{"id":9548,"date":"2020-10-22T11:59:24","date_gmt":"2020-10-22T11:59:24","guid":{"rendered":"https:\/\/ritosa.click.si\/?post_type=product&#038;p=9548"},"modified":"2026-03-27T17:38:17","modified_gmt":"2026-03-27T16:38:17","slug":"specialized-element-rbx-sport-jacket-2","status":"publish","type":"product","link":"https:\/\/ritosa.click.si\/hr\/ducan\/biciklizam\/oprema-za-biciklizam\/kolesarska-oblacila\/moska-oblacila\/moske-jakne\/specialized-element-rbx-sport-jacket-2\/","title":{"rendered":"Jakna Specialized Element RBX Sport"},"content":{"rendered":"<p><span class=\"tlid-translation translation\" lang=\"sl\" xml:lang=\"sl\"><span title=\"\">Prednji dio izra\u0111en od troslojne tkanine GOLD280 WR: vanjski sloj od poliestera s vodoodbojnim tretmanom, topli hidrofilni unutarnji sloj koji olak\u0161ava isparavanje vlage i prozra\u010dna membrana izme\u0111u.<\/span> <span title=\"\">Le\u0111a i dio rukava od toplog flisa Lombardia.<\/span> <span title=\"\">Dva otvorena stra\u017enja d\u017eepa.<\/span> <span title=\"\">Patentni zatvara\u010d po cijeloj du\u017eini.<\/span> <span title=\"\">Standardno pristajanje.<\/span><\/span><\/p>","protected":false},"excerpt":{"rendered":"<p><span class=\"tlid-translation translation\" lang=\"sl\" xml:lang=\"sl\"><span title=\"\">Specialized Element RBX Sport vodootporna zimska vjetrovka.<\/span><\/span><\/p>","protected":false},"featured_media":9550,"template":"","meta":{"_acf_changed":false,"inline_featured_image":false,"_monsterinsights_skip_tracking":false,"_monsterinsights_sitenote_active":false,"_monsterinsights_sitenote_note":"","_monsterinsights_sitenote_category":0},"product_brand":[673],"product_cat":[632],"product_tag":[1910,1908,1200,1909],"class_list":{"0":"post-9548","1":"product","2":"type-product","3":"status-publish","4":"has-post-thumbnail","6":"product_brand-specialized","7":"product_cat-moske-jakne","8":"product_tag-jakna-specialized","9":"product_tag-jakna-specialized-element-rbx-sport","10":"product_tag-moski","11":"product_tag-specialized-element-rbx-sport","12":"pa_velikost-s","14":"first","15":"instock","16":"sale","17":"taxable","18":"shipping-taxable","19":"purchasable","20":"product-type-variable"},"acf":[],"aioseo_notices":[],"_links":{"self":[{"href":"https:\/\/ritosa.click.si\/hr\/wp-json\/wp\/v2\/product\/9548","targetHints":{"allow":["GET"]}}],"collection":[{"href":"https:\/\/ritosa.click.si\/hr\/wp-json\/wp\/v2\/product"}],"about":[{"href":"https:\/\/ritosa.click.si\/hr\/wp-json\/wp\/v2\/types\/product"}],"wp:featuredmedia":[{"embeddable":true,"href":"https:\/\/ritosa.click.si\/hr\/wp-json\/wp\/v2\/media\/9550"}],"wp:attachment":[{"href":"https:\/\/ritosa.click.si\/hr\/wp-json\/wp\/v2\/media?parent=9548"}],"wp:term":[{"taxonomy":"product_brand","embeddable":true,"href":"https:\/\/ritosa.click.si\/hr\/wp-json\/wp\/v2\/product_brand?post=9548"},{"taxonomy":"product_cat","embeddable":true,"href":"https:\/\/ritosa.click.si\/hr\/wp-json\/wp\/v2\/product_cat?post=9548"},{"taxonomy":"product_tag","embeddable":true,"href":"https:\/\/ritosa.click.si\/hr\/wp-json\/wp\/v2\/product_tag?post=9548"}],"curies":[{"name":"radni list","href":"https:\/\/api.w.org\/{rel}","templated":true}]}}