{"id":9544,"date":"2020-10-22T11:57:45","date_gmt":"2020-10-22T11:57:45","guid":{"rendered":"https:\/\/ritosa.click.si\/?post_type=product&#038;p=9544"},"modified":"2025-10-22T17:08:25","modified_gmt":"2025-10-22T15:08:25","slug":"specialized-element-rbx-sport-jacket","status":"publish","type":"product","link":"https:\/\/ritosa.click.si\/hr\/ducan\/biciklizam\/oprema-za-biciklizam\/kolesarska-oblacila\/moska-oblacila\/moske-jakne\/specialized-element-rbx-sport-jacket\/","title":{"rendered":"Prsluk Ziener NECHAMUS"},"content":{"rendered":"<p data-start=\"45\" data-end=\"759\">Funkcionalna ZIENER NECHAMUS vjetrovka za mu\u0161karce pravi je svestrani proizvod. Vjetrootporni i vodoodbojni WINDSHIELD\u00ae materijal sprje\u010dava hla\u0111enje tijela i \u0161titi od lagane ki\u0161e. Osim toga, materijal koji se raste\u017ee u 4 smjera osigurava optimalnu slobodu kretanja. Elasti\u010dni rub, otvori za ruke i ovratnik osiguravaju maksimalnu udobnost. Dvostruki stra\u017enji d\u017eep nudi puno prostora za pohranu bitnih predmeta. Zbog izuzetno male spakiranosti i te\u017eine, lako je prenosiva i prikladna za sve ture. Prsluk ima ukrasne, reflektiraju\u0107e elemente. Proizvod ne sadr\u017ei PFC - ZIENER koristi ekolo\u0161ki prihvatljiv premaz za vodoodbojnost, tako da se u okoli\u0161 ne ispu\u0161taju opasne tvari. Ekolo\u0161ki prihvatljivo i visokou\u010dinkovito!<\/p>\n<p data-start=\"72\" data-end=\"234\">\u2022 Dva d\u017eepa na stra\u017enjoj strani<br data-start=\"99\" data-end=\"102\" \/>\u2022 Elasti\u010dni rubovi na donjem rubu, otvorima za ruke i ovratniku<br data-start=\"167\" data-end=\"170\" \/>\u2022 Reflektiraju\u0107i ukrasni elementi<br data-start=\"200\" data-end=\"203\" \/>\u2022 Mali i lagani sklopivi<\/p>","protected":false},"excerpt":{"rendered":"<p>Ziener NECHAMUS vjetrovka bez rukava u bordo crvenoj boji.<\/p>","protected":false},"featured_media":19984,"template":"","meta":{"_acf_changed":false,"inline_featured_image":false},"product_brand":[682],"product_cat":[632],"product_tag":[1949,1947,1952,1951,1950,1200,1948],"class_list":{"0":"post-9544","1":"product","2":"type-product","3":"status-publish","4":"has-post-thumbnail","6":"product_brand-ziener","7":"product_cat-moske-jakne","8":"product_tag-brezrokavnik-ziener","9":"product_tag-brezrokavnik-ziener-nechamus","10":"product_tag-jakna-za-na-kolo","11":"product_tag-kolesarski-brezrokavnik","12":"product_tag-kolesarski-brezrokavnik-ziener","13":"product_tag-moski","14":"product_tag-ziener-nechamus","15":"pa_velikost-1091","17":"first","18":"instock","19":"sale","20":"taxable","21":"shipping-taxable","22":"purchasable","23":"product-type-variable"},"acf":[],"_links":{"self":[{"href":"https:\/\/ritosa.click.si\/hr\/wp-json\/wp\/v2\/product\/9544","targetHints":{"allow":["GET"]}}],"collection":[{"href":"https:\/\/ritosa.click.si\/hr\/wp-json\/wp\/v2\/product"}],"about":[{"href":"https:\/\/ritosa.click.si\/hr\/wp-json\/wp\/v2\/types\/product"}],"wp:featuredmedia":[{"embeddable":true,"href":"https:\/\/ritosa.click.si\/hr\/wp-json\/wp\/v2\/media\/19984"}],"wp:attachment":[{"href":"https:\/\/ritosa.click.si\/hr\/wp-json\/wp\/v2\/media?parent=9544"}],"wp:term":[{"taxonomy":"product_brand","embeddable":true,"href":"https:\/\/ritosa.click.si\/hr\/wp-json\/wp\/v2\/product_brand?post=9544"},{"taxonomy":"product_cat","embeddable":true,"href":"https:\/\/ritosa.click.si\/hr\/wp-json\/wp\/v2\/product_cat?post=9544"},{"taxonomy":"product_tag","embeddable":true,"href":"https:\/\/ritosa.click.si\/hr\/wp-json\/wp\/v2\/product_tag?post=9544"}],"curies":[{"name":"radni list","href":"https:\/\/api.w.org\/{rel}","templated":true}]}}