{"id":9533,"date":"2025-10-24T11:20:48","date_gmt":"2025-10-24T09:20:48","guid":{"rendered":"https:\/\/ritosa.click.si\/?post_type=product&#038;p=9533"},"modified":"2026-03-25T09:18:37","modified_gmt":"2026-03-25T08:18:37","slug":"specialized-element-rbx-expert-jacket","status":"publish","type":"product","link":"https:\/\/ritosa.click.si\/hr\/ducan\/biciklizam\/oprema-za-biciklizam\/kolesarska-oblacila\/moska-oblacila\/moske-jakne\/specialized-element-rbx-expert-jacket\/","title":{"rendered":"Majica Pissei Team UAE World Champion 2025"},"content":{"rendered":"<div id=\"nasa-tab-description\" class=\"nasa-panel nasa-content-description active\">\n<div class=\"row\">\n<div class=\"large-12 columns nasa-content-panel\">\n<div class=\"attribute-header description-header\">\n<p>Biciklisti\u010dki dres Pissei Jersey Team UAE 2025 World Champion je biciklisti\u010dki dres Tadeja Poga\u010dara, koji obilje\u017eava svjetskog prvaka. Dres je izra\u0111en od tri razli\u010dita materijala (prednji dio, rukavi, stra\u017enji dio) \u0161to omogu\u0107uje udobnost, aerodinamiku i prozra\u010dnost. Takva konstrukcija osigurava pristajanje svim tipovima tijela, rukav je izra\u0111en od aerodinami\u010dne tkanine, koja je u kontrastu s mre\u017eastim stra\u017enjim dijelom, \u0161to omogu\u0107uje maksimalnu prozra\u010dnost. Na donjem rubu nalazi se poseban silikonski premaz koji poma\u017ee da dres ostane na mjestu. Ima tri prakti\u010dna d\u017eepa na stra\u017enjoj strani. Dres je vrlo atraktivan i udoban za no\u0161enje.<\/p>\n<\/div>\n<\/div>\n<\/div>\n<\/div>","protected":false},"excerpt":{"rendered":"<p>Biciklisti\u010dki dres dugih rukava Tadej Poga\u010dar Team UAE.<\/p>","protected":false},"featured_media":19994,"template":"","meta":{"_acf_changed":false,"inline_featured_image":false},"product_brand":[],"product_cat":[632,622],"product_tag":[1960,1982,1981,1200,1956,1955,1953,1961,1959,1954],"class_list":{"0":"post-9533","1":"product","2":"type-product","3":"status-publish","4":"has-post-thumbnail","6":"product_cat-moske-jakne","7":"product_cat-moske-majice","8":"product_tag-kolesarska-majica-tadeja-pogacarja-z-dolgimi-rokavi-team-uae","9":"product_tag-majica-pissei-team-uae-svetovni-prvak-2025","10":"product_tag-majica-tadeja-pogacarja","11":"product_tag-moski","12":"product_tag-pissei","13":"product_tag-pissei-majica-long-jersey","14":"product_tag-pissei-majica-long-jersey-team-uae-svetovni-prvak-2025","15":"product_tag-tadej-pogacar","16":"product_tag-tadej-pogacar-dres","17":"product_tag-team-uae-svetovni-prvak-2025","18":"pa_velikost-l","19":"pa_velikost-xl","21":"first","22":"instock","23":"sale","24":"taxable","25":"shipping-taxable","26":"purchasable","27":"product-type-variable"},"acf":[],"_links":{"self":[{"href":"https:\/\/ritosa.click.si\/hr\/wp-json\/wp\/v2\/product\/9533","targetHints":{"allow":["GET"]}}],"collection":[{"href":"https:\/\/ritosa.click.si\/hr\/wp-json\/wp\/v2\/product"}],"about":[{"href":"https:\/\/ritosa.click.si\/hr\/wp-json\/wp\/v2\/types\/product"}],"wp:featuredmedia":[{"embeddable":true,"href":"https:\/\/ritosa.click.si\/hr\/wp-json\/wp\/v2\/media\/19994"}],"wp:attachment":[{"href":"https:\/\/ritosa.click.si\/hr\/wp-json\/wp\/v2\/media?parent=9533"}],"wp:term":[{"taxonomy":"product_brand","embeddable":true,"href":"https:\/\/ritosa.click.si\/hr\/wp-json\/wp\/v2\/product_brand?post=9533"},{"taxonomy":"product_cat","embeddable":true,"href":"https:\/\/ritosa.click.si\/hr\/wp-json\/wp\/v2\/product_cat?post=9533"},{"taxonomy":"product_tag","embeddable":true,"href":"https:\/\/ritosa.click.si\/hr\/wp-json\/wp\/v2\/product_tag?post=9533"}],"curies":[{"name":"radni list","href":"https:\/\/api.w.org\/{rel}","templated":true}]}}