{"id":9511,"date":"2020-10-22T10:42:21","date_gmt":"2020-10-22T10:42:21","guid":{"rendered":"https:\/\/ritosa.click.si\/?post_type=product&#038;p=9511"},"modified":"2026-04-07T13:57:46","modified_gmt":"2026-04-07T11:57:46","slug":"specialized-element-rbx-sport-logo-jacket-2","status":"publish","type":"product","link":"https:\/\/ritosa.click.si\/hr\/ducan\/biciklizam\/oprema-za-biciklizam\/kolesarska-oblacila\/moska-oblacila\/moske-jakne\/specialized-element-rbx-sport-logo-jacket-2\/","title":{"rendered":"Jakna NEMIL-Z Ziener"},"content":{"rendered":"<p data-start=\"0\" data-end=\"272\">Vodootporna, vjetrootporna i prozra\u010dna membrana AQUASHIELD\u00ae osigurava ugodnu i suhu klimu u svim vremenskim uvjetima (vodeni stupac 10.000 mm \/ prozra\u010dnost 10.000 g\/m\u00b2\/24h). Elasti\u010dni materijal jakne omogu\u0107uje optimalnu slobodu kretanja, dok lijepljeni \u0161avovi i vodootporni prednji patentni zatvara\u010di dodatno pove\u0107avaju za\u0161titu. Fiksna kapulja\u010da s visokim ovratnikom odr\u017eava vas suhima i na ki\u0161i. Ako se po\u010dnete znojiti, prednji patentni zatvara\u010d ZIENER AIRFLOW s mre\u017eastom podstavom mo\u017ee se otvoriti za ventilaciju. Stra\u017enji ventilacijski otvor pru\u017ea dodatni protok zraka. Djelomi\u010dno elasti\u010dni man\u017eeti i kapulja\u010da, zajedno s podesivom \u0161irinom na rubu i kapulja\u010di, osiguravaju savr\u0161eno pristajanje. Dva bo\u010dna d\u017eepa s patentnim zatvara\u010dem nude dovoljno prostora za osnovne stvari. Jakna tako\u0111er ima dekorativne reflektiraju\u0107e elemente za bolju vidljivost. Vodootporna obrada jakne je bez PFAS-a.<\/p>","protected":false},"excerpt":{"rendered":"<p>Funkcionalna mu\u0161ka ki\u0161na jakna ZIENER NEMIL-Z MAN savr\u0161en je pratitelj za sve biciklisti\u010dke ture.<\/p>","protected":false},"featured_media":22744,"template":"","meta":{"_acf_changed":false,"inline_featured_image":false,"_monsterinsights_skip_tracking":false,"_monsterinsights_sitenote_active":false,"_monsterinsights_sitenote_note":"","_monsterinsights_sitenote_category":0},"product_brand":[682],"product_cat":[632],"product_tag":[1200],"class_list":{"0":"post-9511","1":"product","2":"type-product","3":"status-publish","4":"has-post-thumbnail","6":"product_brand-ziener","7":"product_cat-moske-jakne","8":"product_tag-moski","9":"pa_velikost-1090","10":"pa_velikost-1042","12":"first","13":"instock","14":"sale","15":"taxable","16":"shipping-taxable","17":"purchasable","18":"product-type-variable"},"acf":[],"aioseo_notices":[],"_links":{"self":[{"href":"https:\/\/ritosa.click.si\/hr\/wp-json\/wp\/v2\/product\/9511","targetHints":{"allow":["GET"]}}],"collection":[{"href":"https:\/\/ritosa.click.si\/hr\/wp-json\/wp\/v2\/product"}],"about":[{"href":"https:\/\/ritosa.click.si\/hr\/wp-json\/wp\/v2\/types\/product"}],"wp:featuredmedia":[{"embeddable":true,"href":"https:\/\/ritosa.click.si\/hr\/wp-json\/wp\/v2\/media\/22744"}],"wp:attachment":[{"href":"https:\/\/ritosa.click.si\/hr\/wp-json\/wp\/v2\/media?parent=9511"}],"wp:term":[{"taxonomy":"product_brand","embeddable":true,"href":"https:\/\/ritosa.click.si\/hr\/wp-json\/wp\/v2\/product_brand?post=9511"},{"taxonomy":"product_cat","embeddable":true,"href":"https:\/\/ritosa.click.si\/hr\/wp-json\/wp\/v2\/product_cat?post=9511"},{"taxonomy":"product_tag","embeddable":true,"href":"https:\/\/ritosa.click.si\/hr\/wp-json\/wp\/v2\/product_tag?post=9511"}],"curies":[{"name":"radni list","href":"https:\/\/api.w.org\/{rel}","templated":true}]}}