{"id":9508,"date":"2020-10-22T10:39:00","date_gmt":"2020-10-22T10:39:00","guid":{"rendered":"https:\/\/ritosa.click.si\/?post_type=product&#038;p=9508"},"modified":"2025-10-22T12:34:00","modified_gmt":"2025-10-22T10:34:00","slug":"specialized-element-rbx-sport-logo-jacket","status":"publish","type":"product","link":"https:\/\/ritosa.click.si\/hr\/ducan\/biciklizam\/oprema-za-biciklizam\/kolesarska-oblacila\/moska-oblacila\/moske-jakne\/specialized-element-rbx-sport-logo-jacket\/","title":{"rendered":"Jakna Specialized Element RBX Sport Logo"},"content":{"rendered":"<p><span class=\"tlid-translation translation\" lang=\"sl\" xml:lang=\"sl\"> <span title=\"\">Prednji dio izra\u0111en od troslojne tkanine GOLD282 WR. <\/span><span title=\"\">Le\u0111a od mekog flisa Lombardia.<\/span> <span title=\"\">Standardni kroj, dva otvorena stra\u017enja d\u017eepa s elasti\u010dnom trakom na vrhu.<\/span> <span title=\"\">Reflektiraju\u0107i elementi za dobru vidljivost.<\/span> <span title=\"\">Patentni zatvara\u010d po cijeloj du\u017eini.<\/span><\/span><\/p>","protected":false},"excerpt":{"rendered":"<p>Topla zimska jakna, pogodna i za jesenske uvjete.<\/p>","protected":false},"featured_media":9510,"template":"","meta":{"_acf_changed":false,"inline_featured_image":false,"_monsterinsights_skip_tracking":false,"_monsterinsights_sitenote_active":false,"_monsterinsights_sitenote_note":"","_monsterinsights_sitenote_category":0},"product_brand":[673],"product_cat":[632],"product_tag":[1912,1910,1911,1200,1913],"class_list":{"0":"post-9508","1":"product","2":"type-product","3":"status-publish","4":"has-post-thumbnail","6":"product_brand-specialized","7":"product_cat-moske-jakne","8":"product_tag-jakna","9":"product_tag-jakna-specialized","10":"product_tag-jakna-specialized-element-rbx-sport-logo","11":"product_tag-moski","12":"product_tag-specialized-element-rbx-sport-logo","13":"pa_velikost-l","15":"first","16":"instock","17":"sale","18":"taxable","19":"shipping-taxable","20":"purchasable","21":"product-type-variable"},"acf":[],"aioseo_notices":[],"_links":{"self":[{"href":"https:\/\/ritosa.click.si\/hr\/wp-json\/wp\/v2\/product\/9508","targetHints":{"allow":["GET"]}}],"collection":[{"href":"https:\/\/ritosa.click.si\/hr\/wp-json\/wp\/v2\/product"}],"about":[{"href":"https:\/\/ritosa.click.si\/hr\/wp-json\/wp\/v2\/types\/product"}],"wp:featuredmedia":[{"embeddable":true,"href":"https:\/\/ritosa.click.si\/hr\/wp-json\/wp\/v2\/media\/9510"}],"wp:attachment":[{"href":"https:\/\/ritosa.click.si\/hr\/wp-json\/wp\/v2\/media?parent=9508"}],"wp:term":[{"taxonomy":"product_brand","embeddable":true,"href":"https:\/\/ritosa.click.si\/hr\/wp-json\/wp\/v2\/product_brand?post=9508"},{"taxonomy":"product_cat","embeddable":true,"href":"https:\/\/ritosa.click.si\/hr\/wp-json\/wp\/v2\/product_cat?post=9508"},{"taxonomy":"product_tag","embeddable":true,"href":"https:\/\/ritosa.click.si\/hr\/wp-json\/wp\/v2\/product_tag?post=9508"}],"curies":[{"name":"radni list","href":"https:\/\/api.w.org\/{rel}","templated":true}]}}