{"id":9505,"date":"2020-10-22T10:33:29","date_gmt":"2020-10-22T10:33:29","guid":{"rendered":"https:\/\/ritosa.click.si\/?post_type=product&#038;p=9505"},"modified":"2026-03-25T09:18:38","modified_gmt":"2026-03-25T08:18:38","slug":"specialized-element-rbx-comp-logo-team-ls-jersey","status":"publish","type":"product","link":"https:\/\/ritosa.click.si\/hr\/ducan\/biciklizam\/oprema-za-biciklizam\/kolesarska-oblacila\/moska-oblacila\/moske-majice\/specialized-element-rbx-comp-logo-team-ls-jersey\/","title":{"rendered":"Biciklisti\u010dki dres Specialized Element RBX Comp Logo Team LS"},"content":{"rendered":"<p><span class=\"tlid-translation translation\" lang=\"sl\" xml:lang=\"sl\"><span title=\"\">Izra\u0111ena od GOLD316, poliesterske tkanine s vodoodbojnom i vjetrootpornom, ali prozra\u010dnom membranom i mekom flis unutra\u0161njosti.<\/span> <span title=\"\">Rukavi i le\u0111a izra\u0111eni od SL 200 Hydro, elasti\u010dne tkanine s hidrofilnim tretmanom koji sprje\u010dava nakupljanje znoja<\/span>. <span title=\"\">Zatvara se patentnim zatvara\u010dem preko cijelog dresa.<\/span> <span title=\"\">Tri otvorena stra\u017enja d\u017eepa s elasti\u010dnom trakom na gornjem otvoru.<\/span> <span title=\"\">Reflektiraju\u0107i umetci na stra\u017enjoj strani.<\/span><\/span><\/p>","protected":false},"excerpt":{"rendered":"<p>Topli i vodoodbojni mu\u0161ki dres, pogodan za jesen i zimu.<\/p>","protected":false},"featured_media":9507,"template":"","meta":{"_acf_changed":false,"inline_featured_image":false},"product_brand":[673],"product_cat":[622],"product_tag":[2003,2001,1200,1589,2002],"class_list":{"0":"post-9505","1":"product","2":"type-product","3":"status-publish","4":"has-post-thumbnail","6":"product_brand-specialized","7":"product_cat-moske-majice","8":"product_tag-kolesarska-majica-specialized","9":"product_tag-kolesarska-majica-specialized-element-rbx-comp-logo-team-ls","10":"product_tag-moski","11":"product_tag-specialized","12":"product_tag-specialized-element-rbx-comp-logo-team-ls","13":"pa_velikost-l","15":"first","16":"instock","17":"sale","18":"taxable","19":"shipping-taxable","20":"purchasable","21":"product-type-variable"},"acf":[],"_links":{"self":[{"href":"https:\/\/ritosa.click.si\/hr\/wp-json\/wp\/v2\/product\/9505","targetHints":{"allow":["GET"]}}],"collection":[{"href":"https:\/\/ritosa.click.si\/hr\/wp-json\/wp\/v2\/product"}],"about":[{"href":"https:\/\/ritosa.click.si\/hr\/wp-json\/wp\/v2\/types\/product"}],"wp:featuredmedia":[{"embeddable":true,"href":"https:\/\/ritosa.click.si\/hr\/wp-json\/wp\/v2\/media\/9507"}],"wp:attachment":[{"href":"https:\/\/ritosa.click.si\/hr\/wp-json\/wp\/v2\/media?parent=9505"}],"wp:term":[{"taxonomy":"product_brand","embeddable":true,"href":"https:\/\/ritosa.click.si\/hr\/wp-json\/wp\/v2\/product_brand?post=9505"},{"taxonomy":"product_cat","embeddable":true,"href":"https:\/\/ritosa.click.si\/hr\/wp-json\/wp\/v2\/product_cat?post=9505"},{"taxonomy":"product_tag","embeddable":true,"href":"https:\/\/ritosa.click.si\/hr\/wp-json\/wp\/v2\/product_tag?post=9505"}],"curies":[{"name":"radni list","href":"https:\/\/api.w.org\/{rel}","templated":true}]}}