{"id":9493,"date":"2020-10-15T10:45:58","date_gmt":"2020-10-15T10:45:58","guid":{"rendered":"https:\/\/ritosa.click.si\/?post_type=product&#038;p=9493"},"modified":"2026-03-23T22:05:30","modified_gmt":"2026-03-23T21:05:30","slug":"speedcross-fairy-14","status":"publish","type":"product","link":"https:\/\/ritosa.click.si\/hr\/ducan\/biciklizam\/kotaci\/djecji-bicikli-2\/14\/speedcross-fairy-14\/","title":{"rendered":"SpeedCross Fairy 14\u201d"},"content":{"rendered":"<p>Okvir: Hi-ten<br \/>\nVilice: Hi-ten<br \/>\nKo\u010dnice: Aluminijske V-ko\u010dnice<br \/>\nRu\u010dice ko\u010dnica: Aluminij<br \/>\nNaplatci: Aluminijski<br \/>\nD\u017eojstik: Hi-ten<br \/>\nNosa\u010d volana: Hi-ten<br \/>\nCijev sjedala: Hi-ten<br \/>\nStra\u017enji lan\u010danik: Jedan, 1 brzina<br \/>\nRadilica: Jednoredna, Hi-ten<br \/>\nDodatna oprema: Stabilizatori (pomo\u0107ni kota\u010di), ko\u0161ara, stra\u017enji kov\u010deg<br \/>\nGume: 14\u00d71,75<br \/>\nTe\u017eina: 9 kg<\/p>","protected":false},"excerpt":{"rendered":"<p>Dje\u010dji bicikl SpeedCross Fairy 14\u201d - pogodan za djevoj\u010dice od 3 godine<\/p>\n<ul>\n<li>Vilice: Hi-ten<\/li>\n<li>Okvir: Hi-ten 14\u201d<\/li>\n<li>Ko\u010dnice: Aluminijske V-ko\u010dnice<\/li>\n<li>Dodatna oprema: Blatobrani, pomo\u0107ni kota\u010di, ko\u0161ara, stra\u017enji bisaga<\/li>\n<\/ul>","protected":false},"featured_media":9494,"template":"","meta":{"_acf_changed":false,"inline_featured_image":false},"product_brand":[681],"product_cat":[644],"product_tag":[1198,1202,1007],"class_list":{"0":"post-9493","1":"product","2":"type-product","3":"status-publish","4":"has-post-thumbnail","6":"product_brand-speedcross","7":"product_cat-644","8":"product_tag-otroci","9":"product_tag-otroska-kolesa","10":"product_tag-otrosko-kolo","12":"first","13":"instock","14":"sale","15":"taxable","16":"shipping-taxable","17":"purchasable","18":"product-type-simple"},"acf":[],"_links":{"self":[{"href":"https:\/\/ritosa.click.si\/hr\/wp-json\/wp\/v2\/product\/9493","targetHints":{"allow":["GET"]}}],"collection":[{"href":"https:\/\/ritosa.click.si\/hr\/wp-json\/wp\/v2\/product"}],"about":[{"href":"https:\/\/ritosa.click.si\/hr\/wp-json\/wp\/v2\/types\/product"}],"wp:featuredmedia":[{"embeddable":true,"href":"https:\/\/ritosa.click.si\/hr\/wp-json\/wp\/v2\/media\/9494"}],"wp:attachment":[{"href":"https:\/\/ritosa.click.si\/hr\/wp-json\/wp\/v2\/media?parent=9493"}],"wp:term":[{"taxonomy":"product_brand","embeddable":true,"href":"https:\/\/ritosa.click.si\/hr\/wp-json\/wp\/v2\/product_brand?post=9493"},{"taxonomy":"product_cat","embeddable":true,"href":"https:\/\/ritosa.click.si\/hr\/wp-json\/wp\/v2\/product_cat?post=9493"},{"taxonomy":"product_tag","embeddable":true,"href":"https:\/\/ritosa.click.si\/hr\/wp-json\/wp\/v2\/product_tag?post=9493"}],"curies":[{"name":"radni list","href":"https:\/\/api.w.org\/{rel}","templated":true}]}}