{"id":9457,"date":"2020-09-10T13:41:52","date_gmt":"2020-09-10T13:41:52","guid":{"rendered":"https:\/\/ritosa.click.si\/?post_type=product&#038;p=9457"},"modified":"2026-03-27T17:41:40","modified_gmt":"2026-03-27T16:41:40","slug":"specialized-rbx-sport-logo-ss","status":"publish","type":"product","link":"https:\/\/ritosa.click.si\/hr\/ducan\/biciklizam\/oprema-za-biciklizam\/kolesarska-oblacila\/moska-oblacila\/moske-majice\/specialized-rbx-sport-logo-ss\/","title":{"rendered":"Specialized RBX Sport Logo SS"},"content":{"rendered":"<div class=\"rte\">\n<p><span class=\"tlid-translation translation\" lang=\"sl\" xml:lang=\"sl\"><span title=\"\">Majica kratkih rukava udobnog kroja. Izra\u0111ena od rastezljive, izdr\u017eljive tkanine SL 130 RC s Hydrofit premazom za odvo\u0111enje vlage i brzo su\u0161enje. <\/span><span title=\"\">Tri otvorena stra\u017enja d\u017eepa<\/span>, o<span title=\"\">trenutni logo radi bolje vidljivosti.<\/span><\/span><\/p>\n<\/div>","protected":false},"excerpt":{"rendered":"<p>Majica kratkih rukava udobnog kroja. Izra\u0111ena od rastezljive tkanine SL 130 RC s Hydrofit premazom za odvo\u0111enje vlage i brzo su\u0161enje. Tri otvorena stra\u017enja d\u017eepa, reflektiraju\u0107i logotip za pove\u0107anu vidljivost.<\/p>","protected":false},"featured_media":9458,"template":"","meta":{"_acf_changed":false,"inline_featured_image":false},"product_brand":[673],"product_cat":[622],"product_tag":[1200],"class_list":{"0":"post-9457","1":"product","2":"type-product","3":"status-publish","4":"has-post-thumbnail","6":"product_brand-specialized","7":"product_cat-moske-majice","8":"product_tag-moski","10":"first","11":"outofstock","12":"taxable","13":"shipping-taxable","14":"purchasable","15":"product-type-simple"},"acf":[],"_links":{"self":[{"href":"https:\/\/ritosa.click.si\/hr\/wp-json\/wp\/v2\/product\/9457","targetHints":{"allow":["GET"]}}],"collection":[{"href":"https:\/\/ritosa.click.si\/hr\/wp-json\/wp\/v2\/product"}],"about":[{"href":"https:\/\/ritosa.click.si\/hr\/wp-json\/wp\/v2\/types\/product"}],"wp:featuredmedia":[{"embeddable":true,"href":"https:\/\/ritosa.click.si\/hr\/wp-json\/wp\/v2\/media\/9458"}],"wp:attachment":[{"href":"https:\/\/ritosa.click.si\/hr\/wp-json\/wp\/v2\/media?parent=9457"}],"wp:term":[{"taxonomy":"product_brand","embeddable":true,"href":"https:\/\/ritosa.click.si\/hr\/wp-json\/wp\/v2\/product_brand?post=9457"},{"taxonomy":"product_cat","embeddable":true,"href":"https:\/\/ritosa.click.si\/hr\/wp-json\/wp\/v2\/product_cat?post=9457"},{"taxonomy":"product_tag","embeddable":true,"href":"https:\/\/ritosa.click.si\/hr\/wp-json\/wp\/v2\/product_tag?post=9457"}],"curies":[{"name":"radni list","href":"https:\/\/api.w.org\/{rel}","templated":true}]}}