{"id":9444,"date":"2020-09-10T13:14:35","date_gmt":"2020-09-10T13:14:35","guid":{"rendered":"https:\/\/ritosa.click.si\/?post_type=product&#038;p=9444"},"modified":"2026-04-07T14:55:35","modified_gmt":"2026-04-07T12:55:35","slug":"specialized-sl-pro","status":"publish","type":"product","link":"https:\/\/ritosa.click.si\/hr\/ducan\/biciklizam\/oprema-za-biciklizam\/kolesarska-oblacila\/moska-oblacila\/moske-hlace\/specialized-sl-pro\/","title":{"rendered":"Biciklisti\u010dko donje rublje NIDAL-Z X-Function"},"content":{"rendered":"<ul>\n<li>Elasti\u010dni mre\u017easti materijal za dobru ventilaciju<\/li>\n<li data-section-id=\"1mjeux6\" data-start=\"118\" data-end=\"135\">Elasti\u010dni pojas<\/li>\n<li data-section-id=\"1jz9oqj\" data-start=\"136\" data-end=\"161\">Elasti\u010dni rub hla\u010dnica<\/li>\n<li data-section-id=\"1hn30y3\" data-start=\"162\" data-end=\"177\" data-is-last-node=\"\">Flatlock \u0161avovi<\/li>\n<\/ul>","protected":false},"excerpt":{"rendered":"<p>Funkcionalne mu\u0161ke unutarnje biciklisti\u010dke hla\u010de s X-Function umetkom.<\/p>","protected":false},"featured_media":22754,"template":"","meta":{"_acf_changed":false,"inline_featured_image":false,"_monsterinsights_skip_tracking":false,"_monsterinsights_sitenote_active":false,"_monsterinsights_sitenote_note":"","_monsterinsights_sitenote_category":0},"product_brand":[682],"product_cat":[623],"product_tag":[1200],"class_list":{"0":"post-9444","1":"product","2":"type-product","3":"status-publish","4":"has-post-thumbnail","6":"product_brand-ziener","7":"product_cat-moske-hlace","8":"product_tag-moski","9":"pa_velikost-50-2","11":"first","12":"instock","13":"sale","14":"taxable","15":"shipping-taxable","16":"purchasable","17":"product-type-variable"},"acf":[],"aioseo_notices":[],"_links":{"self":[{"href":"https:\/\/ritosa.click.si\/hr\/wp-json\/wp\/v2\/product\/9444","targetHints":{"allow":["GET"]}}],"collection":[{"href":"https:\/\/ritosa.click.si\/hr\/wp-json\/wp\/v2\/product"}],"about":[{"href":"https:\/\/ritosa.click.si\/hr\/wp-json\/wp\/v2\/types\/product"}],"wp:featuredmedia":[{"embeddable":true,"href":"https:\/\/ritosa.click.si\/hr\/wp-json\/wp\/v2\/media\/22754"}],"wp:attachment":[{"href":"https:\/\/ritosa.click.si\/hr\/wp-json\/wp\/v2\/media?parent=9444"}],"wp:term":[{"taxonomy":"product_brand","embeddable":true,"href":"https:\/\/ritosa.click.si\/hr\/wp-json\/wp\/v2\/product_brand?post=9444"},{"taxonomy":"product_cat","embeddable":true,"href":"https:\/\/ritosa.click.si\/hr\/wp-json\/wp\/v2\/product_cat?post=9444"},{"taxonomy":"product_tag","embeddable":true,"href":"https:\/\/ritosa.click.si\/hr\/wp-json\/wp\/v2\/product_tag?post=9444"}],"curies":[{"name":"radni list","href":"https:\/\/api.w.org\/{rel}","templated":true}]}}