{"id":9414,"date":"2020-08-27T15:42:57","date_gmt":"2020-08-27T15:42:57","guid":{"rendered":"https:\/\/ritosa.click.si\/?post_type=product&#038;p=9414"},"modified":"2026-03-24T17:04:17","modified_gmt":"2026-03-24T16:04:17","slug":"o-neal-outcast-split-v-22-yellow","status":"publish","type":"product","link":"https:\/\/ritosa.click.si\/hr\/ducan\/biciklizam\/oprema-za-biciklizam\/kolesarske-celade\/odrasle-kolesarske-celade\/o-neal-outcast-split-v-22-yellow\/","title":{"rendered":"O&#039;Neal Outcast Split V.22 \u2013 \u017euta"},"content":{"rendered":"<p>Lagana kaciga koja kombinira udobnost, sigurnost i funkcionalnost - bez kompromisa.<\/p>\n<ul>\n<li><strong>Materijal \u0161koljke:<\/strong>\u00a0brizgana mje\u0161avina 30 % polikarbonata (PC) i 70 % ekspandiranog polistirena (EPS)<\/li>\n<li><strong>Ventilacija:<\/strong>\u00a0Velikodu\u0161no dimenzionirani otvori za optimalan protok zraka<\/li>\n<li><strong>Presvlake:<\/strong>\u00a0mekane, uklonjive i perive \u2013 za dugotrajnu svje\u017einu i udobnost<\/li>\n<li><strong>Pri\u010dvr\u0161\u0107ivanje:<\/strong>\u00a0O&#039;Neal Fidlock magnetska kop\u010da omogu\u0107uje brzo i jednostavno pri\u010dvr\u0161\u0107ivanje i otkop\u010davanje jednom rukom<\/li>\n<li><strong>Pode\u0161avanje veli\u010dine:<\/strong>\u00a0jednostavno pode\u0161avanje glasno\u0107e jednom rukom pomo\u0107u okretnog gumba na stra\u017enjoj strani<\/li>\n<li><strong>Sigurnosni certifikati:<\/strong>\u00a0u skladu sa standardom EN1078<\/li>\n<li><strong>Te\u017eina:<\/strong>\u00a0otprilike 300 g (\u00b1 10 g)<\/li>\n<\/ul>\n<p>Veli\u010dine:<\/p>\n<ul>\n<li>S\/M: 52-58 cm<\/li>\n<li>L\/XL: 58-62 cm<\/li>\n<\/ul>","protected":false},"excerpt":{"rendered":"<p>Biciklisti\u010dka kaciga O&#039;NEAL OUTCAST SPLIT V.22<\/p>","protected":false},"featured_media":9417,"template":"","meta":{"_acf_changed":false,"inline_featured_image":false},"product_brand":[],"product_cat":[662],"product_tag":[],"class_list":{"0":"post-9414","1":"product","2":"type-product","3":"status-publish","4":"has-post-thumbnail","6":"product_cat-odrasle-kolesarske-celade","7":"pa_velikost-52-58","8":"pa_velikost-58-62","10":"first","11":"instock","12":"sale","13":"taxable","14":"shipping-taxable","15":"purchasable","16":"product-type-variable"},"acf":[],"_links":{"self":[{"href":"https:\/\/ritosa.click.si\/hr\/wp-json\/wp\/v2\/product\/9414","targetHints":{"allow":["GET"]}}],"collection":[{"href":"https:\/\/ritosa.click.si\/hr\/wp-json\/wp\/v2\/product"}],"about":[{"href":"https:\/\/ritosa.click.si\/hr\/wp-json\/wp\/v2\/types\/product"}],"wp:featuredmedia":[{"embeddable":true,"href":"https:\/\/ritosa.click.si\/hr\/wp-json\/wp\/v2\/media\/9417"}],"wp:attachment":[{"href":"https:\/\/ritosa.click.si\/hr\/wp-json\/wp\/v2\/media?parent=9414"}],"wp:term":[{"taxonomy":"product_brand","embeddable":true,"href":"https:\/\/ritosa.click.si\/hr\/wp-json\/wp\/v2\/product_brand?post=9414"},{"taxonomy":"product_cat","embeddable":true,"href":"https:\/\/ritosa.click.si\/hr\/wp-json\/wp\/v2\/product_cat?post=9414"},{"taxonomy":"product_tag","embeddable":true,"href":"https:\/\/ritosa.click.si\/hr\/wp-json\/wp\/v2\/product_tag?post=9414"}],"curies":[{"name":"radni list","href":"https:\/\/api.w.org\/{rel}","templated":true}]}}