{"id":9390,"date":"2020-08-27T15:01:27","date_gmt":"2020-08-27T15:01:27","guid":{"rendered":"https:\/\/ritosa.click.si\/?post_type=product&#038;p=9390"},"modified":"2025-10-21T12:38:44","modified_gmt":"2025-10-21T10:38:44","slug":"ziener-cielle","status":"publish","type":"product","link":"https:\/\/ritosa.click.si\/hr\/ducan\/biciklizam\/oprema-za-biciklizam\/kolesarske-rokavice\/otroske-kolesarske-rokavice\/ziener-cielle\/","title":{"rendered":"Biciklisti\u010dke rukavice Ziener CIELLE"},"content":{"rendered":"<div class=\"text-wrap tlid-copy-target\">\n<div class=\"result-shield-container tlid-copy-target\"><span class=\"tlid-translation translation\" lang=\"sl\" xml:lang=\"sl\"><span title=\"\">Dje\u010dje biciklisti\u010dke rukavice Ziener Cielle Junior s modernom grafikom za djevoj\u010dice opremljene su integriranim om\u010dama za prste kako biste rukavice mogli brzo i jednostavno skinuti.<\/span> <span title=\"\">Posebno prilago\u0111eno punjenje za prste sprje\u010dava pritisak na ko\u017eu, a kori\u0161tenje posebno upijaju\u0107eg materijala na pal\u010devima olak\u0161ava brisanje znoja.<\/span> <span title=\"\">Visokokvalitetna pjena i GEL FOAM podloga osiguravaju udoban osje\u0107aj na upravlja\u010du.<\/span> <span title=\"\">Kori\u0161tenje neklizaju\u0107e, sinteti\u010dke ko\u017ee s prozra\u010dnim svojstvima nudi izniman osje\u0107aj.<\/span><\/span><\/div>\n<\/div>","protected":false},"excerpt":{"rendered":"<p>Ziener CIELLE dje\u010dje biciklisti\u010dke rukavice<\/p>","protected":false},"featured_media":9393,"template":"","meta":{"_acf_changed":false,"inline_featured_image":false},"product_brand":[682],"product_cat":[581],"product_tag":[1826,1834,1873,1198,1874],"class_list":{"0":"post-9390","1":"product","2":"type-product","3":"status-publish","4":"has-post-thumbnail","6":"product_brand-ziener","7":"product_cat-otroske-kolesarske-rokavice","8":"product_tag-kolesarske-rokavice","9":"product_tag-kolesarske-rokavice-ziener","10":"product_tag-kolesarske-rokavice-ziener-cielle","11":"product_tag-otroci","12":"product_tag-ziener-cielle","13":"pa_velikost-m","14":"pa_velikost-s","16":"first","17":"instock","18":"sale","19":"taxable","20":"shipping-taxable","21":"purchasable","22":"product-type-variable","23":"has-default-attributes"},"acf":[],"_links":{"self":[{"href":"https:\/\/ritosa.click.si\/hr\/wp-json\/wp\/v2\/product\/9390","targetHints":{"allow":["GET"]}}],"collection":[{"href":"https:\/\/ritosa.click.si\/hr\/wp-json\/wp\/v2\/product"}],"about":[{"href":"https:\/\/ritosa.click.si\/hr\/wp-json\/wp\/v2\/types\/product"}],"wp:featuredmedia":[{"embeddable":true,"href":"https:\/\/ritosa.click.si\/hr\/wp-json\/wp\/v2\/media\/9393"}],"wp:attachment":[{"href":"https:\/\/ritosa.click.si\/hr\/wp-json\/wp\/v2\/media?parent=9390"}],"wp:term":[{"taxonomy":"product_brand","embeddable":true,"href":"https:\/\/ritosa.click.si\/hr\/wp-json\/wp\/v2\/product_brand?post=9390"},{"taxonomy":"product_cat","embeddable":true,"href":"https:\/\/ritosa.click.si\/hr\/wp-json\/wp\/v2\/product_cat?post=9390"},{"taxonomy":"product_tag","embeddable":true,"href":"https:\/\/ritosa.click.si\/hr\/wp-json\/wp\/v2\/product_tag?post=9390"}],"curies":[{"name":"radni list","href":"https:\/\/api.w.org\/{rel}","templated":true}]}}