{"id":9382,"date":"2020-08-27T14:55:12","date_gmt":"2020-08-27T14:55:12","guid":{"rendered":"https:\/\/ritosa.click.si\/?post_type=product&#038;p=9382"},"modified":"2025-10-20T12:14:27","modified_gmt":"2025-10-20T10:14:27","slug":"ziener-calinda","status":"publish","type":"product","link":"https:\/\/ritosa.click.si\/hr\/ducan\/biciklizam\/oprema-za-biciklizam\/kolesarske-rokavice\/enske-kolesarske-rokavice\/ziener-calinda\/","title":{"rendered":"Biciklisti\u010dke rukavice Ziener Calinda"},"content":{"rendered":"<p><span class=\"tlid-translation translation\" lang=\"sl\" xml:lang=\"sl\"><span title=\"\">Biciklisti\u010dke rukavice za kratke prste Ziener Calinda Lady opremljene su integriranim om\u010dama za prste, \u0161to omogu\u0107uje jednostavno i brzo skidanje rukavica.<\/span> <span title=\"\">Posebno prilago\u0111eno punjenje za prste sprje\u010dava pritisak na ko\u017eu, a kori\u0161tenje posebno upijaju\u0107eg materijala na pal\u010devima olak\u0161ava brisanje znoja.<\/span> <span title=\"\">Posebni GEL jastu\u010di\u0107i na dlanovima nude maksimalnu udobnost na upravlja\u010du.<\/span> <span title=\"\">Izdr\u017eljiv materijal sli\u010dan ko\u017ei na dlanu rukavice je vrlo prozra\u010dan i pru\u017ea iznimno dobar osje\u0107aj.<\/span> <span title=\"\">Prekrasno <\/span><span title=\"\">Uzorak \u010dini rukavice zaista privla\u010dnim.<\/span><\/span><\/p>","protected":false},"excerpt":{"rendered":"<p>\u017denske biciklisti\u010dke rukavice Ziener Calinda<\/p>","protected":false},"featured_media":9385,"template":"","meta":{"_acf_changed":false,"inline_featured_image":false,"_monsterinsights_skip_tracking":false,"_monsterinsights_sitenote_active":false,"_monsterinsights_sitenote_note":"","_monsterinsights_sitenote_category":0},"product_brand":[682],"product_cat":[582],"product_tag":[1827,1834,1854,1835,1855,1857,1837,1856],"class_list":{"0":"post-9382","1":"product","2":"type-product","3":"status-publish","4":"has-post-thumbnail","6":"product_brand-ziener","7":"product_cat-enske-kolesarske-rokavice","8":"product_tag-bike-gloves","9":"product_tag-kolesarske-rokavice-ziener","10":"product_tag-kolesarske-rokavice-ziener-calinda","11":"product_tag-rokavice-ziener","12":"product_tag-rokavice-ziener-calinda","13":"product_tag-zenske-kolesarske-rokavice","14":"product_tag-ziener","15":"product_tag-ziener-calinda","16":"pa_velikost-6-5","18":"first","19":"instock","20":"sale","21":"taxable","22":"shipping-taxable","23":"purchasable","24":"product-type-variable"},"acf":[],"aioseo_notices":[],"_links":{"self":[{"href":"https:\/\/ritosa.click.si\/hr\/wp-json\/wp\/v2\/product\/9382","targetHints":{"allow":["GET"]}}],"collection":[{"href":"https:\/\/ritosa.click.si\/hr\/wp-json\/wp\/v2\/product"}],"about":[{"href":"https:\/\/ritosa.click.si\/hr\/wp-json\/wp\/v2\/types\/product"}],"wp:featuredmedia":[{"embeddable":true,"href":"https:\/\/ritosa.click.si\/hr\/wp-json\/wp\/v2\/media\/9385"}],"wp:attachment":[{"href":"https:\/\/ritosa.click.si\/hr\/wp-json\/wp\/v2\/media?parent=9382"}],"wp:term":[{"taxonomy":"product_brand","embeddable":true,"href":"https:\/\/ritosa.click.si\/hr\/wp-json\/wp\/v2\/product_brand?post=9382"},{"taxonomy":"product_cat","embeddable":true,"href":"https:\/\/ritosa.click.si\/hr\/wp-json\/wp\/v2\/product_cat?post=9382"},{"taxonomy":"product_tag","embeddable":true,"href":"https:\/\/ritosa.click.si\/hr\/wp-json\/wp\/v2\/product_tag?post=9382"}],"curies":[{"name":"radni list","href":"https:\/\/api.w.org\/{rel}","templated":true}]}}