{"id":9377,"date":"2020-08-27T13:39:17","date_gmt":"2020-08-27T13:39:17","guid":{"rendered":"https:\/\/ritosa.click.si\/?post_type=product&#038;p=9377"},"modified":"2025-10-18T12:49:26","modified_gmt":"2025-10-18T10:49:26","slug":"ziener-curlie","status":"publish","type":"product","link":"https:\/\/ritosa.click.si\/hr\/ducan\/biciklizam\/oprema-za-biciklizam\/kolesarske-rokavice\/enske-kolesarske-rokavice\/ziener-curlie\/","title":{"rendered":"Biciklisti\u010dke rukavice Ziener CURLIE"},"content":{"rendered":"<p><span class=\"tlid-translation translation\" lang=\"sl\" xml:lang=\"sl\"><span title=\"\">Biciklisti\u010dke rukavice Ziener Curlie Lady nude najve\u0107u udobnost na upravlja\u010du, zahvaljuju\u0107i visokokvalitetnom GEL FOAM podupira\u010du.<\/span> Donja strana rukavice<span title=\"\"> pru\u017ea potpunu kontrolu upravljanja u svakoj situaciji.<\/span> <span title=\"\">Ziener ovdje tako\u0111er koristi izuzetno mekan, prozra\u010dan FLEXSUEDE, koji savr\u0161eno pristaje u ruku i time osigurava visoku razinu udobnosti no\u0161enja.<\/span> <span title=\"\">\u010ci\u010dak traka i integrirane om\u010de za prste osiguravaju jednostavno i brzo skidanje.<\/span> <span title=\"\">Kori\u0161tenje posebno upijaju\u0107eg materijala na pal\u010devima olak\u0161ava brisanje znoja tijekom vo\u017enje.<\/span><\/span><\/p>","protected":false},"excerpt":{"rendered":"<p>Biciklisti\u010dke rukavice Ziener CURLIE<\/p>","protected":false},"featured_media":9381,"template":"","meta":{"_acf_changed":false,"inline_featured_image":false,"_monsterinsights_skip_tracking":false,"_monsterinsights_sitenote_active":false,"_monsterinsights_sitenote_note":"","_monsterinsights_sitenote_category":0},"product_brand":[682],"product_cat":[582],"product_tag":[1826,1834,1850,1835,1837,1851],"class_list":{"0":"post-9377","1":"product","2":"type-product","3":"status-publish","4":"has-post-thumbnail","6":"product_brand-ziener","7":"product_cat-enske-kolesarske-rokavice","8":"product_tag-kolesarske-rokavice","9":"product_tag-kolesarske-rokavice-ziener","10":"product_tag-kolesarske-rokavice-ziener-curlie","11":"product_tag-rokavice-ziener","12":"product_tag-ziener","13":"product_tag-ziener-curlie","14":"pa_velikost-6-5","15":"pa_velikost-798","16":"pa_velikost-7-5","18":"first","19":"instock","20":"sale","21":"taxable","22":"shipping-taxable","23":"purchasable","24":"product-type-variable"},"acf":[],"aioseo_notices":[],"_links":{"self":[{"href":"https:\/\/ritosa.click.si\/hr\/wp-json\/wp\/v2\/product\/9377","targetHints":{"allow":["GET"]}}],"collection":[{"href":"https:\/\/ritosa.click.si\/hr\/wp-json\/wp\/v2\/product"}],"about":[{"href":"https:\/\/ritosa.click.si\/hr\/wp-json\/wp\/v2\/types\/product"}],"wp:featuredmedia":[{"embeddable":true,"href":"https:\/\/ritosa.click.si\/hr\/wp-json\/wp\/v2\/media\/9381"}],"wp:attachment":[{"href":"https:\/\/ritosa.click.si\/hr\/wp-json\/wp\/v2\/media?parent=9377"}],"wp:term":[{"taxonomy":"product_brand","embeddable":true,"href":"https:\/\/ritosa.click.si\/hr\/wp-json\/wp\/v2\/product_brand?post=9377"},{"taxonomy":"product_cat","embeddable":true,"href":"https:\/\/ritosa.click.si\/hr\/wp-json\/wp\/v2\/product_cat?post=9377"},{"taxonomy":"product_tag","embeddable":true,"href":"https:\/\/ritosa.click.si\/hr\/wp-json\/wp\/v2\/product_tag?post=9377"}],"curies":[{"name":"radni list","href":"https:\/\/api.w.org\/{rel}","templated":true}]}}