{"id":9363,"date":"2020-08-27T13:28:23","date_gmt":"2020-08-27T13:28:23","guid":{"rendered":"https:\/\/ritosa.click.si\/?post_type=product&#038;p=9363"},"modified":"2025-10-21T12:30:51","modified_gmt":"2025-10-21T10:30:51","slug":"ziener-ceperano","status":"publish","type":"product","link":"https:\/\/ritosa.click.si\/hr\/ducan\/biciklizam\/oprema-za-biciklizam\/kolesarske-rokavice\/moske-kolesarske-rokavice\/ziener-ceperano\/","title":{"rendered":"Ziener CONRO biciklisti\u010dke rukavice"},"content":{"rendered":"<p>Biciklisti\u010dke rukavice ZIENER CONRO s kratkim prstima za mu\u0161karce imaju podstavljene dlanove za maksimalnu udobnost na upravlja\u010du. Kombinacija izdr\u017eljivog, brzosu\u0161e\u0107eg i prozra\u010dnog AX\u2122 SUEDE materijala s protukliznom povr\u0161inom osigurava da ove rukavice imaju najbolji prianjanje na upravlja\u010du. Za zdrav ten ispod va\u0161ih biciklisti\u010dkih rukavica CONRO, materijal za tamnjenje SUN SELECT\u00ae koristi se na stra\u017enjoj strani rukavica. \u010ci\u010dak zatvara\u010di s o\u0161trim rubovima i integriranim om\u010dama za prste osiguravaju jednostavno i brzo skidanje.<\/p>","protected":false},"excerpt":{"rendered":"<p>Mu\u0161ke biciklisti\u010dke rukavice Ziener CONRO<\/p>","protected":false},"featured_media":19914,"template":"","meta":{"_acf_changed":false,"inline_featured_image":false},"product_brand":[682],"product_cat":[580],"product_tag":[1826,1834,1871,1200,1872],"class_list":{"0":"post-9363","1":"product","2":"type-product","3":"status-publish","4":"has-post-thumbnail","6":"product_brand-ziener","7":"product_cat-moske-kolesarske-rokavice","8":"product_tag-kolesarske-rokavice","9":"product_tag-kolesarske-rokavice-ziener","10":"product_tag-kolesarske-rokavice-ziener-conro","11":"product_tag-moski","12":"product_tag-ziener-conro","13":"pa_velikost-10-5-2","15":"first","16":"instock","17":"sale","18":"taxable","19":"shipping-taxable","20":"purchasable","21":"product-type-variable"},"acf":[],"_links":{"self":[{"href":"https:\/\/ritosa.click.si\/hr\/wp-json\/wp\/v2\/product\/9363","targetHints":{"allow":["GET"]}}],"collection":[{"href":"https:\/\/ritosa.click.si\/hr\/wp-json\/wp\/v2\/product"}],"about":[{"href":"https:\/\/ritosa.click.si\/hr\/wp-json\/wp\/v2\/types\/product"}],"wp:featuredmedia":[{"embeddable":true,"href":"https:\/\/ritosa.click.si\/hr\/wp-json\/wp\/v2\/media\/19914"}],"wp:attachment":[{"href":"https:\/\/ritosa.click.si\/hr\/wp-json\/wp\/v2\/media?parent=9363"}],"wp:term":[{"taxonomy":"product_brand","embeddable":true,"href":"https:\/\/ritosa.click.si\/hr\/wp-json\/wp\/v2\/product_brand?post=9363"},{"taxonomy":"product_cat","embeddable":true,"href":"https:\/\/ritosa.click.si\/hr\/wp-json\/wp\/v2\/product_cat?post=9363"},{"taxonomy":"product_tag","embeddable":true,"href":"https:\/\/ritosa.click.si\/hr\/wp-json\/wp\/v2\/product_tag?post=9363"}],"curies":[{"name":"radni list","href":"https:\/\/api.w.org\/{rel}","templated":true}]}}