{"id":9302,"date":"2020-08-20T11:47:17","date_gmt":"2020-08-20T11:47:17","guid":{"rendered":"https:\/\/ritosa.click.si\/?post_type=product&#038;p=9302"},"modified":"2025-09-24T11:48:25","modified_gmt":"2025-09-24T09:48:25","slug":"look-keo-classic-3-cestna-clipless-pedala","status":"publish","type":"product","link":"https:\/\/ritosa.click.si\/hr\/ducan\/biciklizam\/oprema-za-biciklizam\/dodatna-oprema-in-rezervni-deli\/pedala\/look-keo-classic-3-cestna-clipless-pedala\/","title":{"rendered":"Keo Classic 3 Plus pedale"},"content":{"rendered":"<p><span class=\"tlid-translation translation\" lang=\"sl\" xml:lang=\"sl\"> Pedale Keo Classic 3 Plus izra\u0111ene su od krutog i izdr\u017eljivog poliamidnog kompozita, \u0161to osigurava malu te\u017einu, dobru krutost i dug vijek trajanja. Pove\u0107ana platforma pru\u017ea dobru potporu stopalu, a opruga, koja se mo\u017ee pode\u0161avati od 8-12 Nm, osigurava udobno stezanje. Zahvaljuju\u0107i podesivoj opruzi, ove pedale su savr\u0161ene i za potpune po\u010detnike. U usporedbi s pedalama Keo Classic 3, model PLUS ima dvije dodatne \u010deli\u010dne plo\u010de umjesto kompozitnog materijala, \u0161to pove\u0107ava krutost pedala i omogu\u0107uje bolji prijenos snage.<\/span><\/p>\n<div class=\"tab-content\">\n<div id=\"tab3\" class=\"tab-pane active\" role=\"tabpanel\">\n<div class=\"podrobno_podrobniopis\">\n<p><strong>Zna\u010dajke:<\/strong><\/p>\n<ul>\n<li>\u0160iroko tijelo pedale izra\u0111eno od krutog i izdr\u017eljivog poliamidnog kompozita s velikom kontaktnom povr\u0161inom i pove\u0107anim prijenosom energije<\/li>\n<li>Kontaktna povr\u0161ina: 60 mm \/ 400 mm\u00b2<\/li>\n<li>Vrlo kruta i izdr\u017eljiva osovina, izra\u0111ena od kromiranog \u010delika<\/li>\n<li>Visina pedala od 15,7 mm, \u0161to dodatno pobolj\u0161ava njihovu krutost i time pobolj\u0161ava prijenos energije na tlo<\/li>\n<li>Podesiva napetost plo\u010de: 8 \u2013 12 Nm (pogodno za ve\u0107inu cestovnih biciklista)<\/li>\n<li>1 kugli\u010dni i 1 igli\u010dasti le\u017eaj u podru\u010dju osovine, \u0161to \u0107e osigurati izuzetno glatko okretanje pedala<\/li>\n<li>Q-faktor: 53 mm<\/li>\n<li>Plo\u010de su kompatibilne sa standardnim cipelama s 3 Look rupe<\/li>\n<li>Te\u017eina: 140 g\/pedala<\/li>\n<\/ul>\n<\/div>\n<\/div>\n<\/div>","protected":false},"excerpt":{"rendered":"<p>Keo Classic 3 Plus pedale <span class=\"tlid-translation translation\" lang=\"sl\" xml:lang=\"sl\">Izra\u0111en od krutog i izdr\u017eljivog poliamidnog kompozita, \u0161to osigurava malu te\u017einu, dobru krutost i dugi vijek trajanja.<\/span><\/p>","protected":false},"featured_media":19697,"template":"","meta":{"_acf_changed":false,"inline_featured_image":false},"product_brand":[1660],"product_cat":[531],"product_tag":[1670,1669,1657,1671,1664],"class_list":{"0":"post-9302","1":"product","2":"type-product","3":"status-publish","4":"has-post-thumbnail","6":"product_brand-look","7":"product_cat-pedala","8":"product_tag-keo-classic-3-plus","9":"product_tag-look","10":"product_tag-pedala","11":"product_tag-pedala-keo-classic-3-plus","12":"product_tag-pedala-look","13":"pa_barva-crna","14":"pa_barva-rdeca","16":"first","17":"instock","18":"taxable","19":"shipping-taxable","20":"purchasable","21":"product-type-simple"},"acf":[],"_links":{"self":[{"href":"https:\/\/ritosa.click.si\/hr\/wp-json\/wp\/v2\/product\/9302","targetHints":{"allow":["GET"]}}],"collection":[{"href":"https:\/\/ritosa.click.si\/hr\/wp-json\/wp\/v2\/product"}],"about":[{"href":"https:\/\/ritosa.click.si\/hr\/wp-json\/wp\/v2\/types\/product"}],"wp:featuredmedia":[{"embeddable":true,"href":"https:\/\/ritosa.click.si\/hr\/wp-json\/wp\/v2\/media\/19697"}],"wp:attachment":[{"href":"https:\/\/ritosa.click.si\/hr\/wp-json\/wp\/v2\/media?parent=9302"}],"wp:term":[{"taxonomy":"product_brand","embeddable":true,"href":"https:\/\/ritosa.click.si\/hr\/wp-json\/wp\/v2\/product_brand?post=9302"},{"taxonomy":"product_cat","embeddable":true,"href":"https:\/\/ritosa.click.si\/hr\/wp-json\/wp\/v2\/product_cat?post=9302"},{"taxonomy":"product_tag","embeddable":true,"href":"https:\/\/ritosa.click.si\/hr\/wp-json\/wp\/v2\/product_tag?post=9302"}],"curies":[{"name":"radni list","href":"https:\/\/api.w.org\/{rel}","templated":true}]}}