{"id":9297,"date":"2020-08-20T11:41:29","date_gmt":"2020-08-20T11:41:29","guid":{"rendered":"https:\/\/ritosa.click.si\/?post_type=product&#038;p=9297"},"modified":"2025-09-25T11:14:45","modified_gmt":"2025-09-25T09:14:45","slug":"reverse-components-super-shape-3d-mtb-flat-pedala","status":"publish","type":"product","link":"https:\/\/ritosa.click.si\/hr\/ducan\/biciklizam\/oprema-za-biciklizam\/dodatna-oprema-in-rezervni-deli\/pedala\/reverse-components-super-shape-3d-mtb-flat-pedala\/","title":{"rendered":"Pedale Reverse Super Shape 3D"},"content":{"rendered":"<p><span class=\"tlid-translation translation\" lang=\"sl\" xml:lang=\"sl\"><span title=\"\">Povr\u0161ina pedale osigurava da je va\u0161e stopalo \u010dvrsto postavljeno na pedalu i stvara dodatno prianjanje.<\/span> <\/span><\/p>\n<p><strong>Materijal:<\/strong><\/p>\n<ul>\n<li>Pedala: Aluminij<\/li>\n<li>Osovina: CrMo<\/li>\n<\/ul>\n<p><strong>Zna\u010dajke:<\/strong><\/p>\n<ul>\n<li>Dimenzije pedale: 100x95x20mm<\/li>\n<li>Navoj: 9\/16\u2033<\/li>\n<li>Tanak 3D oblik i povr\u0161ina s dobrim prianjanjem<\/li>\n<li>Konusni valjkasti le\u017eaj<\/li>\n<li>Izmjenjivi igle<\/li>\n<li>20 \u017eeljeznih klinova (M4)<\/li>\n<li>Komplet s 5 zamjenskih klinova i alatom za ugradnju klinova<\/li>\n<li>Te\u017eina po paru: 440 g s 20 \u017eeljeznih klinova<\/li>\n<li>Boja: Crna<\/li>\n<\/ul>","protected":false},"excerpt":{"rendered":"<p>Pedale Reverse Super Shape 3D ravne.<\/p>","protected":false},"featured_media":19745,"template":"","meta":{"_acf_changed":false,"inline_featured_image":false,"_monsterinsights_skip_tracking":false,"_monsterinsights_sitenote_active":false,"_monsterinsights_sitenote_note":"","_monsterinsights_sitenote_category":0},"product_brand":[1612],"product_cat":[531],"product_tag":[1706,1657,1699,1703,1704,1705],"class_list":{"0":"post-9297","1":"product","2":"type-product","3":"status-publish","4":"has-post-thumbnail","6":"product_brand-reverse","7":"product_cat-pedala","8":"product_tag-flat-pedala","9":"product_tag-pedala","10":"product_tag-pedala-reverse","11":"product_tag-pedala-reverse-super-shape-3d","12":"product_tag-reverse-super-shape-3d","13":"product_tag-super-shape-3d","15":"first","16":"instock","17":"sale","18":"taxable","19":"shipping-taxable","20":"purchasable","21":"product-type-simple"},"acf":[],"aioseo_notices":[],"_links":{"self":[{"href":"https:\/\/ritosa.click.si\/hr\/wp-json\/wp\/v2\/product\/9297","targetHints":{"allow":["GET"]}}],"collection":[{"href":"https:\/\/ritosa.click.si\/hr\/wp-json\/wp\/v2\/product"}],"about":[{"href":"https:\/\/ritosa.click.si\/hr\/wp-json\/wp\/v2\/types\/product"}],"wp:featuredmedia":[{"embeddable":true,"href":"https:\/\/ritosa.click.si\/hr\/wp-json\/wp\/v2\/media\/19745"}],"wp:attachment":[{"href":"https:\/\/ritosa.click.si\/hr\/wp-json\/wp\/v2\/media?parent=9297"}],"wp:term":[{"taxonomy":"product_brand","embeddable":true,"href":"https:\/\/ritosa.click.si\/hr\/wp-json\/wp\/v2\/product_brand?post=9297"},{"taxonomy":"product_cat","embeddable":true,"href":"https:\/\/ritosa.click.si\/hr\/wp-json\/wp\/v2\/product_cat?post=9297"},{"taxonomy":"product_tag","embeddable":true,"href":"https:\/\/ritosa.click.si\/hr\/wp-json\/wp\/v2\/product_tag?post=9297"}],"curies":[{"name":"radni list","href":"https:\/\/api.w.org\/{rel}","templated":true}]}}