{"id":9267,"date":"2025-09-02T12:27:59","date_gmt":"2025-09-02T10:27:59","guid":{"rendered":"https:\/\/ritosa.click.si\/?post_type=product&#038;p=9267"},"modified":"2026-03-12T16:49:20","modified_gmt":"2026-03-12T15:49:20","slug":"bidon-purist-hydroflo-watergate-0-75l","status":"publish","type":"product","link":"https:\/\/ritosa.click.si\/hr\/ducan\/biciklizam\/oprema-za-biciklizam\/dodatna-oprema-in-rezervni-deli\/bidoni\/bidon-purist-hydroflo-watergate-0-75l\/","title":{"rendered":"CamelBak Podium boca za vodu od 0,44 l"},"content":{"rendered":"<p>Najbolja boca za vodu za bicikliste. Ne propu\u0161ta i izvrsna prilagodljivost nosa\u010dima za bidone.<br \/>\nBoca za vodu CamelBak Podium savr\u0161ena je za sve bicikliste, kao i za planinare i rekreativne sporta\u0161e kojima je potrebna stalna hidratacija. Dizajnirana je tako da sigurno stane na ve\u0107inu nosa\u010da za bicikle.<br \/>\n\u010cep ima samozatvaraju\u0107i Jet ventil koji pove\u0107ava protok uz visoki protok, a istovremeno smanjuje prolijevanje i prskanje. Uvijek se otvara ili zatvara jednostavnim okretanjem. Va\u0161e \u0107e tijelo biti pravilno hidrirano, a istovremeno \u0107e se pobolj\u0161ati va\u0161e performanse. Tako\u0111er ima Trutaste polipropilensku tehnologiju s Hydroguard materijalima, tako da uvijek osje\u0107ate okus vode i ni\u0161ta drugo.<br \/>\nBoca ima veliki otvor za to\u010denje, dodavanje energetskih pi\u0107a, leda i omogu\u0107uje jednostavno \u010di\u0161\u0107enje. Svi dijelovi se lako odvajaju i mogu se bez problema prati u perilici posu\u0111a.<br \/>\nBoca Podium ne sadr\u017ei BPA, BPS i BPF, kao ni 100%.<\/p>\n<p>PREDNOSTI<br \/>\n\u2013 Trutaste Hydoguard tehnologija osigurava da okusite svoje pi\u0107e<br \/>\n\u2013 Boca koja se mo\u017ee stisnuti omogu\u0107uje ve\u0107i protok vode<br \/>\n\u2013 Samozatvaraju\u0107i mlazni ventil bez propu\u0161tanja<br \/>\n- Odgovara svim nosa\u010dima za bicikle<br \/>\n\u2013 Univerzalni poklopac kompatibilan s CamelBak Peak Fitness bocama<br \/>\n\u2013 Pranje u perilici posu\u0111a<\/p>\n<p><strong>Tehni\u010dki opis<\/strong><\/p>\n<ul>\n<li>Veli\u010dina: 0,44 l<\/li>\n<li>Te\u017eina: 70 g<\/li>\n<\/ul>","protected":false},"excerpt":{"rendered":"<p>CamelBak Podium boca za vodu od 0,44 l<\/p>","protected":false},"featured_media":19390,"template":"","meta":{"_acf_changed":false,"inline_featured_image":false,"_monsterinsights_skip_tracking":false,"_monsterinsights_sitenote_active":false,"_monsterinsights_sitenote_note":"","_monsterinsights_sitenote_category":0},"product_brand":[1251],"product_cat":[636],"product_tag":[1475,1479,1478,1476,1480,1481,1477,1482],"class_list":{"0":"post-9267","1":"product","2":"type-product","3":"status-publish","4":"has-post-thumbnail","6":"product_brand-camelbak","7":"product_cat-bidoni","8":"product_tag-bidon","9":"product_tag-bidon-camelbak","10":"product_tag-bidon-camelbak-podium","11":"product_tag-bidon-camelbak-podium-0-44l","12":"product_tag-bidon-za-kolesarjenje","13":"product_tag-bidon-za-sporte","14":"product_tag-camelbak-podium","15":"product_tag-flasa-za-vodo","17":"first","18":"instock","19":"sale","20":"taxable","21":"shipping-taxable","22":"purchasable","23":"product-type-simple"},"acf":[],"aioseo_notices":[],"_links":{"self":[{"href":"https:\/\/ritosa.click.si\/hr\/wp-json\/wp\/v2\/product\/9267","targetHints":{"allow":["GET"]}}],"collection":[{"href":"https:\/\/ritosa.click.si\/hr\/wp-json\/wp\/v2\/product"}],"about":[{"href":"https:\/\/ritosa.click.si\/hr\/wp-json\/wp\/v2\/types\/product"}],"wp:featuredmedia":[{"embeddable":true,"href":"https:\/\/ritosa.click.si\/hr\/wp-json\/wp\/v2\/media\/19390"}],"wp:attachment":[{"href":"https:\/\/ritosa.click.si\/hr\/wp-json\/wp\/v2\/media?parent=9267"}],"wp:term":[{"taxonomy":"product_brand","embeddable":true,"href":"https:\/\/ritosa.click.si\/hr\/wp-json\/wp\/v2\/product_brand?post=9267"},{"taxonomy":"product_cat","embeddable":true,"href":"https:\/\/ritosa.click.si\/hr\/wp-json\/wp\/v2\/product_cat?post=9267"},{"taxonomy":"product_tag","embeddable":true,"href":"https:\/\/ritosa.click.si\/hr\/wp-json\/wp\/v2\/product_tag?post=9267"}],"curies":[{"name":"radni list","href":"https:\/\/api.w.org\/{rel}","templated":true}]}}