{"id":9253,"date":"2020-08-18T11:21:28","date_gmt":"2020-08-18T11:21:28","guid":{"rendered":"https:\/\/ritosa.click.si\/?post_type=product&#038;p=9253"},"modified":"2025-09-19T16:12:59","modified_gmt":"2025-09-19T14:12:59","slug":"nosilec-bidona-zee-cage-ii-right-7","status":"publish","type":"product","link":"https:\/\/ritosa.click.si\/hr\/ducan\/biciklizam\/oprema-za-biciklizam\/dodatna-oprema-in-rezervni-deli\/nosilci-bidonov\/nosilec-bidona-zee-cage-ii-right-7\/","title":{"rendered":"Dr\u017ea\u010d za boce ZEE CAGE II \u2013 desni"},"content":{"rendered":"<p>Specialized Zee Cage II kompatibilan je sa SWAT (skladi\u0161tenje alata i specijalnih predmeta) proizvodima, a poseban je zbog svog jedinstvenog dizajna s bo\u010dnim otvorom za bocu koji olak\u0161ava umetanje boce na manje, kompaktne okvire.<\/p>\n<ul>\n<li>SWAT tehnologija za pohranu i integraciju alata<\/li>\n<li>Oja\u010dani kompozitni materijal pove\u0107ava izdr\u017eljivost bez pove\u0107anja te\u017eine<\/li>\n<li>Bo\u010dni otvor omogu\u0107uje jednostavan pristup boci; za kompaktne okvire<\/li>\n<li>Umetanje s desne strane na glavnoj cijevi, umetanje s lijeve strane na cijevi sjedala<\/li>\n<li>Minimalisti\u010dki, elegantan izgled s jasnom grafikom<\/li>\n<li>Kompatibilan s EMT nosa\u010dem alata Cage Mount<\/li>\n<li>Opcija kutije za MTB XC Kit Storega (vrijedi samo za odre\u0111ene modele Epic i Stumpjumper HT)<\/li>\n<\/ul>","protected":false},"excerpt":{"rendered":"<p>Lagan i izdr\u017eljiv nosa\u010d izra\u0111en od kompozitnog materijala koji, osim vrhunskog izgleda, impresionira i svojom funkcionalno\u0161\u0107u.<\/p>","protected":false},"featured_media":9254,"template":"","meta":{"_acf_changed":false,"inline_featured_image":false,"_monsterinsights_skip_tracking":false,"_monsterinsights_sitenote_active":false,"_monsterinsights_sitenote_note":"","_monsterinsights_sitenote_category":0},"product_brand":[673],"product_cat":[635],"product_tag":[1588,1590,1589],"class_list":{"0":"post-9253","1":"product","2":"type-product","3":"status-publish","4":"has-post-thumbnail","6":"product_brand-specialized","7":"product_cat-nosilci-bidonov","8":"product_tag-nosilec-bidona-specialized","9":"product_tag-nosilec-bidona-za-na-kolo","10":"product_tag-specialized","12":"first","13":"instock","14":"taxable","15":"shipping-taxable","16":"purchasable","17":"product-type-simple"},"acf":[],"aioseo_notices":[],"_links":{"self":[{"href":"https:\/\/ritosa.click.si\/hr\/wp-json\/wp\/v2\/product\/9253","targetHints":{"allow":["GET"]}}],"collection":[{"href":"https:\/\/ritosa.click.si\/hr\/wp-json\/wp\/v2\/product"}],"about":[{"href":"https:\/\/ritosa.click.si\/hr\/wp-json\/wp\/v2\/types\/product"}],"wp:featuredmedia":[{"embeddable":true,"href":"https:\/\/ritosa.click.si\/hr\/wp-json\/wp\/v2\/media\/9254"}],"wp:attachment":[{"href":"https:\/\/ritosa.click.si\/hr\/wp-json\/wp\/v2\/media?parent=9253"}],"wp:term":[{"taxonomy":"product_brand","embeddable":true,"href":"https:\/\/ritosa.click.si\/hr\/wp-json\/wp\/v2\/product_brand?post=9253"},{"taxonomy":"product_cat","embeddable":true,"href":"https:\/\/ritosa.click.si\/hr\/wp-json\/wp\/v2\/product_cat?post=9253"},{"taxonomy":"product_tag","embeddable":true,"href":"https:\/\/ritosa.click.si\/hr\/wp-json\/wp\/v2\/product_tag?post=9253"}],"curies":[{"name":"radni list","href":"https:\/\/api.w.org\/{rel}","templated":true}]}}