{"id":9213,"date":"2020-08-15T20:15:30","date_gmt":"2020-08-15T20:15:30","guid":{"rendered":"https:\/\/ritosa.click.si\/?post_type=product&#038;p=9213"},"modified":"2025-10-29T16:07:39","modified_gmt":"2025-10-29T15:07:39","slug":"specialized-29-presta-1-75-2-4","status":"publish","type":"product","link":"https:\/\/ritosa.click.si\/hr\/ducan\/biciklizam\/specialized-29-presta-1-75-2-4\/","title":{"rendered":"Otvor Vittoria 29\u201d Presta 1,95 \u2013 2,5"},"content":{"rendered":"<ul>\n<li>Dimenzija: 29 \u00d7 1,95-2,5<\/li>\n<li>Ventil: FV presta (francuski) 48 mm<\/li>\n<li>Te\u017eina: 235 g<\/li>\n<li>Duljina ventila: 48 mm<\/li>\n<\/ul>","protected":false},"excerpt":{"rendered":"<p>Vittoria Standard 29\u00d71.95-2.5 vi\u0161enamjenska zra\u010dnica za svakodnevnu upotrebu pru\u017ea dobru otpornost na probijanje i prikladan je izbor na \u0161irokom rasponu terena.<\/p>","protected":false},"featured_media":20157,"template":"","meta":{"_acf_changed":false,"inline_featured_image":false},"product_brand":[2072],"product_cat":[1185],"product_tag":[2075,2074,2076,2077,2073],"class_list":{"0":"post-9213","1":"product","2":"type-product","3":"status-publish","4":"has-post-thumbnail","6":"product_brand-vittoria","7":"product_cat-kolesarstvo","8":"product_tag-2075","9":"product_tag-95-2","10":"product_tag-zracnica-vittoria","11":"product_tag-zracnica-vittoria-29","12":"product_tag-zracnica-vittoria-29-presta-1","14":"first","15":"instock","16":"taxable","17":"shipping-taxable","18":"product-type-simple"},"acf":[],"_links":{"self":[{"href":"https:\/\/ritosa.click.si\/hr\/wp-json\/wp\/v2\/product\/9213","targetHints":{"allow":["GET"]}}],"collection":[{"href":"https:\/\/ritosa.click.si\/hr\/wp-json\/wp\/v2\/product"}],"about":[{"href":"https:\/\/ritosa.click.si\/hr\/wp-json\/wp\/v2\/types\/product"}],"wp:featuredmedia":[{"embeddable":true,"href":"https:\/\/ritosa.click.si\/hr\/wp-json\/wp\/v2\/media\/20157"}],"wp:attachment":[{"href":"https:\/\/ritosa.click.si\/hr\/wp-json\/wp\/v2\/media?parent=9213"}],"wp:term":[{"taxonomy":"product_brand","embeddable":true,"href":"https:\/\/ritosa.click.si\/hr\/wp-json\/wp\/v2\/product_brand?post=9213"},{"taxonomy":"product_cat","embeddable":true,"href":"https:\/\/ritosa.click.si\/hr\/wp-json\/wp\/v2\/product_cat?post=9213"},{"taxonomy":"product_tag","embeddable":true,"href":"https:\/\/ritosa.click.si\/hr\/wp-json\/wp\/v2\/product_tag?post=9213"}],"curies":[{"name":"radni list","href":"https:\/\/api.w.org\/{rel}","templated":true}]}}