{"id":9098,"date":"2020-08-13T12:19:51","date_gmt":"2020-08-13T12:19:51","guid":{"rendered":"https:\/\/ritosa.click.si\/?post_type=product&#038;p=9098"},"modified":"2026-03-13T18:04:58","modified_gmt":"2026-03-13T17:04:58","slug":"specialized-fast-trak-sport-26-x-2-35","status":"publish","type":"product","link":"https:\/\/ritosa.click.si\/hr\/ducan\/biciklizam\/oprema-za-biciklizam\/dodatna-oprema-in-rezervni-deli\/plasci\/cestni-plasci\/specialized-fast-trak-sport-26-x-2-35\/","title":{"rendered":"Vanjska guma Vittoria Rubino Pro 700\u00d725"},"content":{"rendered":"<p>Dobro se pona\u0161a i u suhim i u mokrim uvjetima. Zbog svoje izdr\u017eljivosti, glavni je radni konj mnogih natjecatelja na treningu, a svi rekreativni voza\u010di definitivno \u0107e biti impresionirani njime.<\/p>\n<p>&nbsp;<\/p>","protected":false},"excerpt":{"rendered":"<p>Vittoria Rubino Pro 700\u00d725 je svestrana cestovna vanjska guma.<\/p>","protected":false},"featured_media":21510,"template":"","meta":{"_acf_changed":false,"inline_featured_image":false,"_monsterinsights_skip_tracking":false,"_monsterinsights_sitenote_active":false,"_monsterinsights_sitenote_note":"","_monsterinsights_sitenote_category":0},"product_brand":[2072],"product_cat":[612,518],"product_tag":[],"class_list":{"0":"post-9098","1":"product","2":"type-product","3":"status-publish","4":"has-post-thumbnail","6":"product_brand-vittoria","7":"product_cat-cestni-plasci","8":"product_cat-plasci","10":"first","11":"instock","12":"taxable","13":"shipping-taxable","14":"purchasable","15":"product-type-simple"},"acf":[],"aioseo_notices":[],"_links":{"self":[{"href":"https:\/\/ritosa.click.si\/hr\/wp-json\/wp\/v2\/product\/9098","targetHints":{"allow":["GET"]}}],"collection":[{"href":"https:\/\/ritosa.click.si\/hr\/wp-json\/wp\/v2\/product"}],"about":[{"href":"https:\/\/ritosa.click.si\/hr\/wp-json\/wp\/v2\/types\/product"}],"wp:featuredmedia":[{"embeddable":true,"href":"https:\/\/ritosa.click.si\/hr\/wp-json\/wp\/v2\/media\/21510"}],"wp:attachment":[{"href":"https:\/\/ritosa.click.si\/hr\/wp-json\/wp\/v2\/media?parent=9098"}],"wp:term":[{"taxonomy":"product_brand","embeddable":true,"href":"https:\/\/ritosa.click.si\/hr\/wp-json\/wp\/v2\/product_brand?post=9098"},{"taxonomy":"product_cat","embeddable":true,"href":"https:\/\/ritosa.click.si\/hr\/wp-json\/wp\/v2\/product_cat?post=9098"},{"taxonomy":"product_tag","embeddable":true,"href":"https:\/\/ritosa.click.si\/hr\/wp-json\/wp\/v2\/product_tag?post=9098"}],"curies":[{"name":"radni list","href":"https:\/\/api.w.org\/{rel}","templated":true}]}}