{"id":9079,"date":"2020-08-04T16:53:03","date_gmt":"2020-08-04T16:53:03","guid":{"rendered":"https:\/\/ritosa.click.si\/?post_type=product&#038;p=9079"},"modified":"2026-04-04T10:12:01","modified_gmt":"2026-04-04T08:12:01","slug":"rolerji-tempish-ezza-90-2","status":"publish","type":"product","link":"https:\/\/ritosa.click.si\/hr\/ducan\/rolerji\/odrasli-rolerji\/rolerji-tempish-ezza-90-2\/","title":{"rendered":"Rolerji Tempish EZZA 90"},"content":{"rendered":"<p>Klizaljke EZZA 90 dizajnirane su za fitness i rekreativno klizanje. Namijenjene su po\u010detnicima i kliza\u010dima srednjeg nivoa.<\/p>\n<p>Kalup za klizanje provjeren je iz prethodnih modela i pokazao se izuzetno pouzdanim. Fleksibilno podru\u010dje u gle\u017enju je dodatno oja\u010dano.<\/p>\n<p>Ulo\u017eak koristi novu HOT PRESSS SEAMLESS COVER tehnologiju, koja omogu\u0107uje kori\u0161tenje PVC materijala bez \u0161ivanja. Ova kombinacija je ja\u010da od plastike.<\/p>\n<p>\u0160asija je CNC izrezana. \u0160asija se mo\u017ee prilagoditi prema individualnim \u017eeljama.<\/p>\n<p>Klizaljke imaju univerzalnu S-ko\u010dnicu.<\/p>\n<p>Veli\u010dina: 38-45<\/p>\n<p>Zna\u010dajke<\/p>\n<ul>\n<li>Preporu\u010duje se za: |Sportsko uli\u010dno (urbano) i slobodno klizanje, po\u010detnike, napredne i iskusne kliza\u010de.|<\/li>\n<li>Kategorija: |Fitnes|<\/li>\n<li>Kalup: Dvodijelni PE materijal s ventilacijom u donjem dijelu kalupa i potplata, umetnuti amortizer.<\/li>\n<li>Unutarnji materijali: Podstava \u2013 fini najlon, omek\u0161ani dio u podru\u010dju Ahilove tetive za lak\u0161e freestyle trikove, prozra\u010dna cijela cipela s memorijskom pjenom, anatomski oblikovani ulo\u017eak, oja\u010dano dno cipele tvrdim PVC-om<\/li>\n<li>Kota\u010di: |PU SHR|<\/li>\n<li>Veli\u010dina kota\u010da: |90 mm|<\/li>\n<li>Tvrdo\u0107a kota\u010da: |85A|<\/li>\n<li>Le\u017eajevi: |ABEC 9 kromirani \u010delik|<\/li>\n<li>Ko\u010dnica: |Ne|<\/li>\n<li>Na\u010din zatvaranja: Gornja kop\u010da s automatskim zaklju\u010davanjem, vezice, donji remen s dvostrukim zatvaranjem, mikrokop\u010da<\/li>\n<\/ul>\n<div class=\"-inch-almost_half_cell-inch-\">\n<h3><span style=\"text-decoration: underline\">PREPORUKA<br \/>\n<\/span><\/h3>\n<h4><em>\u2013 Obavezno no\u0161enje za\u0161titne opreme! (kaciga, \u0161titnici za zglobove, laktove i koljena)<\/em><\/h4>\n<h4><em>\u2013 Predmet nije namijenjen za upotrebu u prometu!<\/em><\/h4>\n<h4><em>\u2013 Prije upotrebe obavezno pro\u010ditajte upute za uporabu i upozorenja.<\/em><\/h4>\n<\/div>","protected":false},"excerpt":{"rendered":"<p>Rolerji Tempish EZZA 90<\/p>\n<p>&nbsp;<\/p>","protected":false},"featured_media":9085,"template":"","meta":{"_acf_changed":false,"inline_featured_image":false},"product_brand":[1219],"product_cat":[584],"product_tag":[1201],"class_list":{"0":"post-9079","1":"product","2":"type-product","3":"status-publish","4":"has-post-thumbnail","6":"product_brand-tempish","7":"product_cat-odrasli-rolerji","8":"product_tag-outlet","9":"pa_velikost-743","10":"pa_velikost-718","11":"pa_velikost-742","13":"first","14":"instock","15":"sale","16":"taxable","17":"shipping-taxable","18":"purchasable","19":"product-type-variable"},"acf":[],"_links":{"self":[{"href":"https:\/\/ritosa.click.si\/hr\/wp-json\/wp\/v2\/product\/9079","targetHints":{"allow":["GET"]}}],"collection":[{"href":"https:\/\/ritosa.click.si\/hr\/wp-json\/wp\/v2\/product"}],"about":[{"href":"https:\/\/ritosa.click.si\/hr\/wp-json\/wp\/v2\/types\/product"}],"wp:featuredmedia":[{"embeddable":true,"href":"https:\/\/ritosa.click.si\/hr\/wp-json\/wp\/v2\/media\/9085"}],"wp:attachment":[{"href":"https:\/\/ritosa.click.si\/hr\/wp-json\/wp\/v2\/media?parent=9079"}],"wp:term":[{"taxonomy":"product_brand","embeddable":true,"href":"https:\/\/ritosa.click.si\/hr\/wp-json\/wp\/v2\/product_brand?post=9079"},{"taxonomy":"product_cat","embeddable":true,"href":"https:\/\/ritosa.click.si\/hr\/wp-json\/wp\/v2\/product_cat?post=9079"},{"taxonomy":"product_tag","embeddable":true,"href":"https:\/\/ritosa.click.si\/hr\/wp-json\/wp\/v2\/product_tag?post=9079"}],"curies":[{"name":"radni list","href":"https:\/\/api.w.org\/{rel}","templated":true}]}}