{"id":9066,"date":"2020-07-28T13:39:57","date_gmt":"2020-07-28T13:39:57","guid":{"rendered":"https:\/\/ritosa.click.si\/?post_type=product&#038;p=9066"},"modified":"2026-03-23T12:38:30","modified_gmt":"2026-03-23T11:38:30","slug":"soncna-ocala-flexxy-cool-kids-i","status":"publish","type":"product","link":"https:\/\/ritosa.click.si\/hr\/ducan\/biciklizam\/oprema-za-biciklizam\/kolesarska-ocala\/soncna-ocala-flexxy-cool-kids-i\/","title":{"rendered":"Sun\u010dane nao\u010dale Alpina FLEXXY COOL KIDS I"},"content":{"rendered":"<div class=\"std\">\n<div class=\"std\"><\/div>\n<\/div>","protected":false},"excerpt":{"rendered":"<p>Dje\u010dje sun\u010dane nao\u010dale FLEXXY COOL KIDS I imaju kerami\u010dke le\u0107e koje nude UV za\u0161titu 100%. Okvir nao\u010dala je vrlo fleksibilan i mo\u017ee se savijati u svim smjerovima bez loma. Kombinacija tvrdih okvira, mekih krajeva na ru\u010dkama i jastu\u010di\u0107a za nos \u010dini nao\u010dale udobnijima za no\u0161enje i boljim pristajanjem.<\/p>","protected":false},"featured_media":9067,"template":"","meta":{"_acf_changed":false,"inline_featured_image":false},"product_brand":[678],"product_cat":[526],"product_tag":[1126,2023,2024,2020,1198,2019,2016,2022],"class_list":{"0":"post-9066","1":"product","2":"type-product","3":"status-publish","4":"has-post-thumbnail","6":"product_brand-alpina","7":"product_cat-kolesarska-ocala","8":"product_tag-alpina-2","9":"product_tag-alpina-flexxy-cool-kids-i","10":"product_tag-flexxy-cool-kids-i","11":"product_tag-kolesarska-otroska-ocala","12":"product_tag-otroci","13":"product_tag-soncna-ocala","14":"product_tag-soncna-ocala-alpina","15":"product_tag-soncna-ocala-alpina-flexxy-cool-kids-i","17":"first","18":"instock","19":"sale","20":"taxable","21":"shipping-taxable","22":"purchasable","23":"product-type-simple"},"acf":[],"_links":{"self":[{"href":"https:\/\/ritosa.click.si\/hr\/wp-json\/wp\/v2\/product\/9066","targetHints":{"allow":["GET"]}}],"collection":[{"href":"https:\/\/ritosa.click.si\/hr\/wp-json\/wp\/v2\/product"}],"about":[{"href":"https:\/\/ritosa.click.si\/hr\/wp-json\/wp\/v2\/types\/product"}],"wp:featuredmedia":[{"embeddable":true,"href":"https:\/\/ritosa.click.si\/hr\/wp-json\/wp\/v2\/media\/9067"}],"wp:attachment":[{"href":"https:\/\/ritosa.click.si\/hr\/wp-json\/wp\/v2\/media?parent=9066"}],"wp:term":[{"taxonomy":"product_brand","embeddable":true,"href":"https:\/\/ritosa.click.si\/hr\/wp-json\/wp\/v2\/product_brand?post=9066"},{"taxonomy":"product_cat","embeddable":true,"href":"https:\/\/ritosa.click.si\/hr\/wp-json\/wp\/v2\/product_cat?post=9066"},{"taxonomy":"product_tag","embeddable":true,"href":"https:\/\/ritosa.click.si\/hr\/wp-json\/wp\/v2\/product_tag?post=9066"}],"curies":[{"name":"radni list","href":"https:\/\/api.w.org\/{rel}","templated":true}]}}