{"id":9060,"date":"2020-07-28T12:05:11","date_gmt":"2020-07-28T12:05:11","guid":{"rendered":"https:\/\/ritosa.click.si\/?post_type=product&#038;p=9060"},"modified":"2026-03-23T12:36:42","modified_gmt":"2026-03-23T11:36:42","slug":"soncna-ocala-bliz-drift","status":"publish","type":"product","link":"https:\/\/ritosa.click.si\/hr\/ducan\/biciklizam\/oprema-za-biciklizam\/kolesarska-ocala\/soncna-ocala-bliz-drift\/","title":{"rendered":"Sun\u010dane nao\u010dale BLIZ DRIFT"},"content":{"rendered":"<div class=\"std\">\n<p><strong>Tehni\u010dki podaci:<\/strong><\/p>\n<ul>\n<li>Mek\u0161a guma na nosu i na vrhovima bo\u010dnih ru\u010dki za udobniju upotrebu<\/li>\n<li>100% UVA i UVB za\u0161tita<\/li>\n<li>Nelomljive le\u0107e izra\u0111ene od polikarbonata, koje su 10 puta otpornije na udarce od plasti\u010dnih ili staklenih le\u0107a i nude najvi\u0161u razinu za\u0161tite<\/li>\n<li>Le\u0107a: plava \u2013 vi\u0161eslojni ton<\/li>\n<li>zatvorene nao\u010dale \u2013 tako\u0111er sa strane<\/li>\n<li>opru\u017ene ru\u010dke za nao\u010dale<\/li>\n<li>Uklju\u010dena je mekana, za\u0161titna vre\u0107ica od mikrovlakana za pohranu nao\u010dala.<\/li>\n<\/ul>\n<p>S Blizom se mo\u017eete osje\u0107ati sigurno i ostati usredoto\u010deni na svoj sport. Brend BLIZ isti\u010de se po tri va\u017ena faktora.<\/p>\n<p><strong>DIZAJN<\/strong>\u00a0\u2013 Bliz je brend pro\u017eet skandinavskim dizajnom, koji je na vrhu po funkcionalnosti, tehnologiji i izgledu. Kvalitetni proizvodi koji zadovoljavaju standarde i zahtjeve svakog pojedinca.<\/p>\n<p><strong>PRILAGODLJIVOST<\/strong>\u00a0\u2013 Bliz osigurava visoku tehni\u010dku i funkcionalnu razinu proizvoda. Funkcionalnost proizvoda i pribor osiguravaju nenadma\u0161nu svestranost i fleksibilnost.<\/p>\n<p><strong>VRIJEDNOST<\/strong>\u00a0\u2013 cjenovna prednost, uz fleksibilnost proizvoda i pribora \u2013 koji su uklju\u010deni u cijenu, pru\u017eaju nenadma\u0161nu vrijednost.<\/p>\n<\/div>","protected":false},"excerpt":{"rendered":"<p>DRIFT nao\u010dale su izuzetno udobne nao\u010dale koje su prikladne za sve vrste aktivnosti i idealan su izbor ako se bavite \u0161irokim rasponom sportova.<\/p>","protected":false},"featured_media":9061,"template":"","meta":{"_acf_changed":false,"inline_featured_image":false},"product_brand":[2053],"product_cat":[526],"product_tag":[2032,2031,2033,2019,2030,2029],"class_list":{"0":"post-9060","1":"product","2":"type-product","3":"status-publish","4":"has-post-thumbnail","6":"product_brand-bliz","7":"product_cat-kolesarska-ocala","8":"product_tag-bliz","9":"product_tag-bliz-drift","10":"product_tag-kolesarska-ocala","11":"product_tag-soncna-ocala","12":"product_tag-soncna-ocala-bliz","13":"product_tag-soncna-ocala-bliz-drift","15":"first","16":"instock","17":"sale","18":"taxable","19":"shipping-taxable","20":"purchasable","21":"product-type-simple"},"acf":[],"_links":{"self":[{"href":"https:\/\/ritosa.click.si\/hr\/wp-json\/wp\/v2\/product\/9060","targetHints":{"allow":["GET"]}}],"collection":[{"href":"https:\/\/ritosa.click.si\/hr\/wp-json\/wp\/v2\/product"}],"about":[{"href":"https:\/\/ritosa.click.si\/hr\/wp-json\/wp\/v2\/types\/product"}],"wp:featuredmedia":[{"embeddable":true,"href":"https:\/\/ritosa.click.si\/hr\/wp-json\/wp\/v2\/media\/9061"}],"wp:attachment":[{"href":"https:\/\/ritosa.click.si\/hr\/wp-json\/wp\/v2\/media?parent=9060"}],"wp:term":[{"taxonomy":"product_brand","embeddable":true,"href":"https:\/\/ritosa.click.si\/hr\/wp-json\/wp\/v2\/product_brand?post=9060"},{"taxonomy":"product_cat","embeddable":true,"href":"https:\/\/ritosa.click.si\/hr\/wp-json\/wp\/v2\/product_cat?post=9060"},{"taxonomy":"product_tag","embeddable":true,"href":"https:\/\/ritosa.click.si\/hr\/wp-json\/wp\/v2\/product_tag?post=9060"}],"curies":[{"name":"radni list","href":"https:\/\/api.w.org\/{rel}","templated":true}]}}