{"id":9051,"date":"2020-07-21T10:03:34","date_gmt":"2020-07-21T10:03:34","guid":{"rendered":"https:\/\/ritosa.click.si\/?post_type=product&#038;p=9051"},"modified":"2025-06-23T15:13:33","modified_gmt":"2025-06-23T13:13:33","slug":"deska-tempish-nautical-c","status":"publish","type":"product","link":"https:\/\/ritosa.click.si\/hr\/ducan\/biciklizam\/deska-tempish-nautical-c\/","title":{"rendered":"Tempish Nautical-C daska"},"content":{"rendered":"<div style=\"margin:0px;padding:0px;border:none;color:#6a6a6a;font-family:Arial, Helvetica, sans-serif;font-size:14px;\">Ova kolekcija je napravljena za ljubitelje sunca i pla\u017ee, konstrukcija daske je od bambusovog drva, \u0161to omogu\u0107uje bolji osje\u0107aj tijekom surfanja. Daska je stoga i lak\u0161a i fleksibilnija tijekom vo\u017enje. Daska je oblo\u017eena prozirnim gripom.\u00a0<\/div>\n<div style=\"margin:0px;padding:0px;border:none;color:#6a6a6a;font-family:Arial, Helvetica, sans-serif;font-size:14px;\">\u00a0<\/div>\n<h3 style=\"margin:0px;padding:12px 0px 24px;border:none;font-family:'Open Sans', sans-serif;font-weight:normal;line-height:28px;color:#1b1b1b;font-size:24px;text-transform:uppercase;letter-spacing:-1px;\">ZNA\u010cAJKE<\/h3>\n<ul style=\"margin:0px 0px 12px 25px;padding:0px;border:none;list-style:none;color:#6a6a6a;font-family:Arial, Helvetica, sans-serif;font-size:14px;\">\n<li style=\"margin:0px;padding:0px;border:none;line-height:24px;\">Preporu\u010duje se za: |Rekreaciju.|<\/li>\n<li style=\"margin:0px;padding:0px;border:none;line-height:24px;\">Materijal plo\u010de: 1.+7. bambus, 2.-6. ruski javor<\/li>\n<li style=\"margin:0px;padding:0px;border:none;line-height:24px;\">Oblik daske: |prolazni+zakrivljeni rocker konkavni|<\/li>\n<li style=\"margin:0px;padding:0px;border:none;line-height:24px;\">Veli\u010dina plo\u010de: 41*9,56 in\u010da<\/li>\n<li style=\"margin:0px;padding:0px;border:none;line-height:24px;\">Grip: traka za hvatanje u spreju<\/li>\n<li style=\"margin:0px;padding:0px;border:none;line-height:24px;\">Jastuk: PUC 92A HR<\/li>\n<li style=\"margin:0px;padding:0px;border:none;line-height:24px;\">Kota\u010di: |70\u00d751 mm|<\/li>\n<li style=\"margin:0px;padding:0px;border:none;line-height:24px;\">Veli\u010dina kota\u010da: |70 mm|<\/li>\n<li style=\"margin:0px;padding:0px;border:none;line-height:24px;\">Tvrdo\u0107a kota\u010da: |78A|<\/li>\n<li style=\"margin:0px;padding:0px;border:none;line-height:24px;\">\u0160asija: |7-in\u010dni - obrnuti kamion, premaz|<\/li>\n<li style=\"margin:0px;padding:0px;border:none;line-height:24px;\">Le\u017eajevi: |ABEC 7 kromirani \u010delik|<\/li>\n<li style=\"margin:0px;padding:0px;border:none;line-height:24px;\">Maks. nosivost: 80 kg<\/li>\n<\/ul>","protected":false},"excerpt":{"rendered":"<p>Tempish Nautical-C daska<\/p>","protected":false},"featured_media":9052,"template":"","meta":{"_acf_changed":false,"inline_featured_image":false,"_monsterinsights_skip_tracking":false,"_monsterinsights_sitenote_active":false,"_monsterinsights_sitenote_note":"","_monsterinsights_sitenote_category":0},"product_brand":[],"product_cat":[1185],"product_tag":[],"class_list":{"0":"post-9051","1":"product","2":"type-product","3":"status-publish","4":"has-post-thumbnail","6":"product_cat-kolesarstvo","8":"first","9":"onbackorder","10":"taxable","11":"shipping-taxable","12":"purchasable","13":"product-type-simple"},"acf":[],"aioseo_notices":[],"_links":{"self":[{"href":"https:\/\/ritosa.click.si\/hr\/wp-json\/wp\/v2\/product\/9051","targetHints":{"allow":["GET"]}}],"collection":[{"href":"https:\/\/ritosa.click.si\/hr\/wp-json\/wp\/v2\/product"}],"about":[{"href":"https:\/\/ritosa.click.si\/hr\/wp-json\/wp\/v2\/types\/product"}],"wp:featuredmedia":[{"embeddable":true,"href":"https:\/\/ritosa.click.si\/hr\/wp-json\/wp\/v2\/media\/9052"}],"wp:attachment":[{"href":"https:\/\/ritosa.click.si\/hr\/wp-json\/wp\/v2\/media?parent=9051"}],"wp:term":[{"taxonomy":"product_brand","embeddable":true,"href":"https:\/\/ritosa.click.si\/hr\/wp-json\/wp\/v2\/product_brand?post=9051"},{"taxonomy":"product_cat","embeddable":true,"href":"https:\/\/ritosa.click.si\/hr\/wp-json\/wp\/v2\/product_cat?post=9051"},{"taxonomy":"product_tag","embeddable":true,"href":"https:\/\/ritosa.click.si\/hr\/wp-json\/wp\/v2\/product_tag?post=9051"}],"curies":[{"name":"radni list","href":"https:\/\/api.w.org\/{rel}","templated":true}]}}