{"id":9049,"date":"2020-07-21T09:51:54","date_gmt":"2020-07-21T09:51:54","guid":{"rendered":"https:\/\/ritosa.click.si\/?post_type=product&#038;p=9049"},"modified":"2026-03-14T13:14:36","modified_gmt":"2026-03-14T12:14:36","slug":"skiro-roces-150-alu-2","status":"publish","type":"product","link":"https:\/\/ritosa.click.si\/hr\/ducan\/skiroji\/klasicni-skiroji\/skiro-roces-150-alu-2\/","title":{"rendered":"Romobil Roces 150 Alu"},"content":{"rendered":"<div class=\"rte\">\n<p>Roces Fun 150 mm je dje\u010dji romobil za udobnu vo\u017enju po dobro odr\u017eavanim povr\u0161inama. Romobil se lako vozi i brzo sklapa, tako da je uvijek s vama, gdje god se nalazili. Lagani aluminijski okvir omogu\u0107uje jednostavan transport. Ima sklopivu ru\u010dku koja omogu\u0107uje jednostavno spremanje romobila, te no\u017enu ko\u010dnicu na stra\u017enjem kota\u010du koja pru\u017ea dodatnu sigurnost. Romobil ima kota\u010de od 150 mm s ABEC 7 le\u017eajevima, \u0161to omogu\u0107uje brzinu i upravljivost. Opremljen je i no\u017enim postoljem.<\/p>\n<p>ZNA\u010cAJKE:<\/p>\n<ul>\n<li>Kota\u010di: 150 mm PU<\/li>\n<li>Le\u017eaj: ABEC 5<\/li>\n<li>Maksimalna te\u017eina: 100 kg<\/li>\n<\/ul>\n<p><strong>Upozorenje!<\/strong>\u00a0Prilikom kori\u0161tenja potrebno je nositi za\u0161titnu opremu (kacigu, \u0161titnike, rukavice).<br \/>\n\u2013 Proizvod je igra\u010dka i nije namijenjen za kori\u0161tenje u javnom prijevozu jer nije prilago\u0111en za javni prijevoz.<br \/>\n<strong>Upozorenje!<\/strong> Proizvod ne smiju koristiti djeca mla\u0111a od 36 mjeseci jer sadr\u017ei sitne dijelove i mo\u017ee predstavljati opasnost od gu\u0161enja.<\/p>\n<\/div>","protected":false},"excerpt":{"rendered":"<p>Roces romobil od 150 mm za udobnu vo\u017enju po ure\u0111enim povr\u0161inama.<\/p>","protected":false},"featured_media":19279,"template":"","meta":{"_acf_changed":false,"inline_featured_image":false,"_monsterinsights_skip_tracking":false,"_monsterinsights_sitenote_active":false,"_monsterinsights_sitenote_note":"","_monsterinsights_sitenote_category":0},"product_brand":[684],"product_cat":[651,495],"product_tag":[1353,1350,1352,1351],"class_list":{"0":"post-9049","1":"product","2":"type-product","3":"status-publish","4":"has-post-thumbnail","6":"product_brand-roces","7":"product_cat-klasicni-skiroji","8":"product_cat-skiroji","9":"product_tag-freestyle-skiro","10":"product_tag-roces-skiro","11":"product_tag-skiro-za-skakat","12":"product_tag-skiroji-z-askakat","14":"first","15":"instock","16":"sale","17":"taxable","18":"shipping-taxable","19":"purchasable","20":"product-type-simple"},"acf":[],"aioseo_notices":[],"_links":{"self":[{"href":"https:\/\/ritosa.click.si\/hr\/wp-json\/wp\/v2\/product\/9049","targetHints":{"allow":["GET"]}}],"collection":[{"href":"https:\/\/ritosa.click.si\/hr\/wp-json\/wp\/v2\/product"}],"about":[{"href":"https:\/\/ritosa.click.si\/hr\/wp-json\/wp\/v2\/types\/product"}],"wp:featuredmedia":[{"embeddable":true,"href":"https:\/\/ritosa.click.si\/hr\/wp-json\/wp\/v2\/media\/19279"}],"wp:attachment":[{"href":"https:\/\/ritosa.click.si\/hr\/wp-json\/wp\/v2\/media?parent=9049"}],"wp:term":[{"taxonomy":"product_brand","embeddable":true,"href":"https:\/\/ritosa.click.si\/hr\/wp-json\/wp\/v2\/product_brand?post=9049"},{"taxonomy":"product_cat","embeddable":true,"href":"https:\/\/ritosa.click.si\/hr\/wp-json\/wp\/v2\/product_cat?post=9049"},{"taxonomy":"product_tag","embeddable":true,"href":"https:\/\/ritosa.click.si\/hr\/wp-json\/wp\/v2\/product_tag?post=9049"}],"curies":[{"name":"radni list","href":"https:\/\/api.w.org\/{rel}","templated":true}]}}