{"id":9036,"date":"2020-07-16T15:28:36","date_gmt":"2020-07-16T15:28:36","guid":{"rendered":"https:\/\/ritosa.click.si\/?post_type=product&#038;p=9036"},"modified":"2025-09-03T15:43:45","modified_gmt":"2025-09-03T13:43:45","slug":"skiro-roces-100mm-blast","status":"publish","type":"product","link":"https:\/\/ritosa.click.si\/hr\/ducan\/skiroji\/freestyle-skiroji\/skiro-roces-100mm-blast\/","title":{"rendered":"Romobil Roces 100mm BLAST"},"content":{"rendered":"<p>Roces Blast je visokokvalitetni romobil za izvo\u0111enje akrobacija. Romobil je torzijski stabilan i opremljen je protukliznom trakom za dobro prianjanje stopala na postolju. \u0160asija je izra\u0111ena od izdr\u017eljivog aluminija. Romobil karakteriziraju visokokvalitetni ABEC 7 le\u017eajevi, kota\u010di od 100 mm i ru\u010dke izra\u0111ene od TPR gume.<\/p>\n<p>Zna\u010dajke:<\/p>\n<ul>\n<li><strong>boja:<\/strong>\u00a0crno-siva<\/li>\n<li><strong>kota\u010di:<\/strong>\u00a0100 mm<\/li>\n<li><strong>le\u017eajevi:<\/strong>\u00a0ABEC 7 krom<\/li>\n<li><strong>T-\u0161ipka:<\/strong>\u00a057\u00d743 cm<\/li>\n<li><strong>maksimalno optere\u0107enje:<\/strong> 80 kg<\/li>\n<\/ul>\n<p><strong>Upozorenje!<\/strong>\u00a0Prilikom kori\u0161tenja potrebno je nositi za\u0161titnu opremu (kacigu, \u0161titnike, rukavice).<br \/>\n\u2013 Proizvod je igra\u010dka i nije namijenjen za kori\u0161tenje u javnom prijevozu jer nije prilago\u0111en za javni prijevoz.<br \/>\n<strong>Upozorenje!<\/strong> Proizvod ne smiju koristiti djeca mla\u0111a od 36 mjeseci jer sadr\u017ei sitne dijelove i mo\u017ee predstavljati opasnost od gu\u0161enja.<\/p>","protected":false},"excerpt":{"rendered":"<p>Roces Blast romobil je kvalitetan skuter za izvo\u0111enje akrobacija.<\/p>","protected":false},"featured_media":9037,"template":"","meta":{"_acf_changed":false,"inline_featured_image":false,"_monsterinsights_skip_tracking":false,"_monsterinsights_sitenote_active":false,"_monsterinsights_sitenote_note":"","_monsterinsights_sitenote_category":0},"product_brand":[684],"product_cat":[652,495],"product_tag":[1380,1382,1381],"class_list":{"0":"post-9036","1":"product","2":"type-product","3":"status-publish","4":"has-post-thumbnail","6":"product_brand-roces","7":"product_cat-freestyle-skiroji","8":"product_cat-skiroji","9":"product_tag-skiro-roces","10":"product_tag-skiro-roces-za-izvajanje-akrobacij","11":"product_tag-skiro-roces-za-trike","13":"first","14":"instock","15":"sale","16":"taxable","17":"shipping-taxable","18":"purchasable","19":"product-type-simple"},"acf":[],"aioseo_notices":[],"_links":{"self":[{"href":"https:\/\/ritosa.click.si\/hr\/wp-json\/wp\/v2\/product\/9036","targetHints":{"allow":["GET"]}}],"collection":[{"href":"https:\/\/ritosa.click.si\/hr\/wp-json\/wp\/v2\/product"}],"about":[{"href":"https:\/\/ritosa.click.si\/hr\/wp-json\/wp\/v2\/types\/product"}],"wp:featuredmedia":[{"embeddable":true,"href":"https:\/\/ritosa.click.si\/hr\/wp-json\/wp\/v2\/media\/9037"}],"wp:attachment":[{"href":"https:\/\/ritosa.click.si\/hr\/wp-json\/wp\/v2\/media?parent=9036"}],"wp:term":[{"taxonomy":"product_brand","embeddable":true,"href":"https:\/\/ritosa.click.si\/hr\/wp-json\/wp\/v2\/product_brand?post=9036"},{"taxonomy":"product_cat","embeddable":true,"href":"https:\/\/ritosa.click.si\/hr\/wp-json\/wp\/v2\/product_cat?post=9036"},{"taxonomy":"product_tag","embeddable":true,"href":"https:\/\/ritosa.click.si\/hr\/wp-json\/wp\/v2\/product_tag?post=9036"}],"curies":[{"name":"radni list","href":"https:\/\/api.w.org\/{rel}","templated":true}]}}